{"id":2065,"date":"2026-04-30T13:48:39","date_gmt":"2026-04-30T13:48:39","guid":{"rendered":"https:\/\/www.expliquesonge.fr\/?page_id=2065"},"modified":"2026-04-30T13:48:39","modified_gmt":"2026-04-30T13:48:39","slug":"scenographie-et-costumes","status":"publish","type":"page","link":"https:\/\/www.expliquesonge.fr\/?page_id=2065","title":{"rendered":"Sc\u00e9nographie et costumes"},"content":{"rendered":"\n<p><br><strong>Charlotte Villermet <\/strong>pour la sc\u00e9nographie et les costumes de DE LA NUIT A L&rsquo;AUBE et AINSI VONT LES CERISES, la sc\u00e9nographie de L&rsquo;ECHANGE et PACAMAMBO<\/p>\n\n\n\n<p><strong>Val\u00e9rie Castel Jordy<\/strong> pour la sc\u00e9nographie de LA TRAVERSEE DU AZHAR et AU COEUR DES CENDRES avec les conseils de Charlotte Villermet<\/p>\n\n\n\n<p><strong>Aude Desigaux <\/strong>pour les costumes de AU COEUR DES CENDRES<\/p>\n\n\n\n<p><strong>Ang\u00e9lique Calfati<\/strong> pour les costumes de L&rsquo;ECHANGE, PACAMAMBO et LE CHANT DU DIRE-DIRE<\/p>\n\n\n\n<p><strong>Damien Rivalland<\/strong> pour la sc\u00e9nographie du CHANT DU DIRE-DIRE<\/p>\n","protected":false},"excerpt":{"rendered":"<p>Charlotte Villermet pour la sc\u00e9nographie et les costumes de DE LA NUIT A L&rsquo;AUBE et AINSI VONT LES CERISES, la sc\u00e9nographie de L&rsquo;ECHANGE et PACAMAMBO Val\u00e9rie Castel Jordy pour la sc\u00e9nographie de LA TRAVERSEE DU AZHAR et AU COEUR DES &hellip; <a href=\"https:\/\/www.expliquesonge.fr\/?page_id=2065\">Continuer la lecture <span class=\"meta-nav\">&rarr;<\/span><\/a><\/p>\n","protected":false},"author":4,"featured_media":0,"parent":0,"menu_order":0,"comment_status":"closed","ping_status":"closed","template":"","meta":{"ngg_post_thumbnail":0,"footnotes":""},"class_list":["post-2065","page","type-page","status-publish","hentry"],"_links":{"self":[{"href":"https:\/\/www.expliquesonge.fr\/index.php?rest_route=\/wp\/v2\/pages\/2065","targetHints":{"allow":["GET"]}}],"collection":[{"href":"https:\/\/www.expliquesonge.fr\/index.php?rest_route=\/wp\/v2\/pages"}],"about":[{"href":"https:\/\/www.expliquesonge.fr\/index.php?rest_route=\/wp\/v2\/types\/page"}],"author":[{"embeddable":true,"href":"https:\/\/www.expliquesonge.fr\/index.php?rest_route=\/wp\/v2\/users\/4"}],"replies":[{"embeddable":true,"href":"https:\/\/www.expliquesonge.fr\/index.php?rest_route=%2Fwp%2Fv2%2Fcomments&post=2065"}],"version-history":[{"count":1,"href":"https:\/\/www.expliquesonge.fr\/index.php?rest_route=\/wp\/v2\/pages\/2065\/revisions"}],"predecessor-version":[{"id":2066,"href":"https:\/\/www.expliquesonge.fr\/index.php?rest_route=\/wp\/v2\/pages\/2065\/revisions\/2066"}],"wp:attachment":[{"href":"https:\/\/www.expliquesonge.fr\/index.php?rest_route=%2Fwp%2Fv2%2Fmedia&parent=2065"}],"curies":[{"name":"wp","href":"https:\/\/api.w.org\/{rel}","templated":true}]}}