{"id":2036,"date":"2026-04-30T12:26:32","date_gmt":"2026-04-30T12:26:32","guid":{"rendered":"https:\/\/www.expliquesonge.fr\/?page_id=2036"},"modified":"2026-04-30T13:57:22","modified_gmt":"2026-04-30T13:57:22","slug":"interpretes","status":"publish","type":"page","link":"https:\/\/www.expliquesonge.fr\/?page_id=2036","title":{"rendered":"Interpr\u00e8tes"},"content":{"rendered":"\n<p><strong>Ils et elles ont jou\u00e9 au sein de L&rsquo;Explique-Songe<\/strong><\/p>\n\n\n\n<p><strong>DE LA NUIT A L&rsquo;AUBE<\/strong><\/p>\n\n\n\n<p>\u00c9lise Berthelier, Steven Dagrou, S\u00e9bastien Dalloni, Saboor Sahak, Marina Salehzada<\/p>\n\n\n\n<p><strong>AU COEUR DES CENDRES<\/strong><\/p>\n\n\n\n<p>Val\u00e9rie Alane, Yannis Baraban, Julie Castel Jordy, Pierre-Alain Chapuis, Armand Eloi, Tara Guyard, Anne Le Guernec, Julien Lot, Matthieu Marie, Juliette Rizoud<\/p>\n\n\n\n<p><strong>LA TRAVERSEE DU AZHAR<\/strong><\/p>\n\n\n\n<p>Simon Bonnel, Jehanguir Byramjee, Emilie Cazenave, St\u00e9phane Delbass\u00e9, Isabelle Gardien, Claire Mirande, Eric Nesci<\/p>\n\n\n\n<p><strong>AINSI VONT LES CERISES<\/strong><\/p>\n\n\n\n<p>Val\u00e9rie Castel Jordy, V\u00e9ronic Joly, St\u00e9phanie Liesenfeld<\/p>\n\n\n\n<p><strong>PACAMAMBO<\/strong><\/p>\n\n\n\n<p>Aur\u00e9lie Babled, Claire Galopin, St\u00e9phane Delbass\u00e9, Anne Lefol, Hugues Martel, Rafa\u00e8le Minnaert, St\u00e9phane Miquel, Vincent Rouqu\u00e8s, Jonathan Salmon, Catherine Salviat<\/p>\n\n\n\n<p><strong>L&rsquo;ECHANGE<\/strong><\/p>\n\n\n\n<p>Emilie Cazenave, Pierre Deverines, Isabelle Gardien, Hugues Martel, Yan Tassin<\/p>\n\n\n\n<p><strong>PLING<\/strong><\/p>\n\n\n\n<p>Emilie Cazenave, Pierre-Michel Dudan<\/p>\n\n\n\n<p><strong>LE CHANT DU DIRE-DIRE<\/strong><\/p>\n\n\n\n<p>Gwendal Anglade, Aur\u00e9lie Babled, Sidney Ali Mehelleb, Frank Michaux, Eric Nesci<\/p>\n","protected":false},"excerpt":{"rendered":"<p>Ils et elles ont jou\u00e9 au sein de L&rsquo;Explique-Songe DE LA NUIT A L&rsquo;AUBE \u00c9lise Berthelier, Steven Dagrou, S\u00e9bastien Dalloni, Saboor Sahak, Marina Salehzada AU COEUR DES CENDRES Val\u00e9rie Alane, Yannis Baraban, Julie Castel Jordy, Pierre-Alain Chapuis, Armand Eloi, Tara &hellip; <a href=\"https:\/\/www.expliquesonge.fr\/?page_id=2036\">Continuer la lecture <span class=\"meta-nav\">&rarr;<\/span><\/a><\/p>\n","protected":false},"author":4,"featured_media":0,"parent":0,"menu_order":0,"comment_status":"closed","ping_status":"closed","template":"","meta":{"ngg_post_thumbnail":0,"footnotes":""},"class_list":["post-2036","page","type-page","status-publish","hentry"],"_links":{"self":[{"href":"https:\/\/www.expliquesonge.fr\/index.php?rest_route=\/wp\/v2\/pages\/2036","targetHints":{"allow":["GET"]}}],"collection":[{"href":"https:\/\/www.expliquesonge.fr\/index.php?rest_route=\/wp\/v2\/pages"}],"about":[{"href":"https:\/\/www.expliquesonge.fr\/index.php?rest_route=\/wp\/v2\/types\/page"}],"author":[{"embeddable":true,"href":"https:\/\/www.expliquesonge.fr\/index.php?rest_route=\/wp\/v2\/users\/4"}],"replies":[{"embeddable":true,"href":"https:\/\/www.expliquesonge.fr\/index.php?rest_route=%2Fwp%2Fv2%2Fcomments&post=2036"}],"version-history":[{"count":2,"href":"https:\/\/www.expliquesonge.fr\/index.php?rest_route=\/wp\/v2\/pages\/2036\/revisions"}],"predecessor-version":[{"id":2075,"href":"https:\/\/www.expliquesonge.fr\/index.php?rest_route=\/wp\/v2\/pages\/2036\/revisions\/2075"}],"wp:attachment":[{"href":"https:\/\/www.expliquesonge.fr\/index.php?rest_route=%2Fwp%2Fv2%2Fmedia&parent=2036"}],"curies":[{"name":"wp","href":"https:\/\/api.w.org\/{rel}","templated":true}]}}