{"id":2027,"date":"2026-04-29T18:03:52","date_gmt":"2026-04-29T18:03:52","guid":{"rendered":"https:\/\/www.expliquesonge.fr\/?page_id=2027"},"modified":"2026-04-29T18:03:52","modified_gmt":"2026-04-29T18:03:52","slug":"note-dintention","status":"publish","type":"page","link":"https:\/\/www.expliquesonge.fr\/?page_id=2027","title":{"rendered":"Note d&rsquo;intention"},"content":{"rendered":"\n<p>Le point central de ma pi\u00e8ce <em>De la nuit \u00e0 l&rsquo;aube <\/em>est contenu dans son titre. Il s&rsquo;agit du basculement d&rsquo;un \u00e9tat \u00e0 un autre, d&rsquo;une r\u00e9alit\u00e9 \u00e0 une autre, comme la nuit bascule dans l&rsquo;aurore. Les personnages de cette histoire vont basculer en se rencontrant et sans s&rsquo;en rendre compte. Rien de spectaculaire en apparence et pourtant des mutations profondes vont s&rsquo;op\u00e9rer en eux. L&rsquo;alt\u00e9rit\u00e9 va r\u00e9v\u00e9ler ce qui dormait en eux et attendait d&rsquo;\u00eatre r\u00e9veill\u00e9.<\/p>\n\n\n\n<p>Plusieurs th\u00e9matiques ch\u00e8res \u00e0 mon univers d&rsquo;autrice-metteuse en sc\u00e8ne s&rsquo;entrem\u00ealent dans cette pi\u00e8ce chorale qui unit diff\u00e9rents destins. L&rsquo;exil d&rsquo;Hasan qui a quitt\u00e9 l&rsquo;Afghanistan met en lumi\u00e8re celui des autres, le d\u00e9racinement de Gabriel loin de Mayotte, la nostalgie de Violette pour sa ville de Toulouse, l&rsquo;errance affective de Kenza et l&rsquo;errance professionnelle de Mychkine, sans cesse sur les routes. Ils sont comme des iceberg qui flottent sur la banquise et au gr\u00e9 des courants vont finir par trouver une \u00eele.<\/p>\n\n\n\n<p>Un des visages de l&rsquo;\u00eele est la naissance de l&rsquo;amour. Entre Kenza et Mychkine, c&rsquo;est l&rsquo;histoire d&rsquo;un soir. Et pourtant, un couple va na\u00eetre contre toute attente. Le d\u00e9sir qui les traverse deviendra \u00e9lan pour s&rsquo;engager. Hasan l&rsquo;Afghan va \u00e9veiller les r\u00eaves endormis de Violette, sensualit\u00e9 rentr\u00e9e qui se met \u00e0 danser. M\u00eame Gabriel ne restera pas indiff\u00e9rent au charme de cet homme au c\u0153ur bris\u00e9. Et Hasan tra\u00eene sa pierre comme Sisyphe, cette pierre sur son c\u0153ur de son amour perdu dans les d\u00e9combres de Kaboul.<\/p>\n\n\n\n<p>La musique est ce qui le tient debout comme pour Violette. Elle donne sa vie pour son art, elle s&rsquo;y consume. Mais il manque quelque chose, toujours. Elle est en qu\u00eate d&rsquo;une r\u00e9alisation qui tarde \u00e0 venir. \u00c7a marche pour elle, c&rsquo;est s\u00fbr, mais pas comme elle le voudrait, pas avec le rayonnement qu&rsquo;elle esp\u00e8re. Avec son groupe, elle peine \u00e0 terminer leur nouvel album. Et l&rsquo;inattendu viendra, in extremis, comme les premiers rayons de l&rsquo;aube.<\/p>\n\n\n\n<p>Des gestes d&rsquo;entraide s&rsquo;expriment dans l&rsquo;encha\u00eenement des impr\u00e9vus. Une nuit pass\u00e9e dans le studio de musique o\u00f9 Violette est sortie le dos en vrac va donner l&rsquo;id\u00e9e \u00e0 Gabriel d&rsquo;un asile pour Hasan. Les brindilles seront des instruments de musique autour desquels Hasan va faire son nid pour quelques nuits et trouver enfin le repos apr\u00e8s tant de kilom\u00e8tres parcourus. Le petit gars de Mayotte offre \u00e0 Hasan ce que tant de portes lui ont refus\u00e9.<\/p>\n\n\n\n<p>Le studio de musique est le lieu central de la pi\u00e8ce, un espace clos et feutr\u00e9 propice \u00e0 la gestation et \u00e0 l&rsquo;expression des convictions les plus profondes. Il est comme un for int\u00e9rieur o\u00f9 il est bon de se laisser aller, un lieu o\u00f9 tous les possibles se d\u00e9voilent.<\/p>\n\n\n\n<p>L&rsquo;automne avec ses feuilles tomb\u00e9es des arbres est la saison que j&rsquo;ai choisie pour accompagner la trajectoire des personnages. Le Nord de la France en est le d\u00e9cor. Les sc\u00e8nes ont lieu le soir, la nuit, \u00e0 l&rsquo;aube, durant un mois. C&rsquo;est une pi\u00e8ce paysage qui donne \u00e0 voir, par touches successives, les paysages int\u00e9rieurs de ces hommes et de ces femmes qui vont se croiser, s&rsquo;attirer, s&rsquo;entraider, se toucher. Elle tient en haleine parce que l&rsquo;on ne sait pas ce que l&rsquo;on va trouver au d\u00e9tour des sentiers, au virage des sentiments, \u00e0 l&rsquo;aune d&rsquo;un jour nouveau.<\/p>\n","protected":false},"excerpt":{"rendered":"<p>Le point central de ma pi\u00e8ce De la nuit \u00e0 l&rsquo;aube est contenu dans son titre. Il s&rsquo;agit du basculement d&rsquo;un \u00e9tat \u00e0 un autre, d&rsquo;une r\u00e9alit\u00e9 \u00e0 une autre, comme la nuit bascule dans l&rsquo;aurore. Les personnages de cette &hellip; <a href=\"https:\/\/www.expliquesonge.fr\/?page_id=2027\">Continuer la lecture <span class=\"meta-nav\">&rarr;<\/span><\/a><\/p>\n","protected":false},"author":4,"featured_media":0,"parent":0,"menu_order":0,"comment_status":"closed","ping_status":"closed","template":"","meta":{"ngg_post_thumbnail":0,"footnotes":""},"class_list":["post-2027","page","type-page","status-publish","hentry"],"_links":{"self":[{"href":"https:\/\/www.expliquesonge.fr\/index.php?rest_route=\/wp\/v2\/pages\/2027","targetHints":{"allow":["GET"]}}],"collection":[{"href":"https:\/\/www.expliquesonge.fr\/index.php?rest_route=\/wp\/v2\/pages"}],"about":[{"href":"https:\/\/www.expliquesonge.fr\/index.php?rest_route=\/wp\/v2\/types\/page"}],"author":[{"embeddable":true,"href":"https:\/\/www.expliquesonge.fr\/index.php?rest_route=\/wp\/v2\/users\/4"}],"replies":[{"embeddable":true,"href":"https:\/\/www.expliquesonge.fr\/index.php?rest_route=%2Fwp%2Fv2%2Fcomments&post=2027"}],"version-history":[{"count":1,"href":"https:\/\/www.expliquesonge.fr\/index.php?rest_route=\/wp\/v2\/pages\/2027\/revisions"}],"predecessor-version":[{"id":2028,"href":"https:\/\/www.expliquesonge.fr\/index.php?rest_route=\/wp\/v2\/pages\/2027\/revisions\/2028"}],"wp:attachment":[{"href":"https:\/\/www.expliquesonge.fr\/index.php?rest_route=%2Fwp%2Fv2%2Fmedia&parent=2027"}],"curies":[{"name":"wp","href":"https:\/\/api.w.org\/{rel}","templated":true}]}}