{"id":2024,"date":"2026-04-29T17:41:19","date_gmt":"2026-04-29T17:41:19","guid":{"rendered":"https:\/\/www.expliquesonge.fr\/?page_id=2024"},"modified":"2026-04-29T17:41:19","modified_gmt":"2026-04-29T17:41:19","slug":"synopsis-3","status":"publish","type":"page","link":"https:\/\/www.expliquesonge.fr\/?page_id=2024","title":{"rendered":"Synopsis"},"content":{"rendered":"\n<p>Hasan, chanteur et musicien, a d\u00fb fuir l&rsquo;Afghanistan et erre sur les routes du Nord de la France. Un soir, il croise Violette au moment o\u00f9 elle rentre chez elle. Il cherche un abri pour la nuit. Elle lui donne un peu d&rsquo;argent et lui indique l&rsquo;h\u00f4tel le plus proche. Kenza, l&rsquo;amie de Violette y passe la nuit en compagnie de Mychkine, commercial qu&rsquo;elle vient de rencontrer en discoth\u00e8que. Quelques jours plus tard, apr\u00e8s une s\u00e9ance d&rsquo;enregistrement avec son groupe, Violette se retrouve enferm\u00e9e dans le studio de musique et y passe la nuit. Gabriel, venu de Mayotte, la retrouve l\u00e0 t\u00f4t le matin alors qu&rsquo;il venait faire le m\u00e9nage. L&rsquo;inattendu va croiser la trajectoire de ces hommes et de ces femmes et des liens vont se cr\u00e9er entre eux alors que rien ne les destinait \u00e0 se conna\u00eetre. Le soir, la nuit, \u00e0 l&rsquo;aube, leurs vies vont basculer dans les clairs-obscurs du d\u00e9sir, de l&rsquo;instinct de survie et des pulsions cr\u00e9atrices.<\/p>\n","protected":false},"excerpt":{"rendered":"<p>Hasan, chanteur et musicien, a d\u00fb fuir l&rsquo;Afghanistan et erre sur les routes du Nord de la France. Un soir, il croise Violette au moment o\u00f9 elle rentre chez elle. Il cherche un abri pour la nuit. Elle lui donne &hellip; <a href=\"https:\/\/www.expliquesonge.fr\/?page_id=2024\">Continuer la lecture <span class=\"meta-nav\">&rarr;<\/span><\/a><\/p>\n","protected":false},"author":4,"featured_media":0,"parent":0,"menu_order":0,"comment_status":"closed","ping_status":"closed","template":"","meta":{"ngg_post_thumbnail":0,"footnotes":""},"class_list":["post-2024","page","type-page","status-publish","hentry"],"_links":{"self":[{"href":"https:\/\/www.expliquesonge.fr\/index.php?rest_route=\/wp\/v2\/pages\/2024","targetHints":{"allow":["GET"]}}],"collection":[{"href":"https:\/\/www.expliquesonge.fr\/index.php?rest_route=\/wp\/v2\/pages"}],"about":[{"href":"https:\/\/www.expliquesonge.fr\/index.php?rest_route=\/wp\/v2\/types\/page"}],"author":[{"embeddable":true,"href":"https:\/\/www.expliquesonge.fr\/index.php?rest_route=\/wp\/v2\/users\/4"}],"replies":[{"embeddable":true,"href":"https:\/\/www.expliquesonge.fr\/index.php?rest_route=%2Fwp%2Fv2%2Fcomments&post=2024"}],"version-history":[{"count":1,"href":"https:\/\/www.expliquesonge.fr\/index.php?rest_route=\/wp\/v2\/pages\/2024\/revisions"}],"predecessor-version":[{"id":2025,"href":"https:\/\/www.expliquesonge.fr\/index.php?rest_route=\/wp\/v2\/pages\/2024\/revisions\/2025"}],"wp:attachment":[{"href":"https:\/\/www.expliquesonge.fr\/index.php?rest_route=%2Fwp%2Fv2%2Fmedia&parent=2024"}],"curies":[{"name":"wp","href":"https:\/\/api.w.org\/{rel}","templated":true}]}}