{"id":1992,"date":"2026-04-29T16:25:17","date_gmt":"2026-04-29T16:25:17","guid":{"rendered":"https:\/\/www.expliquesonge.fr\/?page_id=1992"},"modified":"2026-04-29T16:54:02","modified_gmt":"2026-04-29T16:54:02","slug":"saison-2023-2024","status":"publish","type":"page","link":"https:\/\/www.expliquesonge.fr\/?page_id=1992","title":{"rendered":"Saison 2023-2024"},"content":{"rendered":"\n<p><strong>AU COEUR DES CENDRES<\/strong><br><strong>Texte : Etty Hillesum et Val\u00e9rie Castel Jordy<\/strong><\/p>\n\n\n\n<p>19 octobre \u00e0 14h30 et \u00e0 19h30 au <strong>Th\u00e9\u00e2tre du Lyc\u00e9e Franklin \u00e0 Paris<\/strong><\/p>\n\n\n\n<p>22 novembre \u00e0 14h15&nbsp;au <strong>Th\u00e9\u00e2tre de l&rsquo;Opprim\u00e9 \u00e0 Paris<\/strong><\/p>\n\n\n\n<p>Participation aux Rencontres artistiques professionnelles d&rsquo;Ile-de-France, Sc\u00e8nes sur Seine (maquette de 20 minutes)<\/p>\n\n\n\n<p>12 d\u00e9cembre \u00e0 13h30 et \u00e0 20h au <strong>Th\u00e9\u00e2tre du Lyc\u00e9e Saint Joseph de Reims<\/strong><\/p>\n\n\n\n<p>28 mai \u00e0 20h30 au <strong>Th\u00e9\u00e2tre du<\/strong> <strong>Lyc\u00e9e Ginette de Versailles<\/strong><\/p>\n\n\n\n<p><strong>DE LA NUIT A L&rsquo;AUBE<\/strong><br><strong>Texte : Val\u00e9rie Castel Jordy<\/strong><\/p>\n\n\n\n<p>Pr\u00e9sentation de la pi\u00e8ce avec une lecture d&rsquo;extraits :<\/p>\n\n\n\n<p>9 juillet \u00e0 16h30 au <strong>Festival d&rsquo;Avignon en collaboration avec la SACD<\/strong><\/p>\n\n\n\n<p><strong>Au <\/strong><strong>Conservatoire du Grand Avignon Olivier Messiaen<\/strong><\/p>\n\n\n\n<p><\/p>\n","protected":false},"excerpt":{"rendered":"<p>AU COEUR DES CENDRESTexte : Etty Hillesum et Val\u00e9rie Castel Jordy 19 octobre \u00e0 14h30 et \u00e0 19h30 au Th\u00e9\u00e2tre du Lyc\u00e9e Franklin \u00e0 Paris 22 novembre \u00e0 14h15&nbsp;au Th\u00e9\u00e2tre de l&rsquo;Opprim\u00e9 \u00e0 Paris Participation aux Rencontres artistiques professionnelles d&rsquo;Ile-de-France, &hellip; <a href=\"https:\/\/www.expliquesonge.fr\/?page_id=1992\">Continuer la lecture <span class=\"meta-nav\">&rarr;<\/span><\/a><\/p>\n","protected":false},"author":4,"featured_media":0,"parent":0,"menu_order":0,"comment_status":"closed","ping_status":"closed","template":"","meta":{"ngg_post_thumbnail":0,"footnotes":""},"class_list":["post-1992","page","type-page","status-publish","hentry"],"_links":{"self":[{"href":"https:\/\/www.expliquesonge.fr\/index.php?rest_route=\/wp\/v2\/pages\/1992","targetHints":{"allow":["GET"]}}],"collection":[{"href":"https:\/\/www.expliquesonge.fr\/index.php?rest_route=\/wp\/v2\/pages"}],"about":[{"href":"https:\/\/www.expliquesonge.fr\/index.php?rest_route=\/wp\/v2\/types\/page"}],"author":[{"embeddable":true,"href":"https:\/\/www.expliquesonge.fr\/index.php?rest_route=\/wp\/v2\/users\/4"}],"replies":[{"embeddable":true,"href":"https:\/\/www.expliquesonge.fr\/index.php?rest_route=%2Fwp%2Fv2%2Fcomments&post=1992"}],"version-history":[{"count":2,"href":"https:\/\/www.expliquesonge.fr\/index.php?rest_route=\/wp\/v2\/pages\/1992\/revisions"}],"predecessor-version":[{"id":2006,"href":"https:\/\/www.expliquesonge.fr\/index.php?rest_route=\/wp\/v2\/pages\/1992\/revisions\/2006"}],"wp:attachment":[{"href":"https:\/\/www.expliquesonge.fr\/index.php?rest_route=%2Fwp%2Fv2%2Fmedia&parent=1992"}],"curies":[{"name":"wp","href":"https:\/\/api.w.org\/{rel}","templated":true}]}}