{"id":1989,"date":"2026-04-29T16:15:40","date_gmt":"2026-04-29T16:15:40","guid":{"rendered":"https:\/\/www.expliquesonge.fr\/?page_id=1989"},"modified":"2026-04-29T16:34:11","modified_gmt":"2026-04-29T16:34:11","slug":"saison-2022-2023","status":"publish","type":"page","link":"https:\/\/www.expliquesonge.fr\/?page_id=1989","title":{"rendered":"Saison 2022-2023"},"content":{"rendered":"\n<p><strong>AU COEUR DES CENDRES<\/strong><br><strong>Texte : Etty Hillesum et Val\u00e9rie Castel Jordy<\/strong><br><br>20 et 21 mars<br><br>Dans le cadre des \u00ab\u00a0Levers de rideau\u00a0\u00bb, Journ\u00e9es professionnelles de spectacles vivants <br>\u00e0 <strong>La Machinerie, Th\u00e9\u00e2tre de V\u00e9nissieux<\/strong><\/p>\n\n\n\n<p><\/p>\n","protected":false},"excerpt":{"rendered":"<p>AU COEUR DES CENDRESTexte : Etty Hillesum et Val\u00e9rie Castel Jordy 20 et 21 mars Dans le cadre des \u00ab\u00a0Levers de rideau\u00a0\u00bb, Journ\u00e9es professionnelles de spectacles vivants \u00e0 La Machinerie, Th\u00e9\u00e2tre de V\u00e9nissieux<\/p>\n","protected":false},"author":4,"featured_media":0,"parent":0,"menu_order":0,"comment_status":"closed","ping_status":"closed","template":"","meta":{"ngg_post_thumbnail":0,"footnotes":""},"class_list":["post-1989","page","type-page","status-publish","hentry"],"_links":{"self":[{"href":"https:\/\/www.expliquesonge.fr\/index.php?rest_route=\/wp\/v2\/pages\/1989","targetHints":{"allow":["GET"]}}],"collection":[{"href":"https:\/\/www.expliquesonge.fr\/index.php?rest_route=\/wp\/v2\/pages"}],"about":[{"href":"https:\/\/www.expliquesonge.fr\/index.php?rest_route=\/wp\/v2\/types\/page"}],"author":[{"embeddable":true,"href":"https:\/\/www.expliquesonge.fr\/index.php?rest_route=\/wp\/v2\/users\/4"}],"replies":[{"embeddable":true,"href":"https:\/\/www.expliquesonge.fr\/index.php?rest_route=%2Fwp%2Fv2%2Fcomments&post=1989"}],"version-history":[{"count":3,"href":"https:\/\/www.expliquesonge.fr\/index.php?rest_route=\/wp\/v2\/pages\/1989\/revisions"}],"predecessor-version":[{"id":1999,"href":"https:\/\/www.expliquesonge.fr\/index.php?rest_route=\/wp\/v2\/pages\/1989\/revisions\/1999"}],"wp:attachment":[{"href":"https:\/\/www.expliquesonge.fr\/index.php?rest_route=%2Fwp%2Fv2%2Fmedia&parent=1989"}],"curies":[{"name":"wp","href":"https:\/\/api.w.org\/{rel}","templated":true}]}}