{"id":838,"date":"2012-03-24T22:59:45","date_gmt":"2012-03-24T22:59:45","guid":{"rendered":"http:\/\/www.expliquesonge.fr\/?page_id=838"},"modified":"2012-03-24T23:08:44","modified_gmt":"2012-03-24T23:08:44","slug":"saison-2010-2011","status":"publish","type":"page","link":"http:\/\/www.expliquesonge.fr\/?page_id=838","title":{"rendered":"Saison 2010-2011"},"content":{"rendered":"<p>\u00a0<strong><em>L&rsquo;Echange<\/em> de Paul Claudel<\/strong><\/p>\n<p><strong>du 29 avril au 7 mai \u00e0 20h30, scolaires le 3 et 6 mai \u00e0 14h30, <\/strong><strong>rel\u00e2che le mercredi<br \/>\n<\/strong>Cr\u00e9ation au Th\u00e9\u00e2tre de Ch\u00e2tillon<\/p>\n<p><strong><em><\/em><\/strong>\u00a0<\/p>\n<p><strong><em>Pacamambo<\/em> de Wajdi Mouawad\u00a0<\/strong><\/p>\n<p><strong>du 14 au 18 f\u00e9vrier<br \/>\n<\/strong>R\u00e9sidence \u00e0 l&rsquo;Espace Culturel Boris Vian des Ulis<br \/>\nPr\u00e9sentation publique des 5 premi\u00e8res sc\u00e8nes le 18 f\u00e9vrier \u00e0 11h<\/p>\n<p align=\"justify\"><strong>le 9 mars \u00e0 15h<br \/>\n<\/strong>Pr\u00e9sentation publique des 5 premi\u00e8res sc\u00e8nes au Th\u00e9\u00e2tre des Sources de Fontenay-aux-Roses<\/p>\n","protected":false},"excerpt":{"rendered":"<p>\u00a0L&rsquo;Echange de Paul Claudel du 29 avril au 7 mai \u00e0 20h30, scolaires le 3 et 6 mai \u00e0 14h30, rel\u00e2che le mercredi Cr\u00e9ation au Th\u00e9\u00e2tre de Ch\u00e2tillon \u00a0 Pacamambo de Wajdi Mouawad\u00a0 du 14 au 18 f\u00e9vrier R\u00e9sidence \u00e0 &hellip; <a href=\"http:\/\/www.expliquesonge.fr\/?page_id=838\">Continuer la lecture <span class=\"meta-nav\">&rarr;<\/span><\/a><\/p>\n","protected":false},"author":7,"featured_media":0,"parent":269,"menu_order":0,"comment_status":"open","ping_status":"open","template":"","meta":{"ngg_post_thumbnail":0,"footnotes":""},"class_list":["post-838","page","type-page","status-publish","hentry"],"_links":{"self":[{"href":"http:\/\/www.expliquesonge.fr\/index.php?rest_route=\/wp\/v2\/pages\/838","targetHints":{"allow":["GET"]}}],"collection":[{"href":"http:\/\/www.expliquesonge.fr\/index.php?rest_route=\/wp\/v2\/pages"}],"about":[{"href":"http:\/\/www.expliquesonge.fr\/index.php?rest_route=\/wp\/v2\/types\/page"}],"author":[{"embeddable":true,"href":"http:\/\/www.expliquesonge.fr\/index.php?rest_route=\/wp\/v2\/users\/7"}],"replies":[{"embeddable":true,"href":"http:\/\/www.expliquesonge.fr\/index.php?rest_route=%2Fwp%2Fv2%2Fcomments&post=838"}],"version-history":[{"count":3,"href":"http:\/\/www.expliquesonge.fr\/index.php?rest_route=\/wp\/v2\/pages\/838\/revisions"}],"predecessor-version":[{"id":840,"href":"http:\/\/www.expliquesonge.fr\/index.php?rest_route=\/wp\/v2\/pages\/838\/revisions\/840"}],"up":[{"embeddable":true,"href":"http:\/\/www.expliquesonge.fr\/index.php?rest_route=\/wp\/v2\/pages\/269"}],"wp:attachment":[{"href":"http:\/\/www.expliquesonge.fr\/index.php?rest_route=%2Fwp%2Fv2%2Fmedia&parent=838"}],"curies":[{"name":"wp","href":"https:\/\/api.w.org\/{rel}","templated":true}]}}