{"id":836,"date":"2012-03-24T22:55:57","date_gmt":"2012-03-24T22:55:57","guid":{"rendered":"http:\/\/www.expliquesonge.fr\/?page_id=836"},"modified":"2012-03-24T22:55:57","modified_gmt":"2012-03-24T22:55:57","slug":"saison-2009-2010","status":"publish","type":"page","link":"http:\/\/www.expliquesonge.fr\/?page_id=836","title":{"rendered":"Saison 2009-2010"},"content":{"rendered":"<p><strong><em>Pling<\/em> de Nathalie Fillion<\/strong><\/p>\n<p><strong>le 23 janvier \u00e0 15h30<br \/>\n<\/strong>M\u00e9diath\u00e8que d&rsquo;Asni\u00e8res-sur-Seine<\/p>\n<p><strong>les 18 \u00e0 14h30 et 19 f\u00e9vrier \u00e0 14h30 et 20h30<br \/>\n<\/strong>au Th\u00e9\u00e2tre de Ch\u00e2tillon<\/p>\n<p><strong>le 29 mai \u00e0 16h<br \/>\n<\/strong>M\u00e9diath\u00e8que de Questembert<\/p>\n<p><strong><em>L&rsquo;Echange<\/em> de Paul Claudel<\/strong><\/p>\n<p><strong>le 4 juin \u00e0 20h<br \/>\n<\/strong>Pr\u00e9sentation du 1<sup>er<\/sup> acte de L\u2019\u00c9change au Th\u00e9\u00e2tre de Ch\u00e2tillon dans le cadre du d\u00eener-philo autour du th\u00e8me\u00a0: \u00ab\u00a0Tout peut-il s&rsquo;\u00e9changer ?\u00a0\u00bb<\/p>\n<p><strong><em>Pacamambo<\/em> de Wajdi Mouawad\u00a0<\/strong><\/p>\n<p><strong>les 18 \u00e0 15h et 29 mars \u00e0 14h<br \/>\n<\/strong>Lectures de la pi\u00e8ce au Th\u00e9\u00e2tre des Sources de Fontenay-aux-Roses<\/p>\n","protected":false},"excerpt":{"rendered":"<p>Pling de Nathalie Fillion le 23 janvier \u00e0 15h30 M\u00e9diath\u00e8que d&rsquo;Asni\u00e8res-sur-Seine les 18 \u00e0 14h30 et 19 f\u00e9vrier \u00e0 14h30 et 20h30 au Th\u00e9\u00e2tre de Ch\u00e2tillon le 29 mai \u00e0 16h M\u00e9diath\u00e8que de Questembert L&rsquo;Echange de Paul Claudel le 4 &hellip; <a href=\"http:\/\/www.expliquesonge.fr\/?page_id=836\">Continuer la lecture <span class=\"meta-nav\">&rarr;<\/span><\/a><\/p>\n","protected":false},"author":7,"featured_media":0,"parent":269,"menu_order":0,"comment_status":"open","ping_status":"open","template":"","meta":{"ngg_post_thumbnail":0,"footnotes":""},"class_list":["post-836","page","type-page","status-publish","hentry"],"_links":{"self":[{"href":"http:\/\/www.expliquesonge.fr\/index.php?rest_route=\/wp\/v2\/pages\/836","targetHints":{"allow":["GET"]}}],"collection":[{"href":"http:\/\/www.expliquesonge.fr\/index.php?rest_route=\/wp\/v2\/pages"}],"about":[{"href":"http:\/\/www.expliquesonge.fr\/index.php?rest_route=\/wp\/v2\/types\/page"}],"author":[{"embeddable":true,"href":"http:\/\/www.expliquesonge.fr\/index.php?rest_route=\/wp\/v2\/users\/7"}],"replies":[{"embeddable":true,"href":"http:\/\/www.expliquesonge.fr\/index.php?rest_route=%2Fwp%2Fv2%2Fcomments&post=836"}],"version-history":[{"count":1,"href":"http:\/\/www.expliquesonge.fr\/index.php?rest_route=\/wp\/v2\/pages\/836\/revisions"}],"predecessor-version":[{"id":837,"href":"http:\/\/www.expliquesonge.fr\/index.php?rest_route=\/wp\/v2\/pages\/836\/revisions\/837"}],"up":[{"embeddable":true,"href":"http:\/\/www.expliquesonge.fr\/index.php?rest_route=\/wp\/v2\/pages\/269"}],"wp:attachment":[{"href":"http:\/\/www.expliquesonge.fr\/index.php?rest_route=%2Fwp%2Fv2%2Fmedia&parent=836"}],"curies":[{"name":"wp","href":"https:\/\/api.w.org\/{rel}","templated":true}]}}