{"id":833,"date":"2012-03-24T22:50:55","date_gmt":"2012-03-24T22:50:55","guid":{"rendered":"http:\/\/www.expliquesonge.fr\/?page_id=833"},"modified":"2012-03-24T22:51:16","modified_gmt":"2012-03-24T22:51:16","slug":"saison-2008-2009","status":"publish","type":"page","link":"http:\/\/www.expliquesonge.fr\/?page_id=833","title":{"rendered":"Saison 2008-2009"},"content":{"rendered":"<p align=\"left\"><strong><em>Le Chant du Dire Dire<\/em>\u00a0de Daniel Danis<\/strong><\/p>\n<p align=\"left\"><strong>du 18 au 20 novembre \u00e0 20h30<br \/>\n<\/strong>Au Th\u00e9\u00e2tre de Vanves, Sc\u00e8ne conventionn\u00e9e pour la danse<\/p>\n<p align=\"left\">\u00a0<\/p>\n<p align=\"left\"><strong><em>Pling<\/em> de Nathalie Fillion<\/strong><\/p>\n<p align=\"left\"><strong>les 24 \u00e0 14h30 et 25 novembre \u00e0 14h30 et 20h30<br \/>\n<\/strong>A la salle Panop\u00e9e, Th\u00e9\u00e2tre de Vanves, Sc\u00e8ne conventionn\u00e9e pour la danse<\/p>\n<p align=\"left\"><strong>du 17 au 27 ao\u00fbt \u00e0 20h<br \/>\n<\/strong>Tourn\u00e9e Culturelle CCAS EDF-GDF<\/p>\n","protected":false},"excerpt":{"rendered":"<p>Le Chant du Dire Dire\u00a0de Daniel Danis du 18 au 20 novembre \u00e0 20h30 Au Th\u00e9\u00e2tre de Vanves, Sc\u00e8ne conventionn\u00e9e pour la danse \u00a0 Pling de Nathalie Fillion les 24 \u00e0 14h30 et 25 novembre \u00e0 14h30 et 20h30 A &hellip; <a href=\"http:\/\/www.expliquesonge.fr\/?page_id=833\">Continuer la lecture <span class=\"meta-nav\">&rarr;<\/span><\/a><\/p>\n","protected":false},"author":7,"featured_media":0,"parent":269,"menu_order":0,"comment_status":"open","ping_status":"open","template":"","meta":{"ngg_post_thumbnail":0,"footnotes":""},"class_list":["post-833","page","type-page","status-publish","hentry"],"_links":{"self":[{"href":"http:\/\/www.expliquesonge.fr\/index.php?rest_route=\/wp\/v2\/pages\/833","targetHints":{"allow":["GET"]}}],"collection":[{"href":"http:\/\/www.expliquesonge.fr\/index.php?rest_route=\/wp\/v2\/pages"}],"about":[{"href":"http:\/\/www.expliquesonge.fr\/index.php?rest_route=\/wp\/v2\/types\/page"}],"author":[{"embeddable":true,"href":"http:\/\/www.expliquesonge.fr\/index.php?rest_route=\/wp\/v2\/users\/7"}],"replies":[{"embeddable":true,"href":"http:\/\/www.expliquesonge.fr\/index.php?rest_route=%2Fwp%2Fv2%2Fcomments&post=833"}],"version-history":[{"count":2,"href":"http:\/\/www.expliquesonge.fr\/index.php?rest_route=\/wp\/v2\/pages\/833\/revisions"}],"predecessor-version":[{"id":835,"href":"http:\/\/www.expliquesonge.fr\/index.php?rest_route=\/wp\/v2\/pages\/833\/revisions\/835"}],"up":[{"embeddable":true,"href":"http:\/\/www.expliquesonge.fr\/index.php?rest_route=\/wp\/v2\/pages\/269"}],"wp:attachment":[{"href":"http:\/\/www.expliquesonge.fr\/index.php?rest_route=%2Fwp%2Fv2%2Fmedia&parent=833"}],"curies":[{"name":"wp","href":"https:\/\/api.w.org\/{rel}","templated":true}]}}