{"id":831,"date":"2012-03-24T22:47:04","date_gmt":"2012-03-24T22:47:04","guid":{"rendered":"http:\/\/www.expliquesonge.fr\/?page_id=831"},"modified":"2012-03-25T18:11:22","modified_gmt":"2012-03-25T18:11:22","slug":"saison-2007-2008","status":"publish","type":"page","link":"http:\/\/www.expliquesonge.fr\/?page_id=831","title":{"rendered":"Saison 2007-2008"},"content":{"rendered":"<p align=\"left\"><strong><em>Le chant du Dire Dire\u00a0<\/em>de Daniel Danis<\/strong><\/p>\n<p align=\"left\"><strong>Les 29 et 30 janvier \u00e0 20h30<br \/>\n<\/strong>Au Petit t2r, Les Th\u00e9\u00e2tres Charenton-le-Pont \u2013 Saint-Maurice<br \/>\nDans le cadre du Festival \u00ab\u00a0Les Th\u00e9\u00e2trales Charles Dullin, Edition 2008\u00a0\u00bb<\/p>\n<p align=\"left\"><strong>Les 11 et 12 mars \u00e0 20h30<br \/>\n<\/strong>Au Th\u00e9\u00e2tre des Sources de Fontenay-aux-Roses<\/p>\n<p align=\"left\">\u00a0<\/p>\n<p align=\"left\"><strong><em>Pling<\/em> de Nathalie Fillion<a href=\"http:\/\/www.expliquesonge.fr\/wp-content\/uploads\/2012\/03\/Affiche_Pling_07-08.jpg\"><img loading=\"lazy\" decoding=\"async\" class=\"alignright size-medium wp-image-882\" title=\"Affiche_Pling_07-08\" src=\"http:\/\/www.expliquesonge.fr\/wp-content\/uploads\/2012\/03\/Affiche_Pling_07-08-203x300.jpg\" alt=\"\" width=\"203\" height=\"300\" srcset=\"http:\/\/www.expliquesonge.fr\/wp-content\/uploads\/2012\/03\/Affiche_Pling_07-08-203x300.jpg 203w, http:\/\/www.expliquesonge.fr\/wp-content\/uploads\/2012\/03\/Affiche_Pling_07-08-694x1024.jpg 694w, http:\/\/www.expliquesonge.fr\/wp-content\/uploads\/2012\/03\/Affiche_Pling_07-08.jpg 886w\" sizes=\"auto, (max-width: 203px) 100vw, 203px\" \/><\/a><\/strong><\/p>\n<p align=\"left\"><strong>du 9 au 30 janvier, mercredi \u00e0 14h, vendredi 25 et samedi 26 \u00e0 21h, dimanche 27 \u00e0 16h<br \/>\n<\/strong>Au Studio-Th\u00e9\u00e2tre de Charenton<\/p>\n<p align=\"left\"><strong>du 8 au 17 juillet \u00e0 20h<br \/>\n<\/strong>Tourn\u00e9e Culturelle CCAS EDF-GDF<\/p>\n","protected":false},"excerpt":{"rendered":"<p>Le chant du Dire Dire\u00a0de Daniel Danis Les 29 et 30 janvier \u00e0 20h30 Au Petit t2r, Les Th\u00e9\u00e2tres Charenton-le-Pont \u2013 Saint-Maurice Dans le cadre du Festival \u00ab\u00a0Les Th\u00e9\u00e2trales Charles Dullin, Edition 2008\u00a0\u00bb Les 11 et 12 mars \u00e0 20h30 &hellip; <a href=\"http:\/\/www.expliquesonge.fr\/?page_id=831\">Continuer la lecture <span class=\"meta-nav\">&rarr;<\/span><\/a><\/p>\n","protected":false},"author":7,"featured_media":0,"parent":269,"menu_order":0,"comment_status":"open","ping_status":"open","template":"","meta":{"ngg_post_thumbnail":0,"footnotes":""},"class_list":["post-831","page","type-page","status-publish","hentry"],"_links":{"self":[{"href":"http:\/\/www.expliquesonge.fr\/index.php?rest_route=\/wp\/v2\/pages\/831","targetHints":{"allow":["GET"]}}],"collection":[{"href":"http:\/\/www.expliquesonge.fr\/index.php?rest_route=\/wp\/v2\/pages"}],"about":[{"href":"http:\/\/www.expliquesonge.fr\/index.php?rest_route=\/wp\/v2\/types\/page"}],"author":[{"embeddable":true,"href":"http:\/\/www.expliquesonge.fr\/index.php?rest_route=\/wp\/v2\/users\/7"}],"replies":[{"embeddable":true,"href":"http:\/\/www.expliquesonge.fr\/index.php?rest_route=%2Fwp%2Fv2%2Fcomments&post=831"}],"version-history":[{"count":2,"href":"http:\/\/www.expliquesonge.fr\/index.php?rest_route=\/wp\/v2\/pages\/831\/revisions"}],"predecessor-version":[{"id":883,"href":"http:\/\/www.expliquesonge.fr\/index.php?rest_route=\/wp\/v2\/pages\/831\/revisions\/883"}],"up":[{"embeddable":true,"href":"http:\/\/www.expliquesonge.fr\/index.php?rest_route=\/wp\/v2\/pages\/269"}],"wp:attachment":[{"href":"http:\/\/www.expliquesonge.fr\/index.php?rest_route=%2Fwp%2Fv2%2Fmedia&parent=831"}],"curies":[{"name":"wp","href":"https:\/\/api.w.org\/{rel}","templated":true}]}}