{"id":799,"date":"2012-03-23T17:30:35","date_gmt":"2012-03-23T17:30:35","guid":{"rendered":"http:\/\/www.expliquesonge.fr\/?page_id=799"},"modified":"2025-12-04T17:16:22","modified_gmt":"2025-12-04T17:16:22","slug":"edito","status":"publish","type":"page","link":"http:\/\/www.expliquesonge.fr\/","title":{"rendered":"Edito"},"content":{"rendered":"<p style=\"text-align: left;\">Bonjour et bienvenue sur le site de L&rsquo;Explique-Songe.<\/p>\n<p>Voici des dates de la saison 2025-2026 :<br \/>\n<strong><em><br \/>\nDe la nuit \u00e0 l&rsquo;aube<br \/>\n<\/em>Texte et mise en sc\u00e8ne : Val\u00e9rie Castel Jordy<\/p>\n<p><\/strong><span style=\"color: #000000;\"><span style=\"font-family: Avenir;\"><span style=\"font-size: small;\"><b>Cr\u00e9ation et tourn\u00e9e :<br \/>\n<\/b>3 novembre \u00e0 15h et 4 novembre \u00e0 20h30 au Th\u00e9\u00e2tre Olympe de Gouges de Montauban (82)<br \/>\nDu 12 au 15 novembre \u00e0 19h30 et le 13 et 14 novembre \u00e0 14h30 \u00e0 Anis Gras, le lieu de l&rsquo;Autre \u00e0 Arcueil (94)<br \/>\n<\/span><\/span><\/span><span style=\"color: #000000;\"><span style=\"font-family: Avenir;\"><span style=\"font-size: small;\">13 f\u00e9vrier \u00e0 20h30 \u00e0 L&rsquo;Espace Culturel Le Chai de Capendu (11)<br \/>\n<\/span><\/span><\/span><span style=\"color: #000000;\"><span style=\"font-family: Avenir;\"><span style=\"font-size: small;\">10 avril \u00e0 14h et 20h30 au Th\u00e9\u00e2tre dans les Vignes de Couffoulens (11)<br \/>\nTourn\u00e9e dans les sites ICAM (\u00e9coles d&rsquo;ing\u00e9nieur.e.s) : 10 f\u00e9vrier \u00e0 19h30 au site de Nantes (44), 7 avril \u00e0 19h30 au site de Lille (59), 13 avril \u00e0 19h30 au site de Toulouse (31), 15 avril \u00e0 19h30 au site de Strasbourg (67), 17 avril \u00e0 15h au site de Grand Paris Sud (77)<\/span><\/span><\/span><\/p>\n<p align=\"JUSTIFY\"><span style=\"color: #000000;\"><span style=\"font-family: Avenir;\"><span style=\"font-size: small;\"><i><b>Soutiens : <\/b>Groupe ICAM, Fondation de Montcheuil, Soci\u00e9t\u00e9 Angeris, Th\u00e9\u00e2tre de la Jacquerie de Villejuif, Th\u00e9\u00e2tre de Sartrouville et des Yvelines &#8211; centre dramatique national, Espace Andr\u00e9 Malraux d&rsquo;Herblay, Conservatoire L\u00e9o Delibes de Clichy, Commune de Montauban\/Th\u00e9\u00e2tre Olympe de Gouges, Anis Gras, le lieu de l&rsquo;Autre \u00e0 Arcueil, SPEDIDAM, ADAMI<\/i><\/span><\/span><\/span><\/p>\n<p align=\"JUSTIFY\"><strong><em>Au coeur des cendres <\/em>librement inspir\u00e9 des \u00e9crits d&rsquo;Etty Hillesum<br \/>\nTexte : Etty Hillesum et Val\u00e9rie Castel Jordy<\/p>\n<p><\/strong>8 juin \u00e0 20h \u00e0 la salle Panop\u00e9e du Th\u00e9\u00e2tre de Vanves (92)<strong><br \/>\n<\/strong><em>En collaboration avec l&rsquo;association le CEMAS<\/em><\/p>\n<p>Au plaisir de vous retrouver \u00e0 l&rsquo;occasion d&rsquo;une repr\u00e9sentation.<\/p>\n<p style=\"text-align: justify;\">Belle continuation \u00e0 tou.te.s.<\/p>\n<p>Hauts les coeurs !<\/p>\n<p style=\"text-align: justify;\">Val\u00e9rie Castel Jordy et l&rsquo;\u00e9quipe de L&rsquo;Explique-Songe<\/p>\n","protected":false},"excerpt":{"rendered":"<p>Bonjour et bienvenue sur le site de L&rsquo;Explique-Songe. Voici des dates de la saison 2025-2026 : De la nuit \u00e0 l&rsquo;aube Texte et mise en sc\u00e8ne : Val\u00e9rie Castel Jordy Cr\u00e9ation et tourn\u00e9e : 3 novembre \u00e0 15h et 4 &hellip; <a href=\"http:\/\/www.expliquesonge.fr\/\">Continuer la lecture <span class=\"meta-nav\">&rarr;<\/span><\/a><\/p>\n","protected":false},"author":4,"featured_media":0,"parent":0,"menu_order":0,"comment_status":"closed","ping_status":"closed","template":"","meta":{"ngg_post_thumbnail":0,"footnotes":""},"class_list":["post-799","page","type-page","status-publish","hentry"],"_links":{"self":[{"href":"http:\/\/www.expliquesonge.fr\/index.php?rest_route=\/wp\/v2\/pages\/799","targetHints":{"allow":["GET"]}}],"collection":[{"href":"http:\/\/www.expliquesonge.fr\/index.php?rest_route=\/wp\/v2\/pages"}],"about":[{"href":"http:\/\/www.expliquesonge.fr\/index.php?rest_route=\/wp\/v2\/types\/page"}],"author":[{"embeddable":true,"href":"http:\/\/www.expliquesonge.fr\/index.php?rest_route=\/wp\/v2\/users\/4"}],"replies":[{"embeddable":true,"href":"http:\/\/www.expliquesonge.fr\/index.php?rest_route=%2Fwp%2Fv2%2Fcomments&post=799"}],"version-history":[{"count":95,"href":"http:\/\/www.expliquesonge.fr\/index.php?rest_route=\/wp\/v2\/pages\/799\/revisions"}],"predecessor-version":[{"id":1984,"href":"http:\/\/www.expliquesonge.fr\/index.php?rest_route=\/wp\/v2\/pages\/799\/revisions\/1984"}],"wp:attachment":[{"href":"http:\/\/www.expliquesonge.fr\/index.php?rest_route=%2Fwp%2Fv2%2Fmedia&parent=799"}],"curies":[{"name":"wp","href":"https:\/\/api.w.org\/{rel}","templated":true}]}}