{"id":787,"date":"2012-03-11T18:42:50","date_gmt":"2012-03-11T18:42:50","guid":{"rendered":"http:\/\/www.expliquesonge.fr\/?page_id=787"},"modified":"2012-03-25T18:06:20","modified_gmt":"2012-03-25T18:06:20","slug":"saison-2011-2012-2","status":"publish","type":"page","link":"http:\/\/www.expliquesonge.fr\/?page_id=787","title":{"rendered":"Saison 2011-2012"},"content":{"rendered":"<p><strong><em>L&rsquo;Echange<\/em> de Paul Claudel<\/strong><br \/>\nSpectacle Tout public \u00e0 partir de 15 ans<\/p>\n<p><strong>6 et 7 octobre \u00e0 20h30<\/strong><br \/>\n<strong><\/strong><em>\u00a0Th\u00e9\u00e2tre de Vanves<\/em><\/p>\n<p><strong>13 octobre \u00e0 20h30<\/strong><br \/>\n<strong><\/strong><em>Th\u00e9\u00e2tre Jean Alary de Carcassonne<\/em><\/p>\n<p><strong>3 mai \u00e0 20h30<\/strong><br \/>\n<strong><\/strong><em>L&rsquo;Avant-Seine, Th\u00e9\u00e2tre de Colombes (r\u00e9servations au 01 56 05 00 76)<\/em><\/p>\n<p>&nbsp;<\/p>\n<p><strong><em>Pacamambo<\/em> de Wajdi Mouawad\u00a0<a href=\"http:\/\/www.expliquesonge.fr\/wp-content\/uploads\/2012\/03\/Affiche_Pacamambo_11-12.jpg\"><img loading=\"lazy\" decoding=\"async\" class=\"alignright size-medium wp-image-878\" title=\"Affiche_Pacamambo_11-12\" src=\"http:\/\/www.expliquesonge.fr\/wp-content\/uploads\/2012\/03\/Affiche_Pacamambo_11-12-212x300.jpg\" alt=\"\" width=\"212\" height=\"300\" srcset=\"http:\/\/www.expliquesonge.fr\/wp-content\/uploads\/2012\/03\/Affiche_Pacamambo_11-12-212x300.jpg 212w, http:\/\/www.expliquesonge.fr\/wp-content\/uploads\/2012\/03\/Affiche_Pacamambo_11-12-723x1024.jpg 723w, http:\/\/www.expliquesonge.fr\/wp-content\/uploads\/2012\/03\/Affiche_Pacamambo_11-12.jpg 1240w\" sizes=\"auto, (max-width: 212px) 100vw, 212px\" \/><\/a><\/strong><br \/>\nSpectacle Jeune Public \u00e0 partir de 8 ans<\/p>\n<p><strong>du 19 au 22 janvier<\/strong><br \/>\n<em>Th\u00e9\u00e2tre Simone Signoret de Conflans-Sainte-Honorine<\/em><br \/>\n(19 et 20 janvier \u00e0 10h et 14h30 et 22 janvier \u00e0 16h)<\/p>\n<p><strong>16 et 17\u00a0f\u00e9vrier<\/strong><br \/>\n<em>Th\u00e9\u00e2tre des Sources de Fontenay-aux-Roses<\/em><br \/>\n(16 f\u00e9vrier \u00e0 10h et 14h30 et 17 f\u00e9vrier \u00e0 10h et 19h30)<\/p>\n<p><strong>17 avril<\/strong><br \/>\n<em>Th\u00e9\u00e2tre du Brian\u00e7onnais, Brian\u00e7on (r\u00e9servations au 04 92 25 52 42)<\/em><br \/>\n(14h30 et 19h)<\/p>\n<p><strong>du 15 au 17 mai<\/strong><br \/>\n<em>Studio-Th\u00e9\u00e2tre d&rsquo;Asni\u00e8res-sur-Seine (r\u00e9servations au 01 47 90 71 52)<br \/>\n<\/em>(15 mai \u00e0 14h30 et 20h30, 16 et 17 mai \u00e0 20h30)<\/p>\n<p><strong>29 et 31 mai<\/strong><br \/>\n<em>Th\u00e9\u00e2tre de Chelles (r\u00e9servations au 01 64 21 02 10)<\/em><br \/>\n(29 mai \u00e0 20h et 31 mai \u00e0 10h et 14h30)<\/p>\n<div>\u00a0<\/div>\n","protected":false},"excerpt":{"rendered":"<p>L&rsquo;Echange de Paul Claudel Spectacle Tout public \u00e0 partir de 15 ans 6 et 7 octobre \u00e0 20h30 \u00a0Th\u00e9\u00e2tre de Vanves 13 octobre \u00e0 20h30 Th\u00e9\u00e2tre Jean Alary de Carcassonne 3 mai \u00e0 20h30 L&rsquo;Avant-Seine, Th\u00e9\u00e2tre de Colombes (r\u00e9servations au &hellip; <a href=\"http:\/\/www.expliquesonge.fr\/?page_id=787\">Continuer la lecture <span class=\"meta-nav\">&rarr;<\/span><\/a><\/p>\n","protected":false},"author":4,"featured_media":0,"parent":269,"menu_order":0,"comment_status":"open","ping_status":"open","template":"","meta":{"ngg_post_thumbnail":0,"footnotes":""},"class_list":["post-787","page","type-page","status-publish","hentry"],"_links":{"self":[{"href":"http:\/\/www.expliquesonge.fr\/index.php?rest_route=\/wp\/v2\/pages\/787","targetHints":{"allow":["GET"]}}],"collection":[{"href":"http:\/\/www.expliquesonge.fr\/index.php?rest_route=\/wp\/v2\/pages"}],"about":[{"href":"http:\/\/www.expliquesonge.fr\/index.php?rest_route=\/wp\/v2\/types\/page"}],"author":[{"embeddable":true,"href":"http:\/\/www.expliquesonge.fr\/index.php?rest_route=\/wp\/v2\/users\/4"}],"replies":[{"embeddable":true,"href":"http:\/\/www.expliquesonge.fr\/index.php?rest_route=%2Fwp%2Fv2%2Fcomments&post=787"}],"version-history":[{"count":6,"href":"http:\/\/www.expliquesonge.fr\/index.php?rest_route=\/wp\/v2\/pages\/787\/revisions"}],"predecessor-version":[{"id":790,"href":"http:\/\/www.expliquesonge.fr\/index.php?rest_route=\/wp\/v2\/pages\/787\/revisions\/790"}],"up":[{"embeddable":true,"href":"http:\/\/www.expliquesonge.fr\/index.php?rest_route=\/wp\/v2\/pages\/269"}],"wp:attachment":[{"href":"http:\/\/www.expliquesonge.fr\/index.php?rest_route=%2Fwp%2Fv2%2Fmedia&parent=787"}],"curies":[{"name":"wp","href":"https:\/\/api.w.org\/{rel}","templated":true}]}}