{"id":663,"date":"2011-12-22T14:08:27","date_gmt":"2011-12-22T14:08:27","guid":{"rendered":"http:\/\/www.expliquesonge.fr\/?page_id=663"},"modified":"2013-09-29T22:13:21","modified_gmt":"2013-09-29T22:13:21","slug":"propos-du-metteur-en-scene-sur-pling","status":"publish","type":"page","link":"http:\/\/www.expliquesonge.fr\/?page_id=663","title":{"rendered":"Propos du metteur en sc\u00e8ne sur Pling"},"content":{"rendered":"<p style=\"text-align: justify;\"><strong>par <a title=\"Val\u00e9rie Castel Jordy\" href=\"http:\/\/www.expliquesonge.fr\/?page_id=82\">Val\u00e9rie Castel Jordy<\/a><\/strong><\/p>\n<p style=\"text-align: justify;\"><strong>\u00c0 quoi pense une goutte d\u2019eau qui voyage ?<\/strong><\/p>\n<blockquote><p>Ecoute, \u00e9coute, l&rsquo;histoire de la goutte.<br \/>\nGoutte d&rsquo;eau rien que d&rsquo;eau faite<br \/>\nRonde et fluette.<br \/>\nSon nom est Pling.<br \/>\nTu m&rsquo;entends? Pling on la nomme.<br \/>\nElle vient au monde.<br \/>\n(\u2026) Chut, chut ! Ecoute. Elle r\u00eave la goutte.<br \/>\nElle r\u00eave des r\u00eaves liquides, limpides<br \/>\nCascades, ruisseaux, torrents, cataractes, geysers fous<br \/>\nQuand tout \u00e0 coup<br \/>\nCauchemar ! Une mare !<br \/>\nUne sale mare \u00e0 canards !<\/p><\/blockquote>\n<p style=\"text-align: justify;\"><a href=\"http:\/\/www.expliquesonge.fr\/wp-content\/uploads\/2011\/12\/Pling6\u00a9AlexisJAlma.jpg\"><img loading=\"lazy\" decoding=\"async\" class=\"alignleft size-medium wp-image-1211\" alt=\"Pling6\u00a9AlexisJAlma\" src=\"http:\/\/www.expliquesonge.fr\/wp-content\/uploads\/2011\/12\/Pling6\u00a9AlexisJAlma-199x300.jpg\" width=\"199\" height=\"300\" srcset=\"http:\/\/www.expliquesonge.fr\/wp-content\/uploads\/2011\/12\/Pling6\u00a9AlexisJAlma-199x300.jpg 199w, http:\/\/www.expliquesonge.fr\/wp-content\/uploads\/2011\/12\/Pling6\u00a9AlexisJAlma-682x1024.jpg 682w, http:\/\/www.expliquesonge.fr\/wp-content\/uploads\/2011\/12\/Pling6\u00a9AlexisJAlma.jpg 1417w\" sizes=\"auto, (max-width: 199px) 100vw, 199px\" \/><\/a>Pling porte le nom du son qu&rsquo;elle produit quand elle tombe: \u00ab\u00a0pling!\u00a0\u00bb et non pas \u00ab\u00a0cling\u00a0\u00bb ou \u00ab\u00a0ploc\u00a0\u00bb\u2026 son nom nous invite au voyage. \u00ab\u00a0A peine n\u00e9e, juste form\u00e9e, couleur de larme, elle doit tomber. goutte que goutte.\u00a0\u00bb Pling atterrit sur le dos d&rsquo;un oiseau. C&rsquo;est pratique et tr\u00e8s douillet. Il lui propose de \u00ab\u00a0go\u00fbter le monde\u00a0\u00bb. \u00ab\u00a0Regarde Pling! Rizi\u00e8res, d\u00e9serts, rivi\u00e8res, lumi\u00e8res. L&rsquo;Asie, Pling.\u00a0\u00bb Nous allons d\u00e9couvrir des territoires immenses et fascinants : l&rsquo;Asie, la Sib\u00e9rie, l&rsquo;Europe&#8230; mais Pling ne r\u00eave que d&rsquo;une chose : L&rsquo;Atlantique. \u00ab\u00a0Avec la langue qui claque il faut dire: Atlantique.\u00a0\u00bb Elle d\u00e9sire tant retrouver ses soeurs, les mille et mille gouttelettes.<\/p>\n<p>C\u2019est un parcours plein de rebondissements : tomber sur le m\u00e2t d&rsquo;un voilier, dans la capuche d&rsquo;un marin, se cramponner au poil d&rsquo;un chat, \u00eatre projet\u00e9 en l&rsquo;air&#8230; Pling parviendra-t-elle \u00e0 rejoindre l&rsquo;oc\u00e9an tant r\u00eav\u00e9?<\/p>\n<p style=\"text-align: justify;\">Pour mettre en sc\u00e8ne ce conte savoureux, j&rsquo;ai fait appel \u00e0 deux acteurs, Emilie Cazenave pour nous raconter cette histoire et Pierre-Michel Dudan pour \u00eatre son partenaire de jeu et nous offrir un contrepoint ludique et musical. Pling peut \u00eatre identifi\u00e9e \u00e0 la conteuse et l&rsquo;oiseau immense au son de la fl\u00fbte. Ce conte s&rsquo;adresse \u00e0 des enfants et comme eux, les interpr\u00e8tes ont envie de jouer \u00e0 la moindre occasion. Pling est un conte initiatique et captivera aussi les adultes. Les parents y trouveront leur compte&#8230;<\/p>\n<p style=\"text-align: justify;\"><a href=\"http:\/\/www.expliquesonge.fr\/wp-content\/uploads\/2011\/12\/Pling5\u00a9AlexisJAlma.jpg\"><img loading=\"lazy\" decoding=\"async\" class=\"alignleft size-medium wp-image-1210\" alt=\"Pling5\u00a9AlexisJAlma\" src=\"http:\/\/www.expliquesonge.fr\/wp-content\/uploads\/2011\/12\/Pling5\u00a9AlexisJAlma-300x200.jpg\" width=\"300\" height=\"200\" srcset=\"http:\/\/www.expliquesonge.fr\/wp-content\/uploads\/2011\/12\/Pling5\u00a9AlexisJAlma-300x200.jpg 300w, http:\/\/www.expliquesonge.fr\/wp-content\/uploads\/2011\/12\/Pling5\u00a9AlexisJAlma-1024x682.jpg 1024w, http:\/\/www.expliquesonge.fr\/wp-content\/uploads\/2011\/12\/Pling5\u00a9AlexisJAlma.jpg 1701w\" sizes=\"auto, (max-width: 300px) 100vw, 300px\" \/><\/a>L&rsquo;espace de jeu est une plage d\u00e9serte. Nous sommes hors saison, en avril, quand le soleil r\u00e9chauffe doucement l\u2019Atlantique. La conteuse, sorte de Mary Poppins des mers et le musicien, marin de toutes les aventures, se sont certainement rencontr\u00e9s sur un bateau. L\u2019infatigable marin a troqu\u00e9 sa canne \u00e0 p\u00eache contre une fl\u00fbte, peut-\u00eatre pour s\u00e9duire la myst\u00e9rieuse jeune fille ? Il est amoureux d\u2019elle, en secret\u2026 Nos voyageurs ont dans leurs sacs ou leurs poches, des objets volatiles, cocasses et surprenants pour alimenter l\u2019imagination de nos jeunes spectateurs. Sur cette plage, il y a une balan\u00e7oire. Elle permet \u00e0 la conteuse d&rsquo;\u00eatre suspendue comme Pling dans les plumes de l&rsquo;oiseau.<\/p>\n<p style=\"text-align: justify;\">Nathalie Fillion nous parle de la vie, de la mort et du recommencement, avec une langue dr\u00f4le, pr\u00e9cise et sonore. \u00ab\u00a0Le son porte le sens\u00a0\u00bb comme elle aime \u00e0 dire. Les enfants go\u00fbtent les mots comme Pling go\u00fbte le monde. Les mots sont des bonbons \u00e0 savourer sans danger de caries ! L\u2019enjeu de notre spectacle est de solliciter l&rsquo;imagination et la vivacit\u00e9 des enfants en leur proposant un texte exigeant. Notre goutte d&rsquo;eau pose mille questions et son parcours initiatique fait \u00e9cho \u00e0 la croissance de l&rsquo;enfant.<\/p>\n<p style=\"text-align: justify;\"><a href=\"http:\/\/www.expliquesonge.fr\/wp-content\/uploads\/2011\/12\/Pling4\u00a9AlexisJAlma.jpg\"><img loading=\"lazy\" decoding=\"async\" class=\"alignleft size-medium wp-image-1209\" alt=\"Pling4\u00a9AlexisJAlma\" src=\"http:\/\/www.expliquesonge.fr\/wp-content\/uploads\/2011\/12\/Pling4\u00a9AlexisJAlma-300x200.jpg\" width=\"300\" height=\"200\" srcset=\"http:\/\/www.expliquesonge.fr\/wp-content\/uploads\/2011\/12\/Pling4\u00a9AlexisJAlma-300x200.jpg 300w, http:\/\/www.expliquesonge.fr\/wp-content\/uploads\/2011\/12\/Pling4\u00a9AlexisJAlma-1024x682.jpg 1024w, http:\/\/www.expliquesonge.fr\/wp-content\/uploads\/2011\/12\/Pling4\u00a9AlexisJAlma.jpg 1701w\" sizes=\"auto, (max-width: 300px) 100vw, 300px\" \/><\/a>La musique de David Georgelin s&rsquo;inscrit dans ce projet. L&rsquo;apparition de la fl\u00fbte est une surprise, le son qu&rsquo;elle produit, un \u00e9tonnement, les notes, un ravissement. La musique d\u00e9clenche le merveilleux. Le son de la fl\u00fbte traversi\u00e8re est \u00e9trange et f\u00e9erique. Les compositions de David Georgelin suivent tant\u00f4t le trajet majestueux de l&rsquo;oiseau, tant\u00f4t cr\u00e9ent des ruptures dr\u00f4les et inattendues. Tout raconte, le son, les mots, l&rsquo;espace, le jeu, tout se m\u00eale joyeusement. Le chant aussi sera de la partie ainsi qu\u2019un univers sonore, cr\u00e9\u00e9 \u00e0 partir de diverses percussions et autres instruments insolites. \u00ab\u00a0Cliquetis cadenc\u00e9s des chevaux_\u00e9lectriques \u00ab\u00a0. La percussion joue avec les mots qui claquent dans la bouche.<\/p>\n<p style=\"text-align: justify;\">S&rsquo;amuser joyeusement est notre ligne conductrice et nous nous y tiendrons \u00ab goutte que goutte \u00bb !<\/p>\n<p style=\"text-align: justify;\"><a title=\"Pling\" href=\"http:\/\/www.expliquesonge.fr\/?page_id=159\">Retour au conte<\/a><\/p>\n","protected":false},"excerpt":{"rendered":"<p>par Val\u00e9rie Castel Jordy \u00c0 quoi pense une goutte d\u2019eau qui voyage ? Ecoute, \u00e9coute, l&rsquo;histoire de la goutte. Goutte d&rsquo;eau rien que d&rsquo;eau faite Ronde et fluette. Son nom est Pling. Tu m&rsquo;entends? Pling on la nomme. Elle vient &hellip; <a href=\"http:\/\/www.expliquesonge.fr\/?page_id=663\">Continuer la lecture <span class=\"meta-nav\">&rarr;<\/span><\/a><\/p>\n","protected":false},"author":2,"featured_media":0,"parent":159,"menu_order":0,"comment_status":"open","ping_status":"open","template":"","meta":{"ngg_post_thumbnail":0,"footnotes":""},"class_list":["post-663","page","type-page","status-publish","hentry"],"_links":{"self":[{"href":"http:\/\/www.expliquesonge.fr\/index.php?rest_route=\/wp\/v2\/pages\/663","targetHints":{"allow":["GET"]}}],"collection":[{"href":"http:\/\/www.expliquesonge.fr\/index.php?rest_route=\/wp\/v2\/pages"}],"about":[{"href":"http:\/\/www.expliquesonge.fr\/index.php?rest_route=\/wp\/v2\/types\/page"}],"author":[{"embeddable":true,"href":"http:\/\/www.expliquesonge.fr\/index.php?rest_route=\/wp\/v2\/users\/2"}],"replies":[{"embeddable":true,"href":"http:\/\/www.expliquesonge.fr\/index.php?rest_route=%2Fwp%2Fv2%2Fcomments&post=663"}],"version-history":[{"count":4,"href":"http:\/\/www.expliquesonge.fr\/index.php?rest_route=\/wp\/v2\/pages\/663\/revisions"}],"predecessor-version":[{"id":1208,"href":"http:\/\/www.expliquesonge.fr\/index.php?rest_route=\/wp\/v2\/pages\/663\/revisions\/1208"}],"up":[{"embeddable":true,"href":"http:\/\/www.expliquesonge.fr\/index.php?rest_route=\/wp\/v2\/pages\/159"}],"wp:attachment":[{"href":"http:\/\/www.expliquesonge.fr\/index.php?rest_route=%2Fwp%2Fv2%2Fmedia&parent=663"}],"curies":[{"name":"wp","href":"https:\/\/api.w.org\/{rel}","templated":true}]}}