{"id":656,"date":"2011-12-22T14:04:36","date_gmt":"2011-12-22T14:04:36","guid":{"rendered":"http:\/\/www.expliquesonge.fr\/?page_id=656"},"modified":"2012-09-17T14:16:05","modified_gmt":"2012-09-17T14:16:05","slug":"biographie-de-nathalie-fillion","status":"publish","type":"page","link":"http:\/\/www.expliquesonge.fr\/?page_id=656","title":{"rendered":"Biographie de Nathalie Fillion"},"content":{"rendered":"<p style=\"text-align: justify;\">Nathalie Fillion est \u00e9crivaine, actrice, metteuse en sc\u00e8ne. Boursi\u00e8re du Centre National du Livre en 1999, elle fait plusieurs r\u00e9sidences \u00e0 la Chartreuse.<\/p>\n<p style=\"text-align: justify;\">Parall\u00e8lement \u00e0 des commandes pour diverses compagnies, elle a mis en sc\u00e8ne quatre de ses textes : <em>\u00c0 l&rsquo;Ouest<\/em>\u00a0(Prix Diane et Lucien Barri\u00e8re) cr\u00e9e en 2012,\u00a0<em>Alex Legrand<\/em>, (Ed. l&rsquo;Harmattan) cr\u00e9\u00e9 en 2004 (aide \u00e0 la cr\u00e9ation de la DMDTS), <em>L. van Bee<\/em> et <em>Dans la gueule du loup, spectacle itin\u00e9rant pour un th\u00e9\u00e2tre vide<\/em> (2000).<\/p>\n<p style=\"text-align: justify;\">Depuis sa cr\u00e9ation, <em>Alex Legrand<\/em> fait l\u2019objet d\u2019une tourn\u00e9e nationale importante (Charenton-Le-Pont, Asni\u00e8res-sur-Seine, Cormatin, Paris, Cachan, Aix-en-Provence, Ch\u00e2teau-Gontier, Suresnes, Lyon, Vannes et L\u2019Ile de la R\u00e9union).<\/p>\n<p style=\"text-align: justify;\">Ses derniers textes dramatiques sont : <em>Par exemple<\/em>, <em>Must go on<\/em> (\u00e9d.Lansman) <em>Don Quichotte ou le dernier enchantement<\/em>,<em> A la sant\u00e9 des vivants<\/em>, <em>Taka<\/em>, (\u00e9d. de l\u2019Amandier dans<em> La Baignoire et les deux chaises<\/em>), mise en sc\u00e8ne en 2005 et 2006 par Gilles Cohen, Th\u00e9\u00e2tre du Rond-Point, <em>Sp\u00e9cimen et Autres Ph\u00e9nom\u00e8nes Pata Para Supra et M\u00e9ta Physiques pour Danser la Fin de la Guerre Froide<\/em>, <em>Piti\u00e9 pour les lapins<\/em>, (\u00e9d. Lansman dans <em>Fragments d\u2019humanit\u00e9<\/em>), <em>Lady Godiva, op\u00e9ra pour un flipper<\/em>,\u00a0livret jou\u00e9 \u00e0 l&rsquo;amphith\u00e9\u00e2tre de l&rsquo;Op\u00e9ra Bastille en 2004 et lu au Festival In d\u2019Avignon 2006 dans le cadre des journ\u00e9es SACD.<\/p>\n<p style=\"text-align: justify;\">Elle est aussi l&rsquo;auteure de r\u00e9cits : <em>L&rsquo;Antipape<\/em>, (Les contes de la Chartreuse, \u00e9d. du Patrimoine), <em>Chronique d&rsquo;une apparition<\/em>, <em>Vu (es) d&rsquo;Aurillac<\/em> (\u00e9d. Quelque part sur terre), ainsi que de nombreux textes pour enfants (\u00e9d. Fleurus, Art Kids Cie). Elle a particip\u00e9 aux revues <em>Prosp\u00e9ro<\/em> et <em>Libert\u00e9<\/em> (Qu\u00e9bec).<\/p>\n<p style=\"text-align: justify;\">Elle dirige de nombreux ateliers, d\u2019\u00e9criture et de plateau, en particulier \u00e0 l\u2019\u00e9cole d\u2019acteurs du Studio-Th\u00e9\u00e2tre d\u2019Asni\u00e8res depuis 2007.<\/p>\n<p style=\"text-align: justify;\">Elle cr\u00e9e en janvier 2012 sa pi\u00e8ce <em>\u00c0 l&rsquo;Ouest<\/em> au Th\u00e9\u00e2tre des C\u00e9lestins \u00e0 Lyon et au Th\u00e9\u00e2tre du Rond-Point \u00e0 Paris.<\/p>\n<p style=\"text-align: justify;\"><a title=\"Pling\" href=\"http:\/\/www.expliquesonge.fr\/?page_id=159\">Retour au conte<\/a><\/p>\n","protected":false},"excerpt":{"rendered":"<p>Nathalie Fillion est \u00e9crivaine, actrice, metteuse en sc\u00e8ne. Boursi\u00e8re du Centre National du Livre en 1999, elle fait plusieurs r\u00e9sidences \u00e0 la Chartreuse. Parall\u00e8lement \u00e0 des commandes pour diverses compagnies, elle a mis en sc\u00e8ne quatre de ses textes : &hellip; <a href=\"http:\/\/www.expliquesonge.fr\/?page_id=656\">Continuer la lecture <span class=\"meta-nav\">&rarr;<\/span><\/a><\/p>\n","protected":false},"author":2,"featured_media":0,"parent":159,"menu_order":0,"comment_status":"open","ping_status":"open","template":"","meta":{"ngg_post_thumbnail":0,"footnotes":""},"class_list":["post-656","page","type-page","status-publish","hentry"],"_links":{"self":[{"href":"http:\/\/www.expliquesonge.fr\/index.php?rest_route=\/wp\/v2\/pages\/656","targetHints":{"allow":["GET"]}}],"collection":[{"href":"http:\/\/www.expliquesonge.fr\/index.php?rest_route=\/wp\/v2\/pages"}],"about":[{"href":"http:\/\/www.expliquesonge.fr\/index.php?rest_route=\/wp\/v2\/types\/page"}],"author":[{"embeddable":true,"href":"http:\/\/www.expliquesonge.fr\/index.php?rest_route=\/wp\/v2\/users\/2"}],"replies":[{"embeddable":true,"href":"http:\/\/www.expliquesonge.fr\/index.php?rest_route=%2Fwp%2Fv2%2Fcomments&post=656"}],"version-history":[{"count":4,"href":"http:\/\/www.expliquesonge.fr\/index.php?rest_route=\/wp\/v2\/pages\/656\/revisions"}],"predecessor-version":[{"id":935,"href":"http:\/\/www.expliquesonge.fr\/index.php?rest_route=\/wp\/v2\/pages\/656\/revisions\/935"}],"up":[{"embeddable":true,"href":"http:\/\/www.expliquesonge.fr\/index.php?rest_route=\/wp\/v2\/pages\/159"}],"wp:attachment":[{"href":"http:\/\/www.expliquesonge.fr\/index.php?rest_route=%2Fwp%2Fv2%2Fmedia&parent=656"}],"curies":[{"name":"wp","href":"https:\/\/api.w.org\/{rel}","templated":true}]}}