{"id":654,"date":"2011-12-22T14:03:09","date_gmt":"2011-12-22T14:03:09","guid":{"rendered":"http:\/\/www.expliquesonge.fr\/?page_id=654"},"modified":"2012-09-17T14:02:50","modified_gmt":"2012-09-17T14:02:50","slug":"synopsis-de-pling","status":"publish","type":"page","link":"http:\/\/www.expliquesonge.fr\/?page_id=654","title":{"rendered":"Synopsis de Pling"},"content":{"rendered":"<p style=\"text-align: justify;\">\u00ab Et Pling tombe, ploc ! sur le dos d\u2019un oiseau. \u00bb Survolant les rizi\u00e8res de Chine, les lacs de Sib\u00e9rie, l\u2019Europe polyglotte, Pling, la goutte d\u2019eau, parcourt le monde et s\u2019\u00e9tonne. Des personnages hauts en couleur jalonnent son aventure ; un oiseau magistral, un corbeau kafka\u00efen, un matou effar\u00e9, une feuille luisante et gourmande\u2026<\/p>\n<p style=\"text-align: justify;\">Deux voyageurs nous content cette histoire, une jeune fille \u00e9tonnante, jolie Mary Poppins des mers et un joyeux marin \u00e0 la fl\u00fbte traversi\u00e8re enchanteresse.<\/p>\n<p style=\"text-align: justify;\">\u00c0 l\u2019image de l\u2019enfant qui s\u2019\u00e9merveille, ce conte initiatique s\u2019adresse \u00e0 tous les \u00e2ges de la vie. Nathalie Fillion nous entra\u00eene dans sa langue aux sonorit\u00e9s percutantes et savoureuses comme un bonbon qui n\u2019en finit pas de distiller son parfum\u2026<\/p>\n<p style=\"text-align: justify;\">\u00c0 quoi pense une goutte d\u2019eau qui voyage ? \u00ab Elle r\u00eave des r\u00eaves liquides, limpides\u2026 Avec la langue qui claque il faut dire : Atlantique. \u00bb Une goutte d\u2019humanit\u00e9 pour rafra\u00eechir l\u2019imagination\u2026<\/p>\n<p style=\"text-align: justify;\"><a title=\"Pling\" href=\"http:\/\/www.expliquesonge.fr\/?page_id=159\">Retour au conte<\/a><\/p>\n","protected":false},"excerpt":{"rendered":"<p>\u00ab Et Pling tombe, ploc ! sur le dos d\u2019un oiseau. \u00bb Survolant les rizi\u00e8res de Chine, les lacs de Sib\u00e9rie, l\u2019Europe polyglotte, Pling, la goutte d\u2019eau, parcourt le monde et s\u2019\u00e9tonne. Des personnages hauts en couleur jalonnent son aventure &hellip; <a href=\"http:\/\/www.expliquesonge.fr\/?page_id=654\">Continuer la lecture <span class=\"meta-nav\">&rarr;<\/span><\/a><\/p>\n","protected":false},"author":2,"featured_media":0,"parent":159,"menu_order":0,"comment_status":"open","ping_status":"open","template":"","meta":{"ngg_post_thumbnail":0,"footnotes":""},"class_list":["post-654","page","type-page","status-publish","hentry"],"_links":{"self":[{"href":"http:\/\/www.expliquesonge.fr\/index.php?rest_route=\/wp\/v2\/pages\/654","targetHints":{"allow":["GET"]}}],"collection":[{"href":"http:\/\/www.expliquesonge.fr\/index.php?rest_route=\/wp\/v2\/pages"}],"about":[{"href":"http:\/\/www.expliquesonge.fr\/index.php?rest_route=\/wp\/v2\/types\/page"}],"author":[{"embeddable":true,"href":"http:\/\/www.expliquesonge.fr\/index.php?rest_route=\/wp\/v2\/users\/2"}],"replies":[{"embeddable":true,"href":"http:\/\/www.expliquesonge.fr\/index.php?rest_route=%2Fwp%2Fv2%2Fcomments&post=654"}],"version-history":[{"count":3,"href":"http:\/\/www.expliquesonge.fr\/index.php?rest_route=\/wp\/v2\/pages\/654\/revisions"}],"predecessor-version":[{"id":933,"href":"http:\/\/www.expliquesonge.fr\/index.php?rest_route=\/wp\/v2\/pages\/654\/revisions\/933"}],"up":[{"embeddable":true,"href":"http:\/\/www.expliquesonge.fr\/index.php?rest_route=\/wp\/v2\/pages\/159"}],"wp:attachment":[{"href":"http:\/\/www.expliquesonge.fr\/index.php?rest_route=%2Fwp%2Fv2%2Fmedia&parent=654"}],"curies":[{"name":"wp","href":"https:\/\/api.w.org\/{rel}","templated":true}]}}