{"id":626,"date":"2011-12-22T13:20:30","date_gmt":"2011-12-22T13:20:30","guid":{"rendered":"http:\/\/www.expliquesonge.fr\/?page_id=626"},"modified":"2011-12-22T13:54:13","modified_gmt":"2011-12-22T13:54:13","slug":"bibliographie-de-lauteur","status":"publish","type":"page","link":"http:\/\/www.expliquesonge.fr\/?page_id=626","title":{"rendered":"Bibliographie de Wajdi Mouawad"},"content":{"rendered":"<p><span style=\"text-decoration: underline;\"><strong>Pi\u00e8ces de th\u00e9\u00e2tre<\/strong><\/span><\/p>\n<ul>\n<li><em>Journ\u00e9e de noces chez les Cromagnons<\/em>, 1992<\/li>\n<li><em>Les mains d&rsquo;Edwige au moment de la naissance<\/em>, Lem\u00e9ac, 1993.<\/li>\n<li><em>Le Songe<\/em>, Dramaturges Editeurs, 1996<\/li>\n<li><em>Littoral<\/em>, Actes-Sud, 1998.<\/li>\n<li><em>R\u00eaves<\/em>, Actes-Sud, 1999<\/li>\n<li><em>Alphonse<\/em>, Lem\u00e9ac, 2000.<\/li>\n<li><em>Pacamambo<\/em>, Actes-Sud, 2000.<\/li>\n<li><em>Incendies<\/em>, Actes-Sud, 2002.<\/li>\n<li><em>Un obus dans le c\u0153ur<\/em>, Actes-Sud, 2002.<\/li>\n<li><em>Willy Protagoras enferm\u00e9 dans les toilettes<\/em>, Actes-Sud, 2003.<\/li>\n<li><em>For\u00eats<\/em>, Actes-Sud, 2005.<\/li>\n<li><em>Assoiff\u00e9s<\/em>, Actes-Sud, 2006.<\/li>\n<li><em>Le Soleil ni la mort ne peuvent se regarder en face<\/em>, Actes-Sud, 2007<\/li>\n<li><em>Seuls<\/em>, Actes-Sud, 2007.<\/li>\n<li><em>Ciels<\/em>, Actes-Sud, 2008.<\/li>\n<\/ul>\n<p><span style=\"text-decoration: underline;\"><strong>\u00c9critures radiophoniques<\/strong><\/span><\/p>\n<ul>\n<li><em>Loin des chaises<\/em><\/li>\n<li><em>Wilfrid<\/em><\/li>\n<li><em>William M.<\/em><\/li>\n<li><em>Le Chevalier<\/em><\/li>\n<li><em>Dans la cath\u00e9drale<\/em><\/li>\n<li><em>Les Trains hurlent quand on tue<\/em><\/li>\n<li><em>Les \u00c9trangers du bord du monde<\/em><\/li>\n<\/ul>\n<p><span style=\"text-decoration: underline;\"><strong>Autres<\/strong><\/span><\/p>\n<ul>\n<li><em>Visage retrouv\u00e9<\/em>, roman, Lem\u00e9ac\/Actes-Sud, 2002.<\/li>\n<li><em>Je suis le m\u00e9chant !<\/em>, entretiens avec le metteur en sc\u00e8ne Andr\u00e9 Brassard, Lem\u00e9ac, 2004.<\/li>\n<li><em>Littoral, projection cin\u00e9matographique de la pi\u00e8ce \u00e9ponyme<\/em>, TVA Films, 2004<\/li>\n<li><em>Architecture d&rsquo;un marcheur, <\/em>entretiens accord\u00e9s \u00e0 Jean-Fran\u00e7ois C\u00f4t\u00e9, Lem\u00e9ac, 2005.<\/li>\n<li><em>Le Sang des promesses<\/em>, essai, Actes-Sud, 2008.<\/li>\n<li><em>Un Tramway nomm\u00e9 d\u00e9sir <\/em>de Tennessee Williams, traduction, 2009.<\/li>\n<p><span style=\"text-decoration: underline;\">\ufeff<\/span><\/ul>\n<p><span style=\"text-decoration: underline;\"><strong>Honneurs<\/strong><\/span><\/p>\n<ul>\n<li>2000 &#8211; Prix litt\u00e9raire du Gouverneur g\u00e9n\u00e9ral du Canada dans la cat\u00e9gorie th\u00e9\u00e2tre<\/li>\n<li>2002 &#8211; Chevalier de l&rsquo;Ordre National des Arts et des Lettres<\/li>\n<li>2004 &#8211; Prix Jacqueline-D\u00e9ry-Mochon<\/li>\n<li>2005 &#8211; Moli\u00e8re du meilleur auteur francophone, qu&rsquo;il refuse.<\/li>\n<\/ul>\n<p style=\"text-align: center;\"><a title=\"Pacamambo\" href=\"http:\/\/www.expliquesonge.fr\/?page_id=217\">Retour \u00e0 la pi\u00e8ce<\/a><\/p>\n","protected":false},"excerpt":{"rendered":"<p>Pi\u00e8ces de th\u00e9\u00e2tre Journ\u00e9e de noces chez les Cromagnons, 1992 Les mains d&rsquo;Edwige au moment de la naissance, Lem\u00e9ac, 1993. Le Songe, Dramaturges Editeurs, 1996 Littoral, Actes-Sud, 1998. R\u00eaves, Actes-Sud, 1999 Alphonse, Lem\u00e9ac, 2000. Pacamambo, Actes-Sud, 2000. Incendies, Actes-Sud, 2002. &hellip; <a href=\"http:\/\/www.expliquesonge.fr\/?page_id=626\">Continuer la lecture <span class=\"meta-nav\">&rarr;<\/span><\/a><\/p>\n","protected":false},"author":2,"featured_media":0,"parent":217,"menu_order":0,"comment_status":"open","ping_status":"open","template":"","meta":{"ngg_post_thumbnail":0,"footnotes":""},"class_list":["post-626","page","type-page","status-publish","hentry"],"_links":{"self":[{"href":"http:\/\/www.expliquesonge.fr\/index.php?rest_route=\/wp\/v2\/pages\/626","targetHints":{"allow":["GET"]}}],"collection":[{"href":"http:\/\/www.expliquesonge.fr\/index.php?rest_route=\/wp\/v2\/pages"}],"about":[{"href":"http:\/\/www.expliquesonge.fr\/index.php?rest_route=\/wp\/v2\/types\/page"}],"author":[{"embeddable":true,"href":"http:\/\/www.expliquesonge.fr\/index.php?rest_route=\/wp\/v2\/users\/2"}],"replies":[{"embeddable":true,"href":"http:\/\/www.expliquesonge.fr\/index.php?rest_route=%2Fwp%2Fv2%2Fcomments&post=626"}],"version-history":[{"count":2,"href":"http:\/\/www.expliquesonge.fr\/index.php?rest_route=\/wp\/v2\/pages\/626\/revisions"}],"predecessor-version":[{"id":651,"href":"http:\/\/www.expliquesonge.fr\/index.php?rest_route=\/wp\/v2\/pages\/626\/revisions\/651"}],"up":[{"embeddable":true,"href":"http:\/\/www.expliquesonge.fr\/index.php?rest_route=\/wp\/v2\/pages\/217"}],"wp:attachment":[{"href":"http:\/\/www.expliquesonge.fr\/index.php?rest_route=%2Fwp%2Fv2%2Fmedia&parent=626"}],"curies":[{"name":"wp","href":"https:\/\/api.w.org\/{rel}","templated":true}]}}