{"id":599,"date":"2011-12-22T12:38:18","date_gmt":"2011-12-22T12:38:18","guid":{"rendered":"http:\/\/www.expliquesonge.fr\/?page_id=599"},"modified":"2013-09-10T14:11:46","modified_gmt":"2013-09-10T14:11:46","slug":"biographie-de-paul-claudel","status":"publish","type":"page","link":"http:\/\/www.expliquesonge.fr\/?page_id=599","title":{"rendered":"Biographie de Paul Claudel"},"content":{"rendered":"<div id=\"attachment_601\" style=\"width: 235px\" class=\"wp-caption alignright\"><a href=\"http:\/\/www.expliquesonge.fr\/wp-content\/uploads\/2011\/12\/illu_claudel.jpg\"><img loading=\"lazy\" decoding=\"async\" aria-describedby=\"caption-attachment-601\" class=\"size-medium wp-image-601\" title=\"illu_claudel\" alt=\"\" src=\"http:\/\/www.expliquesonge.fr\/wp-content\/uploads\/2011\/12\/illu_claudel-225x300.jpg\" width=\"225\" height=\"300\" srcset=\"http:\/\/www.expliquesonge.fr\/wp-content\/uploads\/2011\/12\/illu_claudel-225x300.jpg 225w, http:\/\/www.expliquesonge.fr\/wp-content\/uploads\/2011\/12\/illu_claudel.jpg 675w\" sizes=\"auto, (max-width: 225px) 100vw, 225px\" \/><\/a><p id=\"caption-attachment-601\" class=\"wp-caption-text\">\u00ab Les pauvres amoureux qui dans leur coin continuent \u00e0 s\u2019embrasser sans souci de ce qui se passe autour d\u2019eux ! \u00bb \u00e9crit Camille Claudel en 1905. \u00ab Vertumne et Pomone \u00bb<\/p><\/div>\n<p style=\"text-align: justify;\">Paul Claudel (1868-1955) est dramaturge, po\u00e8te, essayiste et diplomate fran\u00e7ais. Il fut membre de l&rsquo;Acad\u00e9mie fran\u00e7aise en 1946. Il \u00e9tait le fr\u00e8re de la sculptrice Camille Claudel.<\/p>\n<p style=\"text-align: justify;\">Paul Claudel d\u00e9couvre Arthur Rimbaud par les Illuminations. Il qualifia ce jeune po\u00e8te de \u00ab\u00a0mystique \u00e0 l&rsquo;\u00e9tat sauvage \u00bb et laissera une trace \u00e9clatante de ce passage dans T\u00eate d&rsquo;or.<\/p>\n<p style=\"text-align: justify;\">Le jeune Paul Claudel, selon ses dires, baignait dans \u00ab le bagne mat\u00e9rialiste du scientisme de l&rsquo;\u00e9poque\u00a0\u00bb. Il se convertit au christianisme en assistant aux v\u00eapres \u00e0 Notre-Dame de Paris le 25 d\u00e9cembre 1886. Sa foi devient d\u00e8s lors essentielle dans son \u0153uvre qui chantera la cr\u00e9ation. Cette communion de Claudel avec Dieu a donn\u00e9 ainsi naissance \u00e0 pr\u00e8s de quatre mille pages de textes. Il y professe un v\u00e9ritable partenariat entre Dieu et les \u00eatres, dans son myst\u00e8re et dans sa dramaturgie, comme dans et <em>L\u2019\u00c9change<\/em>, <em>L&rsquo;Annonce faite \u00e0 Marie<\/em> et <em>Le Soulier de satin<\/em>.<\/p>\n<p style=\"text-align: justify;\">D&rsquo;origine bourgeoise provinciale, il habite \u00e0 Paris avec sa m\u00e8re et sa s\u0153ur de 1882 \u00e0 1892. Sa vie de diplomate, de 1893 \u00e0 1936, le conduit \u00e0 s\u00e9journer presque constamment \u00e0 l&rsquo;\u00e9tranger dans divers pays, consul de France \u00e0 Prague, Francfort, Hambourg, puis en Chine \u00e0 Fou-Tcheou (Fuzhou) et \u00e0 Tsien-Tsin (Tianjin), ministre pl\u00e9nipotentiaire \u00e0 Rio de Janeiro, \u00e0 Copenhague, ambassadeur de France \u00e0 Tokyo de 1921 \u00e0 1927, \u00e0 Washington, enfin \u00e0 Bruxelles, de 1933 \u00e0 1935, o\u00f9 se terminera sa brillante carri\u00e8re.<\/p>\n<p style=\"text-align: justify;\">Au d\u00e9part, il devait partir seulement pour cinq ans en Chine. En r\u00e9alit\u00e9, il y passera quinze ans. Lors de son deuxi\u00e8me s\u00e9jour, il rencontre Rosalie Vetch qui devient sa ma\u00eetresse et dispara\u00eet peu de temps apr\u00e8s. De retour en France, il est sauv\u00e9 de son d\u00e9sespoir par l\u2019\u00e9criture du <em>Partage de Midi<\/em> (1905) qui \u00e9voque ses aventures avec elle, except\u00e9 le troisi\u00e8me acte qui est imaginaire. Il se marie finalement avec Reine Sainte-Marie-Perrin et repart avec son \u00e9pouse en Chine o\u00f9 il \u00e9crit beaucoup.<\/p>\n<p style=\"text-align: justify;\">La vie litt\u00e9raire de Claudel, qu&rsquo;il avait conduite parall\u00e8lement \u00e0 sa carri\u00e8re diplomatique, s&rsquo;\u00e9panouira, au terme de son r\u00f4le de diplomate, dans sa propri\u00e9t\u00e9 de Brangues, aux confins de la Savoie et du Dauphin\u00e9. Cette constante m\u00e9ditation sur la parole, qui commence avec son th\u00e9\u00e2tre et se poursuit dans une prose po\u00e9tique tr\u00e8s personnelle, s&rsquo;\u00e9panouit au terme de sa vie dans une ex\u00e9g\u00e8se biblique originale.<\/p>\n<p><strong>Principales pi\u00e8ces de th\u00e9\u00e2tre de Paul Claudel :<\/strong><\/p>\n<p>1890 &#8211; 1894 : <em>T\u00eate d&rsquo;or<\/em> (premi\u00e8re et deuxi\u00e8me version)<br \/>\n1892 &#8211; 1899 : <em>La Jeune Fille Violaine<\/em> (premi\u00e8re et deuxi\u00e8me version)<br \/>\n1893 : <em>La Ville<\/em><br \/>\n1894 &#8211; 1954 : <em>L&rsquo;\u00c9change<\/em> (premi\u00e8re et deuxi\u00e8me version)<br \/>\n1906 : <em>Partage de midi<\/em><br \/>\n1911 : <em>L&rsquo;Otage<\/em><br \/>\n1912 &#8211; 1948 : <em>L&rsquo;Annonce faite \u00e0 Marie<\/em> (premi\u00e8re et deuxi\u00e8me version)<br \/>\n1918 : <em>Le Pain dur<\/em><br \/>\n1920 : <em>Le P\u00e8re humili\u00e9<\/em><br \/>\n1929: <em>Le Soulier de satin<\/em> (cr\u00e9\u00e9 partiellement en 1943 par Jean-Louis Barrault, en version int\u00e9grale au th\u00e9\u00e2tre d&rsquo;Orsay en 1980 ; la version int\u00e9grale a \u00e9t\u00e9 reprise en 1987 par Antoine Vitez.)<br \/>\n1939 : <em>Jeanne d&rsquo;Arc au b\u00fbcher<\/em><\/p>\n","protected":false},"excerpt":{"rendered":"<p>Paul Claudel (1868-1955) est dramaturge, po\u00e8te, essayiste et diplomate fran\u00e7ais. Il fut membre de l&rsquo;Acad\u00e9mie fran\u00e7aise en 1946. Il \u00e9tait le fr\u00e8re de la sculptrice Camille Claudel. Paul Claudel d\u00e9couvre Arthur Rimbaud par les Illuminations. Il qualifia ce jeune po\u00e8te &hellip; <a href=\"http:\/\/www.expliquesonge.fr\/?page_id=599\">Continuer la lecture <span class=\"meta-nav\">&rarr;<\/span><\/a><\/p>\n","protected":false},"author":2,"featured_media":0,"parent":194,"menu_order":0,"comment_status":"open","ping_status":"open","template":"","meta":{"ngg_post_thumbnail":0,"footnotes":""},"class_list":["post-599","page","type-page","status-publish","hentry"],"_links":{"self":[{"href":"http:\/\/www.expliquesonge.fr\/index.php?rest_route=\/wp\/v2\/pages\/599","targetHints":{"allow":["GET"]}}],"collection":[{"href":"http:\/\/www.expliquesonge.fr\/index.php?rest_route=\/wp\/v2\/pages"}],"about":[{"href":"http:\/\/www.expliquesonge.fr\/index.php?rest_route=\/wp\/v2\/types\/page"}],"author":[{"embeddable":true,"href":"http:\/\/www.expliquesonge.fr\/index.php?rest_route=\/wp\/v2\/users\/2"}],"replies":[{"embeddable":true,"href":"http:\/\/www.expliquesonge.fr\/index.php?rest_route=%2Fwp%2Fv2%2Fcomments&post=599"}],"version-history":[{"count":7,"href":"http:\/\/www.expliquesonge.fr\/index.php?rest_route=\/wp\/v2\/pages\/599\/revisions"}],"predecessor-version":[{"id":948,"href":"http:\/\/www.expliquesonge.fr\/index.php?rest_route=\/wp\/v2\/pages\/599\/revisions\/948"}],"up":[{"embeddable":true,"href":"http:\/\/www.expliquesonge.fr\/index.php?rest_route=\/wp\/v2\/pages\/194"}],"wp:attachment":[{"href":"http:\/\/www.expliquesonge.fr\/index.php?rest_route=%2Fwp%2Fv2%2Fmedia&parent=599"}],"curies":[{"name":"wp","href":"https:\/\/api.w.org\/{rel}","templated":true}]}}