{"id":574,"date":"2011-12-22T12:10:30","date_gmt":"2011-12-22T12:10:30","guid":{"rendered":"http:\/\/www.expliquesonge.fr\/?page_id=574"},"modified":"2012-09-18T10:44:21","modified_gmt":"2012-09-18T10:44:21","slug":"biographie-de-daniel-danis","status":"publish","type":"page","link":"http:\/\/www.expliquesonge.fr\/?page_id=574","title":{"rendered":"Biographie de Daniel Danis"},"content":{"rendered":"<p style=\"text-align: justify;\">N\u00e9 en 1962, Daniel Danis vit au Qu\u00e9bec, dans la r\u00e9gion de Saguenay, \u00e0 500 kms de Montr\u00e9al. Il est auteur dramatique, metteur en sc\u00e8ne, enseignant et pratique la danse contemporaine.<\/p>\n<p style=\"text-align: justify;\">En 1993, il publie <em>Celle-l\u00e0<\/em> et <em>Cendres de Cailloux<\/em>. <em>Le Chant du Dire-Dire<\/em> a \u00e9t\u00e9 cr\u00e9\u00e9 en 1998 \u00e0 Montr\u00e9al \u00e0 l\u2019Espace Go dans une mise en sc\u00e8ne de R.-R. Cyr. En 1999, la pi\u00e8ce re\u00e7oit \u00e0 Paris, le Prix de la meilleure cr\u00e9ation en langue fran\u00e7aise dans une mise en sc\u00e8ne d\u2019A. Fran\u00e7on au Th\u00e9\u00e2tre National de la Colline. Elle entre \u00e9galement au programme de la Schaub\u00fchne dans une mise en sc\u00e8ne de P. Wittenberg.<\/p>\n<p style=\"text-align: justify;\">En 2001, <em>Le Langue-\u00e0-Langue des chiens de roche<\/em> est \u00e9dit\u00e9 \u00e0 l\u2019Arche et mis en sc\u00e8ne par M. Didym. Daniel Danis \u00e9crit \u00e9galement <em>Le Pont de pierres et la Peau d\u2019images<\/em>, pi\u00e8ce pour jeune public, \u00e9dit\u00e9e en 1996 \u00e0 l\u2019\u00c9cole des Loisirs. En 2005 avec <em>\u00ab e\u00a0\u00bb<\/em> mis en sc\u00e8ne par A. Fran\u00e7on, il est auteur associ\u00e9 au Th\u00e9\u00e2tre National de la Colline.<\/p>\n<p style=\"text-align: justify;\">Ses pi\u00e8ces ont re\u00e7u plusieurs prix litt\u00e9raires et sont pr\u00e9sent\u00e9es aussi bien au Canada qu\u2019en Europe et en France.<\/p>\n<p style=\"text-align: center;\"><span style=\"color: #000000;\"><a title=\"Le chant du Dire-Dire\" href=\"http:\/\/www.expliquesonge.fr\/?page_id=151\">Retour \u00e0 la pi\u00e8ce<\/a> <\/span><\/p>\n","protected":false},"excerpt":{"rendered":"<p>N\u00e9 en 1962, Daniel Danis vit au Qu\u00e9bec, dans la r\u00e9gion de Saguenay, \u00e0 500 kms de Montr\u00e9al. Il est auteur dramatique, metteur en sc\u00e8ne, enseignant et pratique la danse contemporaine. En 1993, il publie Celle-l\u00e0 et Cendres de Cailloux. &hellip; <a href=\"http:\/\/www.expliquesonge.fr\/?page_id=574\">Continuer la lecture <span class=\"meta-nav\">&rarr;<\/span><\/a><\/p>\n","protected":false},"author":2,"featured_media":0,"parent":151,"menu_order":0,"comment_status":"open","ping_status":"open","template":"","meta":{"ngg_post_thumbnail":0,"footnotes":""},"class_list":["post-574","page","type-page","status-publish","hentry"],"_links":{"self":[{"href":"http:\/\/www.expliquesonge.fr\/index.php?rest_route=\/wp\/v2\/pages\/574","targetHints":{"allow":["GET"]}}],"collection":[{"href":"http:\/\/www.expliquesonge.fr\/index.php?rest_route=\/wp\/v2\/pages"}],"about":[{"href":"http:\/\/www.expliquesonge.fr\/index.php?rest_route=\/wp\/v2\/types\/page"}],"author":[{"embeddable":true,"href":"http:\/\/www.expliquesonge.fr\/index.php?rest_route=\/wp\/v2\/users\/2"}],"replies":[{"embeddable":true,"href":"http:\/\/www.expliquesonge.fr\/index.php?rest_route=%2Fwp%2Fv2%2Fcomments&post=574"}],"version-history":[{"count":10,"href":"http:\/\/www.expliquesonge.fr\/index.php?rest_route=\/wp\/v2\/pages\/574\/revisions"}],"predecessor-version":[{"id":778,"href":"http:\/\/www.expliquesonge.fr\/index.php?rest_route=\/wp\/v2\/pages\/574\/revisions\/778"}],"up":[{"embeddable":true,"href":"http:\/\/www.expliquesonge.fr\/index.php?rest_route=\/wp\/v2\/pages\/151"}],"wp:attachment":[{"href":"http:\/\/www.expliquesonge.fr\/index.php?rest_route=%2Fwp%2Fv2%2Fmedia&parent=574"}],"curies":[{"name":"wp","href":"https:\/\/api.w.org\/{rel}","templated":true}]}}