{"id":411,"date":"2011-12-14T10:03:52","date_gmt":"2011-12-14T10:03:52","guid":{"rendered":"http:\/\/www.expliquesonge.fr\/?page_id=411"},"modified":"2018-08-29T10:41:12","modified_gmt":"2018-08-29T10:41:12","slug":"charlotte-villermet-scenographe","status":"publish","type":"page","link":"http:\/\/www.expliquesonge.fr\/?page_id=411","title":{"rendered":"Charlotte Villermet"},"content":{"rendered":"<p><em><strong>Sc\u00e9nographe et costumi\u00e8re<\/strong><\/em><\/p>\n<div id=\"attachment_513\" style=\"width: 310px\" class=\"wp-caption alignleft\"><a href=\"http:\/\/www.expliquesonge.fr\/wp-content\/uploads\/2011\/12\/Charlotte-Villermet.jpg\"><img loading=\"lazy\" decoding=\"async\" aria-describedby=\"caption-attachment-513\" class=\"size-medium wp-image-513 \" title=\"Charlotte Villermet\u00a9expliquesonge\" src=\"http:\/\/www.expliquesonge.fr\/wp-content\/uploads\/2011\/12\/Charlotte-Villermet-300x201.jpg\" alt=\"\" width=\"300\" height=\"201\" srcset=\"http:\/\/www.expliquesonge.fr\/wp-content\/uploads\/2011\/12\/Charlotte-Villermet-300x201.jpg 300w, http:\/\/www.expliquesonge.fr\/wp-content\/uploads\/2011\/12\/Charlotte-Villermet.jpg 900w\" sizes=\"auto, (max-width: 300px) 100vw, 300px\" \/><\/a><p id=\"caption-attachment-513\" class=\"wp-caption-text\">Charlotte Villermet<\/p><\/div>\n<p style=\"text-align: justify;\">\n<p style=\"text-align: justify;\"><span style=\"color: #000000;\"><span style=\"font-family: Optima;\"><span style=\"font-size: small;\">Charlotte Villermet a \u00e9t\u00e9 form\u00e9e \u00e0 l\u2019<\/span><\/span><\/span><span style=\"color: #000000;\"><span style=\"font-family: Optima;\"><span style=\"font-size: small;\"><b>Ecole Sup\u00e9rieure d\u2019Art Dramatique du Th\u00e9\u00e2tre National de Strasbourg<\/b><\/span><\/span><\/span><span style=\"color: #000000;\"><span style=\"font-family: Optima;\"><span style=\"font-size: small;\"> (section sc\u00e9nographie-costumes), \u00e0 l\u2019<\/span><\/span><\/span><span style=\"color: #000000;\"><span style=\"font-family: Optima;\"><span style=\"font-size: small;\"><b>Ecole Nationale Sup\u00e9rieure des Beaux-Arts de Paris<\/b><\/span><\/span><\/span><span style=\"color: #000000;\"><span style=\"font-family: Optima;\"><span style=\"font-size: small;\">, et \u00e0 l\u2019Ecole de stylisme aux ateliers Letelier. Elle a aussi \u00e9t\u00e9 l\u2019assistante de Claude Lemaire et Nicky Rieti.<\/span><\/span><\/span><\/p>\n<p align=\"JUSTIFY\"><span style=\"color: #000000;\"><span style=\"font-family: Optima;\"><span style=\"font-size: small;\">De 1988 \u00e0 1998 elle cr\u00e9e les d\u00e9cors et les costumes de <\/span><\/span><\/span><span style=\"color: #000000;\"><span style=\"font-family: Optima;\"><span style=\"font-size: small;\"><i>Moi quelqu\u2019un <\/i><\/span><\/span><\/span><span style=\"color: #000000;\"><span style=\"font-family: Optima;\"><span style=\"font-size: small;\">et <\/span><\/span><\/span><span style=\"color: #000000;\"><span style=\"font-family: Optima;\"><span style=\"font-size: small;\"><i>Gouttes d\u2019eau sur pierre br\u00fblante<\/i><\/span><\/span><\/span><span style=\"color: #000000;\"><span style=\"font-family: Optima;\"><span style=\"font-size: small;\"> mis en sc\u00e8ne par <\/span><\/span><\/span><span style=\"color: #000000;\"><span style=\"font-family: Optima;\"><span style=\"font-size: small;\"><b>Bernard Bloch<\/b><\/span><\/span><\/span><span style=\"color: #000000;\"><span style=\"font-family: Optima;\"><span style=\"font-size: small;\">, <\/span><\/span><\/span><span style=\"color: #000000;\"><span style=\"font-family: Optima;\"><span style=\"font-size: small;\"><i>Surprise<\/i><\/span><\/span><\/span><span style=\"color: #000000;\"><span style=\"font-family: Optima;\"><span style=\"font-size: small;\"> et <\/span><\/span><\/span><span style=\"color: #000000;\"><span style=\"font-family: Optima;\"><span style=\"font-size: small;\"><i>Agn\u00e8s<\/i><\/span><\/span><\/span><span style=\"color: #000000;\"><span style=\"font-family: Optima;\"><span style=\"font-size: small;\"> mis en sc\u00e8ne par <\/span><\/span><\/span><span style=\"color: #000000;\"><span style=\"font-family: Optima;\"><span style=\"font-size: small;\"><b>Catherine Anne<\/b><\/span><\/span><\/span><span style=\"color: #000000;\"><span style=\"font-family: Optima;\"><span style=\"font-size: small;\">, <\/span><\/span><\/span><span style=\"color: #000000;\"><span style=\"font-family: Optima;\"><span style=\"font-size: small;\"><i>La Voix du tube<\/i><\/span><\/span><\/span><span style=\"color: #000000;\"><span style=\"font-family: Optima;\"><span style=\"font-size: small;\"> mis en sc\u00e8ne par <\/span><\/span><\/span><span style=\"color: #000000;\"><span style=\"font-family: Optima;\"><span style=\"font-size: small;\"><b>Jacques Rebotier<\/b><\/span><\/span><\/span><span style=\"color: #000000;\"><span style=\"font-family: Optima;\"><span style=\"font-size: small;\">, et <\/span><\/span><\/span><span style=\"color: #000000;\"><span style=\"font-family: Optima;\"><span style=\"font-size: small;\"><i>Les Troyennes <\/i><\/span><\/span><\/span><span style=\"color: #000000;\"><span style=\"font-family: Optima;\"><span style=\"font-size: small;\">mis en sc\u00e8ne par <\/span><\/span><\/span><span style=\"color: #000000;\"><span style=\"font-family: Optima;\"><span style=\"font-size: small;\"><b>Solange Oswald<\/b><\/span><\/span><\/span><span style=\"color: #000000;\"><span style=\"font-family: Optima;\"><span style=\"font-size: small;\">. Elle a cr\u00e9\u00e9 les costumes de <\/span><\/span><\/span><span style=\"color: #000000;\"><span style=\"font-family: Optima;\"><span style=\"font-size: small;\"><i>Jardin de reconnaissance<\/i><\/span><\/span><\/span><span style=\"color: #000000;\"><span style=\"font-family: Optima;\"><span style=\"font-size: small;\"> mis en sc\u00e8ne par <\/span><\/span><\/span><span style=\"color: #000000;\"><span style=\"font-family: Optima;\"><span style=\"font-size: small;\"><b>Val\u00e8re Novarina<\/b><\/span><\/span><\/span><span style=\"color: #000000;\"><span style=\"font-family: Optima;\"><span style=\"font-size: small;\">,<\/span><\/span><\/span><span style=\"color: #000000;\"><span style=\"font-family: Optima;\"><span style=\"font-size: small;\"><i> Milarepa l\u2019homme de coton<\/i><\/span><\/span><\/span><span style=\"color: #000000;\"><span style=\"font-family: Optima;\"><span style=\"font-size: small;\"> mis en sc\u00e8ne par <\/span><\/span><\/span><span style=\"color: #000000;\"><span style=\"font-family: Optima;\"><span style=\"font-size: small;\"><b>Bruno Abraham-Kremer<\/b><\/span><\/span><\/span><span style=\"color: #000000;\"><span style=\"font-family: Optima;\"><span style=\"font-size: small;\">, <\/span><\/span><\/span><span style=\"color: #000000;\"><span style=\"font-family: Optima;\"><span style=\"font-size: small;\"><i>Le Repas <\/i><\/span><\/span><\/span><span style=\"color: #000000;\"><span style=\"font-family: Optima;\"><span style=\"font-size: small;\">mis en sc\u00e8ne par <\/span><\/span><\/span><span style=\"color: #000000;\"><span style=\"font-family: Optima;\"><span style=\"font-size: small;\"><b>Claude Buchwald<\/b><\/span><\/span><\/span><span style=\"color: #000000;\"><span style=\"font-family: Optima;\"><span style=\"font-size: small;\">, <\/span><\/span><\/span><span style=\"color: #000000;\"><span style=\"font-family: Optima;\"><span style=\"font-size: small;\"><i>La Rue du ch\u00e2teau<\/i><\/span><\/span><\/span><span style=\"color: #000000;\"><span style=\"font-family: Optima;\"><span style=\"font-size: small;\"> et <\/span><\/span><\/span><span style=\"color: #000000;\"><span style=\"font-family: Optima;\"><span style=\"font-size: small;\"><i>Lisbeth est compl\u00e8tement p\u00e9t\u00e9e<\/i><\/span><\/span><\/span><span style=\"color: #000000;\"><span style=\"font-family: Optima;\"><span style=\"font-size: small;\"> mis en sc\u00e8ne par <\/span><\/span><\/span><span style=\"color: #000000;\"><span style=\"font-family: Optima;\"><span style=\"font-size: small;\"><b>Michel Didym<\/b><\/span><\/span><\/span><span style=\"color: #000000;\"><span style=\"font-family: Optima;\"><span style=\"font-size: small;\">.<\/span><\/span><\/span><\/p>\n<p align=\"JUSTIFY\"><span style=\"color: #000000;\"><span style=\"font-family: Optima;\"><span style=\"font-size: small;\">De 1998 \u00e0 2010 elle cr\u00e9e les d\u00e9cors et les costumes pour les mises en sc\u00e8ne de <\/span><\/span><\/span><span style=\"color: #000000;\"><span style=\"font-family: Optima;\"><span style=\"font-size: small;\"><b>Nathalie Fillion<\/b><\/span><\/span><\/span><span style=\"color: #000000;\"><span style=\"font-family: Optima;\"><span style=\"font-size: small;\"> (<\/span><\/span><\/span><span style=\"color: #000000;\"><span style=\"font-family: Optima;\"><span style=\"font-size: small;\"><i>Alex Legrand<\/i><\/span><\/span><\/span><span style=\"color: #000000;\"><span style=\"font-family: Optima;\"><span style=\"font-size: small;\">, et <\/span><\/span><\/span><span style=\"color: #000000;\"><span style=\"font-family: Optima;\"><span style=\"font-size: small;\"><i>Pling<\/i><\/span><\/span><\/span><span style=\"color: #000000;\"><span style=\"font-family: Optima;\"><span style=\"font-size: small;\">), d\u2019<\/span><\/span><\/span><span style=\"color: #000000;\"><span style=\"font-family: Optima;\"><span style=\"font-size: small;\"><b>Alain Mollot<\/b><\/span><\/span><\/span><span style=\"color: #000000;\"><span style=\"font-family: Optima;\"><span style=\"font-size: small;\"> (<\/span><\/span><\/span><span style=\"color: #000000;\"><span style=\"font-family: Optima;\"><span style=\"font-size: small;\"><i>La Fourmili\u00e8re<\/i><\/span><\/span><\/span><span style=\"color: #000000;\"><span style=\"font-family: Optima;\"><span style=\"font-size: small;\">, <\/span><\/span><\/span><span style=\"color: #000000;\"><span style=\"font-family: Optima;\"><span style=\"font-size: small;\"><i>La Fin d\u2019une liaison<\/i><\/span><\/span><\/span><span style=\"color: #000000;\"><span style=\"font-family: Optima;\"><span style=\"font-size: small;\">, <\/span><\/span><\/span><span style=\"color: #000000;\"><span style=\"font-family: Optima;\"><span style=\"font-size: small;\"><i>Portrait de Dorian Gray <\/i><\/span><\/span><\/span><span style=\"color: #000000;\"><span style=\"font-family: Optima;\"><span style=\"font-size: small;\">et <\/span><\/span><\/span><span style=\"color: #000000;\"><span style=\"font-family: Optima;\"><span style=\"font-size: small;\"><i>Lilium<\/i><\/span><\/span><\/span><span style=\"color: #000000;\"><span style=\"font-family: Optima;\"><span style=\"font-size: small;\">) d\u2019 <\/span><\/span><\/span><span style=\"color: #000000;\"><span style=\"font-family: Optima;\"><span style=\"font-size: small;\"><b>Olivier Brunhes<\/b><\/span><\/span><\/span><span style=\"color: #000000;\"><span style=\"font-family: Optima;\"><span style=\"font-size: small;\">, (<\/span><\/span><\/span><span style=\"color: #000000;\"><span style=\"font-family: Optima;\"><span style=\"font-size: small;\"><i>R\u00e8ve d\u2019Ade<\/i><\/span><\/span><\/span><span style=\"color: #000000;\"><span style=\"font-family: Optima;\"><span style=\"font-size: small;\">), de <\/span><\/span><\/span><span style=\"color: #000000;\"><span style=\"font-family: Optima;\"><span style=\"font-size: small;\"><b>Didier Ruiz<\/b><\/span><\/span><\/span><span style=\"color: #000000;\"><span style=\"font-family: Optima;\"><span style=\"font-size: small;\"> (<\/span><\/span><\/span><span style=\"color: #000000;\"><span style=\"font-family: Optima;\"><span style=\"font-size: small;\"><i>Le Bal d\u2019amour<\/i><\/span><\/span><\/span><span style=\"color: #000000;\"><span style=\"font-family: Optima;\"><span style=\"font-size: small;\">), de <\/span><\/span><\/span><span style=\"color: #000000;\"><span style=\"font-family: Optima;\"><span style=\"font-size: small;\"><b>Catherine Verlaguet<\/b><\/span><\/span><\/span><span style=\"color: #000000;\"><span style=\"font-family: Optima;\"><span style=\"font-size: small;\"> (<\/span><\/span><\/span><span style=\"color: #000000;\"><span style=\"font-family: Optima;\"><span style=\"font-size: small;\"><i>Chacun son d\u00fb<\/i><\/span><\/span><\/span><span style=\"color: #000000;\"><span style=\"font-family: Optima;\"><span style=\"font-size: small;\">), de <\/span><\/span><\/span><span style=\"color: #000000;\"><span style=\"font-family: Optima;\"><span style=\"font-size: small;\"><b>Christine Mananzar<\/b><\/span><\/span><\/span><span style=\"color: #000000;\"><span style=\"font-family: Optima;\"><span style=\"font-size: small;\"> (<\/span><\/span><\/span><span style=\"color: #000000;\"><span style=\"font-family: Optima;\"><span style=\"font-size: small;\"><i>L\u2019Op\u00e9ra d\u2019Automne, Verdun 19 <\/i><\/span><\/span><\/span><span style=\"color: #000000;\"><span style=\"font-family: Optima;\"><span style=\"font-size: small;\">), d\u2019<\/span><\/span><\/span><span style=\"color: #000000;\"><span style=\"font-family: Optima;\"><span style=\"font-size: small;\"><b>Alison Hornus<\/b><\/span><\/span><\/span><span style=\"color: #000000;\"><span style=\"font-family: Optima;\"><span style=\"font-size: small;\"> (<\/span><\/span><\/span><span style=\"color: #000000;\"><span style=\"font-family: Optima;\"><span style=\"font-size: small;\"><i>Agatha<\/i><\/span><\/span><\/span><span style=\"color: #000000;\"><span style=\"font-family: Optima;\"><span style=\"font-size: small;\">). Elle cr\u00e9e les d\u00e9cors de <\/span><\/span><\/span><span style=\"color: #000000;\"><span style=\"font-family: Optima;\"><span style=\"font-size: small;\"><i>Barbe Bleue<\/i><\/span><\/span><\/span><span style=\"color: #000000;\"><span style=\"font-family: Optima;\"><span style=\"font-size: small;\"> mis en sc\u00e8ne par <\/span><\/span><\/span><span style=\"color: #000000;\"><span style=\"font-family: Optima;\"><span style=\"font-size: small;\"><b>Laurence Andreini<\/b><\/span><\/span><\/span><span style=\"color: #000000;\"><span style=\"font-family: Optima;\"><span style=\"font-size: small;\">,<\/span><\/span><\/span><span style=\"color: #000000;\"><span style=\"font-family: Optima;\"><span style=\"font-size: small;\"><i> Oedipe <\/i><\/span><\/span><\/span><span style=\"color: #000000;\"><span style=\"font-family: Optima;\"><span style=\"font-size: small;\">mis en sc\u00e8ne par <\/span><\/span><\/span><span style=\"color: #000000;\"><span style=\"font-family: Optima;\"><span style=\"font-size: small;\"><b>Jean-Claude Seguin<\/b><\/span><\/span><\/span><span style=\"color: #000000;\"><span style=\"font-family: Optima;\"><span style=\"font-size: small;\">, <\/span><\/span><\/span><span style=\"color: #000000;\"><span style=\"font-family: Optima;\"><span style=\"font-size: small;\"><i>Long voyage du pingouin vers la jungle <\/i><\/span><\/span><\/span><span style=\"color: #000000;\"><span style=\"font-family: Optima;\"><span style=\"font-size: small;\">mis en sc\u00e8ne par <\/span><\/span><\/span><span style=\"color: #000000;\"><span style=\"font-family: Optima;\"><span style=\"font-size: small;\"><b>Val\u00e9rie Grail<\/b><\/span><\/span><\/span><span style=\"color: #000000;\"><span style=\"font-family: Optima;\"><span style=\"font-size: small;\">, <\/span><\/span><\/span><span style=\"color: #000000;\"><span style=\"font-family: Optima;\"><span style=\"font-size: small;\"><i>Merlin ou la terre d\u00e9vast\u00e9e<\/i><\/span><\/span><\/span><span style=\"color: #000000;\"><span style=\"font-family: Optima;\"><span style=\"font-size: small;\"> mis en sc\u00e8ne par <\/span><\/span><\/span><span style=\"color: #000000;\"><span style=\"font-family: Optima;\"><span style=\"font-size: small;\"><b>Jorge Lavelli<\/b><\/span><\/span><\/span><span style=\"color: #000000;\"><span style=\"font-family: Optima;\"><span style=\"font-size: small;\">, <\/span><\/span><\/span><span style=\"color: #000000;\"><span style=\"font-family: Optima;\"><span style=\"font-size: small;\"><i>Les Quatre Morts<\/i><\/span><\/span><\/span><span style=\"color: #000000;\"><span style=\"font-family: Optima;\"><span style=\"font-size: small;\"> mis en sc\u00e8ne par Catherine Anne. Elle cr\u00e9e les costumes d\u2019<\/span><\/span><\/span><span style=\"color: #000000;\"><span style=\"font-family: Optima;\"><span style=\"font-size: small;\"><i>Un homme ordinaire pour 4 femmes particuli\u00e8res<\/i><\/span><\/span><\/span><span style=\"color: #000000;\"><span style=\"font-family: Optima;\"><span style=\"font-size: small;\"> mis en sc\u00e8ne par <\/span><\/span><\/span><span style=\"color: #000000;\"><span style=\"font-family: Optima;\"><span style=\"font-size: small;\"><b>Serfaty<\/b><\/span><\/span><\/span><span style=\"color: #000000;\"><span style=\"font-family: Optima;\"><span style=\"font-size: small;\">,<\/span><\/span><\/span><span style=\"color: #000000;\"><span style=\"font-family: Optima;\"><span style=\"font-size: small;\"><i> Le Manteau<\/i><\/span><\/span><\/span><span style=\"color: #000000;\"><span style=\"font-family: Optima;\"><span style=\"font-size: small;\"> et <\/span><\/span><\/span><span style=\"color: #000000;\"><span style=\"font-family: Optima;\"><span style=\"font-size: small;\"><i>Roman de famille<\/i><\/span><\/span><\/span><span style=\"color: #000000;\"><span style=\"font-family: Optima;\"><span style=\"font-size: small;\"> mis en sc\u00e8ne par Alain Mollot, <\/span><\/span><\/span><span style=\"color: #000000;\"><span style=\"font-family: Optima;\"><span style=\"font-size: small;\"><i>Le Triomphe de l\u2019amour<\/i><\/span><\/span><\/span><span style=\"color: #000000;\"><span style=\"font-family: Optima;\"><span style=\"font-size: small;\"> mis en sc\u00e8ne par <\/span><\/span><\/span><span style=\"color: #000000;\"><span style=\"font-family: Optima;\"><span style=\"font-size: small;\"><b>Guy Freixe<\/b><\/span><\/span><\/span><span style=\"color: #000000;\"><span style=\"font-family: Optima;\"><span style=\"font-size: small;\">, <\/span><\/span><\/span><span style=\"color: #000000;\"><span style=\"font-family: Optima;\"><span style=\"font-size: small;\"><i>M. Ibrahim ou les fleurs du Coran<\/i><\/span><\/span><\/span><span style=\"color: #000000;\"><span style=\"font-family: Optima;\"><span style=\"font-size: small;\"> mis en sc\u00e8ne par Bruno Abraham-Kremer\u2026<\/span><\/span><\/span><\/p>\n<p align=\"JUSTIFY\"><span style=\"font-family: Optima;\"><span style=\"font-size: small;\">Elle cr\u00e9e \u00e9galement des sc\u00e9nographies pour des lieux d&rsquo;ext\u00e9rieur (<\/span><\/span><span style=\"font-family: Optima;\"><span style=\"font-size: small;\"><b>Festival de Gavarnie<\/b><\/span><\/span><span style=\"font-family: Optima;\"><span style=\"font-size: small;\">, d\u00e9cor pour Jorge Lavelli<\/span><\/span><b> <\/b><span style=\"font-family: Optima;\"><span style=\"font-size: small;\">au Th\u00e9\u00e2tre de Fourvi\u00e8re), pour des d\u00e9ambulatoires (le grand <\/span><\/span><span style=\"color: #000000;\"><span style=\"font-family: Optima;\"><span style=\"font-size: small;\">th\u00e9\u00e2tre <\/span><\/span><\/span><span style=\"font-family: Optima;\"><span style=\"font-size: small;\">de la ville de Didier Ruiz, <\/span><\/span><span style=\"color: #000000;\"><span style=\"font-family: Optima;\"><span style=\"font-size: small;\">Th\u00e9\u00e2tre<\/span><\/span><\/span><span style=\"font-family: Optima;\"><span style=\"font-size: small;\"> Evreux), pour des manifestations sc\u00e9niques telles que <\/span><\/span><span style=\"font-family: Optima;\"><span style=\"font-size: small;\"><b>La Biennale des \u00e9diteurs de la D\u00e9coration <\/b><\/span><\/span><span style=\"font-family: Optima;\"><span style=\"font-size: small;\">(Grande halle de la Villette, 2006), Parc Floral (2007),<\/span><\/span><b> <\/b><span style=\"color: #000000;\"><span style=\"font-family: Optima;\"><span style=\"font-size: small;\"><b>Carrousel<\/b><\/span><\/span><\/span><span style=\"font-family: Optima;\"><span style=\"font-size: small;\"><b> du Louvre <\/b><\/span><\/span><span style=\"font-family: Optima;\"><span style=\"font-size: small;\">(2008\/2009) et d\u00e9veloppe des cr\u00e9ations personnelles au Bon March\u00e9 et au mus\u00e9e de la toile de <\/span><\/span><span style=\"color: #000000;\"><span style=\"font-family: Optima;\"><span style=\"font-size: small;\">Jouy.<\/span><\/span><\/span><\/p>\n<p align=\"JUSTIFY\"><span style=\"color: #000000;\"><span style=\"font-family: Optima;\"><span style=\"font-size: small;\">Pour <\/span><\/span><\/span><span style=\"color: #000000;\"><span style=\"font-family: Optima;\"><span style=\"font-size: small;\"><b>L&rsquo;Explique-Songe<\/b><\/span><\/span><\/span><span style=\"color: #000000;\"><span style=\"font-family: Optima;\"><span style=\"font-size: small;\">, elle signe la sc\u00e9nographie de <\/span><\/span><\/span><span style=\"color: #000000;\"><span style=\"font-family: Optima;\"><span style=\"font-size: small;\"><i>L&rsquo;Echange<\/i><\/span><\/span><\/span><span style=\"color: #000000;\"><span style=\"font-family: Optima;\"><span style=\"font-size: small;\"> de Paul Claudel en 2011 et de <\/span><\/span><\/span><span style=\"color: #000000;\"><span style=\"font-family: Optima;\"><span style=\"font-size: small;\"><i>Pacamambo<\/i><\/span><\/span><\/span><span style=\"color: #000000;\"><span style=\"font-family: Optima;\"><span style=\"font-size: small;\"> de Wajdi Mouawad en 2012, spectacles mis en sc\u00e8ne par <\/span><\/span><\/span><span style=\"color: #000000;\"><span style=\"font-family: Optima;\"><span style=\"font-size: small;\"><b>Val\u00e9rie Castel Jordy<\/b><\/span><\/span><\/span><span style=\"color: #000000;\"><span style=\"font-family: Optima;\"><span style=\"font-size: small;\">. En 2017, elle signe la sc\u00e9nographie et les costumes du spectacle Jeune Public <\/span><\/span><\/span><span style=\"color: #000000;\"><span style=\"font-family: Optima;\"><span style=\"font-size: small;\"><i>Ainsi vont les cerises <\/i><\/span><\/span><\/span><span style=\"color: #000000;\"><span style=\"font-family: Optima;\"><span style=\"font-size: small;\">\u00e9crit et mis en sc\u00e8ne par Val\u00e9rie Castel Jordy.<\/span><\/span><\/span><\/p>\n","protected":false},"excerpt":{"rendered":"<p>Sc\u00e9nographe et costumi\u00e8re Charlotte Villermet a \u00e9t\u00e9 form\u00e9e \u00e0 l\u2019Ecole Sup\u00e9rieure d\u2019Art Dramatique du Th\u00e9\u00e2tre National de Strasbourg (section sc\u00e9nographie-costumes), \u00e0 l\u2019Ecole Nationale Sup\u00e9rieure des Beaux-Arts de Paris, et \u00e0 l\u2019Ecole de stylisme aux ateliers Letelier. Elle a aussi \u00e9t\u00e9 &hellip; <a href=\"http:\/\/www.expliquesonge.fr\/?page_id=411\">Continuer la lecture <span class=\"meta-nav\">&rarr;<\/span><\/a><\/p>\n","protected":false},"author":1,"featured_media":0,"parent":40,"menu_order":0,"comment_status":"open","ping_status":"closed","template":"","meta":{"ngg_post_thumbnail":0,"footnotes":""},"class_list":["post-411","page","type-page","status-publish","hentry"],"_links":{"self":[{"href":"http:\/\/www.expliquesonge.fr\/index.php?rest_route=\/wp\/v2\/pages\/411","targetHints":{"allow":["GET"]}}],"collection":[{"href":"http:\/\/www.expliquesonge.fr\/index.php?rest_route=\/wp\/v2\/pages"}],"about":[{"href":"http:\/\/www.expliquesonge.fr\/index.php?rest_route=\/wp\/v2\/types\/page"}],"author":[{"embeddable":true,"href":"http:\/\/www.expliquesonge.fr\/index.php?rest_route=\/wp\/v2\/users\/1"}],"replies":[{"embeddable":true,"href":"http:\/\/www.expliquesonge.fr\/index.php?rest_route=%2Fwp%2Fv2%2Fcomments&post=411"}],"version-history":[{"count":13,"href":"http:\/\/www.expliquesonge.fr\/index.php?rest_route=\/wp\/v2\/pages\/411\/revisions"}],"predecessor-version":[{"id":1441,"href":"http:\/\/www.expliquesonge.fr\/index.php?rest_route=\/wp\/v2\/pages\/411\/revisions\/1441"}],"up":[{"embeddable":true,"href":"http:\/\/www.expliquesonge.fr\/index.php?rest_route=\/wp\/v2\/pages\/40"}],"wp:attachment":[{"href":"http:\/\/www.expliquesonge.fr\/index.php?rest_route=%2Fwp%2Fv2%2Fmedia&parent=411"}],"curies":[{"name":"wp","href":"https:\/\/api.w.org\/{rel}","templated":true}]}}