{"id":217,"date":"2011-09-13T21:05:21","date_gmt":"2011-09-13T21:05:21","guid":{"rendered":"http:\/\/www.expliquesonge.fr\/?page_id=217"},"modified":"2023-02-13T21:40:36","modified_gmt":"2023-02-13T21:40:36","slug":"pacamambo","status":"publish","type":"page","link":"http:\/\/www.expliquesonge.fr\/?page_id=217","title":{"rendered":"Pacamambo"},"content":{"rendered":"<p style=\"text-align: justify;\"><em><strong>de Wajdi Mouawad<\/strong><\/em><\/p>\n<p style=\"text-align: justify;\">ngg_shortcode_0_placeholder<em>Photos: Luc Detours<\/em><\/p>\n<p style=\"text-align: justify;\">Production : <strong><a href=\"http:\/\/www.expliquesonge.fr\">L\u2019Explique-Songe<\/a><\/strong><\/p>\n<p style=\"text-align: justify;\">Coproduction : <strong>Th\u00e9\u00e2tre Simone Signoret \u2013 Conflans-Sainte-Honorine \/ Th\u00e9\u00e2tre des Sources &#8211; Fontenay-aux-Roses<\/strong><\/p>\n<p style=\"text-align: justify;\">Avec le soutien de la <strong>DRAC Ile-de-France \u2013 Minist\u00e8re de la Culture et de la Communication pour l\u2019Aide \u00e0 la Production Dramatique<\/strong><\/p>\n<p style=\"text-align: justify;\">Avec le soutien de la ville des Ulis, Espace culturel Boris Vian sc\u00e8ne conventionn\u00e9e jeune public et adolescents<\/p>\n<p style=\"text-align: justify;\">Diffusion : <strong>Agence SINE QUA NON<\/strong><\/p>\n<p style=\"text-align: justify;\">Agent th\u00e9\u00e2tral du texte repr\u00e9sent\u00e9 : <strong>Simard Agence Artistique<\/strong><\/p>\n<p style=\"text-align: justify;\">Spectacle <strong>Jeune Public <\/strong>destin\u00e9 aux enfants \u00e0 partir de 9 ans et aux coll\u00e9giens<\/p>\n<p style=\"text-align: justify;\">Spectacle familial, <strong>Tout Public<\/strong><\/p>\n<p style=\"text-align: justify;\">Dur\u00e9e du spectacle : <strong>1h15<\/strong><\/p>\n<p>Mise en sc\u00e8ne : <a title=\"Val\u00e9rie Castel Jordy\" href=\"http:\/\/www.expliquesonge.fr\/?page_id=82\"><strong>Val\u00e9rie Castel Jordy<\/strong><br \/>\n<\/a>Assistante : <strong>Tania Tch\u00e9nio<\/strong><a title=\"Tania Tch\u00e9nio\" href=\"http:\/\/www.expliquesonge.fr\/?page_id=406\"><br \/>\n<\/a>Costumes : <strong>Ang\u00e9lique Calfati<\/strong><br \/>\nSc\u00e9nographie : <a title=\"Charlotte Villermet\" href=\"http:\/\/www.expliquesonge.fr\/?page_id=411\"><strong>Charlotte Villermet<\/strong><br \/>\n<\/a>Construction d\u00e9cor : <strong>Jean-Paul Dewynter<\/strong><br \/>\nR\u00e9gie : <strong>Maria Barroso<\/strong><br \/>\nTravail du mouvement : <a href=\"http:\/\/www.expliquesonge.fr\/?page_id=408\"><strong>Eric Nesci<\/strong><\/a><\/p>\n<p>Avec :<br \/>\n<strong>Aur\u00e9lie Babled<\/strong>\u00a0: JULIE<br \/>\n<strong>Anne Lefol et Catherine Salviat<\/strong> (en alternance) : MARIE-MARIE<br \/>\n<strong>Jonathan Salmon <\/strong>: LE GROS<br \/>\n<a href=\"http:\/\/www.expliquesonge.fr\/?page_id=1239\"><strong>St\u00e9phane Delbass\u00e9 <\/strong><\/a>: LE PSYCHIATRE, LA LUNE, LA MORT<\/p>\n<h2 style=\"text-align: center;\"><a title=\"Synopsis de la pi\u00e8ce\" href=\"http:\/\/www.expliquesonge.fr\/?page_id=620\">Synopsis de Pacamambo<\/a><\/h2>\n<h2 style=\"text-align: center;\"><a title=\"Biographie de Wajdi Mouawad\" href=\"http:\/\/www.expliquesonge.fr\/?page_id=623\">Biographie de Wajdi Mouawad<\/a><\/h2>\n<h2 style=\"text-align: center;\"><a title=\"Bibliographie de l\u2019auteur\" href=\"http:\/\/www.expliquesonge.fr\/?page_id=626\">Bibliographie de l&rsquo;auteur<\/a><\/h2>\n<h2 style=\"text-align: center;\"><a title=\"Propos de l\u2019auteur sur Pacamambo\" href=\"http:\/\/www.expliquesonge.fr\/?page_id=628\">Propos de l&rsquo;auteur<\/a><\/h2>\n<h2 style=\"text-align: center;\"><a title=\"Propos du metteur en sc\u00e8ne sur Pacamambo\" href=\"http:\/\/www.expliquesonge.fr\/?page_id=630\">Propos du metteur en sc\u00e8ne<\/a><\/h2>\n<h2 style=\"text-align: center;\"><a title=\"Extrait vid\u00e9o Pacamambo\" href=\"http:\/\/www.expliquesonge.fr\/?page_id=1058\">Extrait vid\u00e9o<\/a><\/h2>\n","protected":false},"excerpt":{"rendered":"<p>de Wajdi Mouawad Photos: Luc Detours Production : L\u2019Explique-Songe Coproduction : Th\u00e9\u00e2tre Simone Signoret \u2013 Conflans-Sainte-Honorine \/ Th\u00e9\u00e2tre des Sources &#8211; Fontenay-aux-Roses Avec le soutien de la DRAC Ile-de-France \u2013 Minist\u00e8re de la Culture et de la Communication pour l\u2019Aide &hellip; <a href=\"http:\/\/www.expliquesonge.fr\/?page_id=217\">Continuer la lecture <span class=\"meta-nav\">&rarr;<\/span><\/a><\/p>\n","protected":false},"author":7,"featured_media":0,"parent":238,"menu_order":0,"comment_status":"open","ping_status":"open","template":"","meta":{"ngg_post_thumbnail":0,"footnotes":""},"class_list":["post-217","page","type-page","status-publish","hentry"],"_links":{"self":[{"href":"http:\/\/www.expliquesonge.fr\/index.php?rest_route=\/wp\/v2\/pages\/217","targetHints":{"allow":["GET"]}}],"collection":[{"href":"http:\/\/www.expliquesonge.fr\/index.php?rest_route=\/wp\/v2\/pages"}],"about":[{"href":"http:\/\/www.expliquesonge.fr\/index.php?rest_route=\/wp\/v2\/types\/page"}],"author":[{"embeddable":true,"href":"http:\/\/www.expliquesonge.fr\/index.php?rest_route=\/wp\/v2\/users\/7"}],"replies":[{"embeddable":true,"href":"http:\/\/www.expliquesonge.fr\/index.php?rest_route=%2Fwp%2Fv2%2Fcomments&post=217"}],"version-history":[{"count":29,"href":"http:\/\/www.expliquesonge.fr\/index.php?rest_route=\/wp\/v2\/pages\/217\/revisions"}],"predecessor-version":[{"id":1734,"href":"http:\/\/www.expliquesonge.fr\/index.php?rest_route=\/wp\/v2\/pages\/217\/revisions\/1734"}],"up":[{"embeddable":true,"href":"http:\/\/www.expliquesonge.fr\/index.php?rest_route=\/wp\/v2\/pages\/238"}],"wp:attachment":[{"href":"http:\/\/www.expliquesonge.fr\/index.php?rest_route=%2Fwp%2Fv2%2Fmedia&parent=217"}],"curies":[{"name":"wp","href":"https:\/\/api.w.org\/{rel}","templated":true}]}}