{"id":1879,"date":"2023-02-17T11:22:57","date_gmt":"2023-02-17T11:22:57","guid":{"rendered":"http:\/\/www.expliquesonge.fr\/?page_id=1879"},"modified":"2023-02-17T11:31:51","modified_gmt":"2023-02-17T11:31:51","slug":"bio-etty","status":"publish","type":"page","link":"http:\/\/www.expliquesonge.fr\/?page_id=1879","title":{"rendered":"Etty Hillesum"},"content":{"rendered":"<style type=\"text\/css\"><!--\n<span id=\"mce_marker\" data-mce-type=\"bookmark\"><\/span><span id=\"__caret\">_<\/span><!--\nP { margin-bottom: 0.21cm; }\n--><\/style>\n<p><a href=\"http:\/\/www.expliquesonge.fr\/wp-content\/uploads\/2023\/02\/Dossier-Etty.jpg\"><img loading=\"lazy\" decoding=\"async\" class=\"alignleft wp-image-1883 size-medium\" src=\"http:\/\/www.expliquesonge.fr\/wp-content\/uploads\/2023\/02\/Dossier-Etty-228x300.jpg\" alt=\"\" width=\"228\" height=\"300\" srcset=\"http:\/\/www.expliquesonge.fr\/wp-content\/uploads\/2023\/02\/Dossier-Etty-228x300.jpg 228w, http:\/\/www.expliquesonge.fr\/wp-content\/uploads\/2023\/02\/Dossier-Etty.jpg 709w\" sizes=\"auto, (max-width: 228px) 100vw, 228px\" \/><\/a><span style=\"color: #000000;\"><span style=\"font-family: Avenir;\">Esther Hillesum, surnomm\u00e9e Etty, est n\u00e9e le 15 janvier 1914 \u00e0 Middelburg en Z\u00e9lande, province des Pays-Bas. D&rsquo;origine juive, elle est la fille de Louis Hillesum, docteur \u00e8s lettres classiques, proviseur du lyc\u00e9e de Deventer, et de Rebecca Bernstein, \u00e9migrante originaire de Russie, dont<br \/>\nelle a fui les pogroms. Elle a deux fr\u00e8res, Jaap, interne en m\u00e9decine et Mischa, pianiste virtuose psychologiquement fragile. Sur le plan religieux,<br \/>\nla famille n&rsquo;est pas pratiquante. Etty obtient une ma\u00eetrise de droit \u00e0 Amsterdam o\u00f9 elle fr\u00e9quente les milieux \u00e9tudiants de gauche. Elle \u00e9tudie le russe dont elle donnera des le\u00e7ons, comme sa m\u00e8re.<br \/>\nEn 1937, elle emm\u00e9nage chez Han Wegerif, comptable et veuf avec lequel<br \/>\nelle a une liaison. Elle s&rsquo;int\u00e9resse \u00e0 la psychologie, ce qui l&rsquo;am\u00e8ne \u00e0 rencontrer, en f\u00e9vrier 1941, un ancien \u00e9l\u00e8ve de Jung : Julius Spier. Celui-ci, psychologue, chirologue, \u00e9migr\u00e9 de Berlin depuis deux ans, est juif comme elle. Il fut son th\u00e9rapeute et devient son ami et son amant. \u00c0 son invitation, elle commence la r\u00e9daction de son journal le 9 mars 1941. Elle a 27 ans et y exprime son d\u00e9sir de devenir \u00e9crivaine. Elle parle de sa vie intime, de sa foi en la vie, de ceux et celles qui l&rsquo;entourent et qu&rsquo;elle comprend de mieux en mieux au fur et \u00e0 mesure que sa vie int\u00e9rieure se pr\u00e9cise et s&rsquo;\u00e9largit. Elle y relate aussi la spirale inexorable des restrictions des droits et des pers\u00e9cutions qui am\u00e8nent en masse les juifs n\u00e9erlandais vers les camps de transit et la d\u00e9portation.<br \/>\nEn juillet 1942, elle obtient un emploi aupr\u00e8s du Conseil juif \u00e0 Amsterdam qui s&rsquo;occupe des probl\u00e8mes de la communaut\u00e9 juive. R\u00e9alisant l&rsquo;impossibilit\u00e9 pour la majorit\u00e9 des Juifs prol\u00e9taires d&rsquo;entrer dans la clandestinit\u00e9, elle s&rsquo;y refuse aussi, comme elle refuse son statut de juive privil\u00e9gi\u00e9e au Conseil juif et le r\u00f4le qu&rsquo;on veut lui faire jouer. En ao\u00fbt 1942, elle demande et re\u00e7oit son affectation pour Westerbork : camp de transit et de rassemblement r\u00e9serv\u00e9 aux Juifs. Elle voit dans ce transfert l&rsquo;occasion d&rsquo;assumer pleinement \u00able destin de son<br \/>\npeuple \u00bb. Elle se sent surtout plus utile l\u00e0-bas.<br \/>\nEn septembre 1942, Julius Spier tombe malade et meurt d&rsquo;un cancer du poumon. \u00c0 Westerbork, Etty est affect\u00e9e \u00e0 l&rsquo;enregistrement des arrivants et joue un r\u00f4le d&rsquo;assistante sociale et de psychologue. Les rescap\u00e9\u00b7es du camp t\u00e9moignent de sa \u00ab personnalit\u00e9 lumineuse \u00bb et de son grand d\u00e9vouement. En d\u00e9cembre 1942, elle finit par tomber malade et revient se faire soigner \u00e0 Amsterdam. Le 5 juin 1943, alors que des amis lui proposent de l&rsquo;aider \u00e0 se cacher, elle choisit de retourner \u00e0 Westerbork et d&rsquo;y rester pour continuer son travail. Ses parents et son fr\u00e8re Misha, victimes de la grande rafle des 20 et 21 juin sont d\u00e9port\u00e9s \u00e0 Westerbork. En juillet 1943, elle y perd sa libert\u00e9 de circulation mais se d\u00e9m\u00e8ne pour \u00e9viter \u00e0 sa famille une d\u00e9portation vers<br \/>\nl&rsquo;Est.<br \/>\nMisha, connu pour ses talents de pianiste, exige que ses parents b\u00e9n\u00e9ficient de la protection de \u00abJuif culturel\u00bb \u00e0 laquelle lui seul pouvait pr\u00e9tendre. Une lettre maladroite de Rebecca Hillesum au G\u00e9n\u00e9ral Rauter, commandant de la police et des SS aux Pays-Bas, fnit d&rsquo;exasp\u00e9rer celui-ci et provoque la d\u00e9portation de toute la famille Hillesum. En septembre 1943, ils partent tous pour Auschwitz. Les parents et le fr\u00e8re d&rsquo;Etty seraient morts d\u00e8s leur arriv\u00e9e. Selon la Croix-Rouge, Etty y serait morte le 30 novembre 1943. Jaap, d\u00e9port\u00e9 \u00e0 son tour, ne<br \/>\nsurvivra pas \u00e0 l&rsquo;\u00e9vacuation du camp de Bergen-Belsen en 1945.<br \/>\nCe qui survit d&rsquo;elle est un journal et une centaine de lettres couvrant les trois derni\u00e8res ann\u00e9es de sa vie. La fin de son journal tenu \u00e0 Westerbork a malheureusement p\u00e9ri avec elle \u00e0 Auschwitz. Dix cahiers ont \u00e9t\u00e9 transmis par<br \/>\nles proches d&rsquo;Etty au Dr Smelik qui chercha longtemps un \u00e9diteur pour les faire publier. Deux lettres d&rsquo;Etty, \u00e9dit\u00e9es clandestinement en 1943, sont publi\u00e9es en 1959. Outre le talent litt\u00e9raire avec lequel elles ont \u00e9t\u00e9 \u00e9crites, elles ont une grande valeur historique dans la description du camp de Westerbork. En 1981, J.G. Gaarlandt, directeur des \u00c9ditions de Haan, publie partiellement ses cahiers sous le titre : Une vie boulevers\u00e9e.<br \/>\nLe texte fut presque aussit\u00f4t traduit en fran\u00e7ais et en anglais. Ses lettres sont publi\u00e9es en 1982. En 1986, une \u00e9dition n\u00e9erlandaise, puis, en 2008, les \u00c9ditions du Seuil, pr\u00e9sentent l&rsquo;ensemble des \u00e9crits d&rsquo;Etty Hillesum.<\/span><\/span><\/p>\n","protected":false},"excerpt":{"rendered":"<p>Esther Hillesum, surnomm\u00e9e Etty, est n\u00e9e le 15 janvier 1914 \u00e0 Middelburg en Z\u00e9lande, province des Pays-Bas. D&rsquo;origine juive, elle est la fille de Louis Hillesum, docteur \u00e8s lettres classiques, proviseur du lyc\u00e9e de Deventer, et de Rebecca Bernstein, \u00e9migrante &hellip; <a href=\"http:\/\/www.expliquesonge.fr\/?page_id=1879\">Continuer la lecture <span class=\"meta-nav\">&rarr;<\/span><\/a><\/p>\n","protected":false},"author":4,"featured_media":0,"parent":1836,"menu_order":0,"comment_status":"closed","ping_status":"closed","template":"","meta":{"ngg_post_thumbnail":0,"footnotes":""},"class_list":["post-1879","page","type-page","status-publish","hentry"],"_links":{"self":[{"href":"http:\/\/www.expliquesonge.fr\/index.php?rest_route=\/wp\/v2\/pages\/1879","targetHints":{"allow":["GET"]}}],"collection":[{"href":"http:\/\/www.expliquesonge.fr\/index.php?rest_route=\/wp\/v2\/pages"}],"about":[{"href":"http:\/\/www.expliquesonge.fr\/index.php?rest_route=\/wp\/v2\/types\/page"}],"author":[{"embeddable":true,"href":"http:\/\/www.expliquesonge.fr\/index.php?rest_route=\/wp\/v2\/users\/4"}],"replies":[{"embeddable":true,"href":"http:\/\/www.expliquesonge.fr\/index.php?rest_route=%2Fwp%2Fv2%2Fcomments&post=1879"}],"version-history":[{"count":4,"href":"http:\/\/www.expliquesonge.fr\/index.php?rest_route=\/wp\/v2\/pages\/1879\/revisions"}],"predecessor-version":[{"id":1884,"href":"http:\/\/www.expliquesonge.fr\/index.php?rest_route=\/wp\/v2\/pages\/1879\/revisions\/1884"}],"up":[{"embeddable":true,"href":"http:\/\/www.expliquesonge.fr\/index.php?rest_route=\/wp\/v2\/pages\/1836"}],"wp:attachment":[{"href":"http:\/\/www.expliquesonge.fr\/index.php?rest_route=%2Fwp%2Fv2%2Fmedia&parent=1879"}],"curies":[{"name":"wp","href":"https:\/\/api.w.org\/{rel}","templated":true}]}}