{"id":1826,"date":"2023-02-16T15:42:14","date_gmt":"2023-02-16T15:42:14","guid":{"rendered":"http:\/\/www.expliquesonge.fr\/?page_id=1826"},"modified":"2023-02-16T16:04:05","modified_gmt":"2023-02-16T16:04:05","slug":"intentions-de-mise-en-scene-2","status":"publish","type":"page","link":"http:\/\/www.expliquesonge.fr\/?page_id=1826","title":{"rendered":"Intentions de mise en sc\u00e8ne &#8211; Au c\u0153ur des cendres"},"content":{"rendered":"<p>L&rsquo;\u00e9criture de ma nouvelle pi\u00e8ce <em>Au coeur des cendres<\/em> est librement inspir\u00e9e par l&rsquo;oeuvre d&rsquo;Etty Hillesum, jeune autrice d&rsquo;origine juive qui a tenu un journal et r\u00e9dig\u00e9 des lettres entre 1941 et 1943 \u00e0 Amsterdam et au camp de<br \/>\ntransit de Westerbork.<br \/>\nEtty Hillesum est entr\u00e9e dans ma vie en 2010 lors d&rsquo;une formation. L&rsquo;intervenante m&rsquo;a dit : \u00ab tu me fais penser \u00e0 elle. \u00bb Je n&rsquo;ai pas compris pourquoi. Quelques mois plus tard, co\u00efncidence, une com\u00e9dienne m&rsquo;offre son livre, Une vie boulevers\u00e9e. J&rsquo;ai commenc\u00e9 \u00e0 lire quelques pages puis le livre est rest\u00e9 ferm\u00e9 plusieurs ann\u00e9es. En 2014, je me suis lanc\u00e9e et j&rsquo;ai \u00e9t\u00e9 saisie. En lisant, des images sc\u00e9niques me venaient et se sont fortement<br \/>\nimprim\u00e9es en moi. En 2017, j&rsquo;ai commenc\u00e9 une \u00e9bauche d&rsquo;adaptation et j&rsquo;ai compris un an plus tard qu&rsquo;il ne s&rsquo;agissait pas seulement d&rsquo;adapter mais d&rsquo;\u00e9crire une pi\u00e8ce. En 2019, j&rsquo;ai travaill\u00e9 alors sur son oeuvre compl\u00e8te<br \/>\net j&rsquo;ai pass\u00e9 des soir\u00e9es d&rsquo;\u00e9criture d&rsquo;une rare intensit\u00e9 en compagnie de celle qui \u00e9tait devenue mon amie.<br \/>\nJ&rsquo;ai choisi de m&rsquo;inspirer de la vie d&rsquo;Etty Hillesum pour faire entendre une parole de femme prise dans l&rsquo;\u00e9tau d&rsquo;une des pages les plus sombres de l&rsquo;histoire de l&rsquo;humanit\u00e9 et qui est parvenue \u00e0 r\u00e9pondre \u00e0 la violence par<br \/>\nl&rsquo;amour. Avec la mont\u00e9e des nationalismes un peu partout en Europe, son exp\u00e9rience est plus cruciale que jamais \u00e0 faire conna\u00eetre.<br \/>\nLes conditions de vie, de plus en plus dures, qu&rsquo;elle a connues, ont fait d&rsquo;elle une exil\u00e9e, mais n&rsquo;ont pas emp\u00each\u00e9 qu&rsquo;une voie de lib\u00e9ration s&rsquo;ouvre en elle. Etty Hillesum a r\u00e9ussi \u00e0 percevoir les forces de vie \u00e0 l\u2019\u0153uvre<br \/>\ndans l&rsquo;histoire alors m\u00eame qu&rsquo;elle s&rsquo;assombrissait. La pi\u00e8ce est travers\u00e9e par une formidable dynamique de vie dans une p\u00e9riode qui reste pour nous une trag\u00e9die europ\u00e9enne et mondiale.<br \/>\nLa pi\u00e8ce m\u00eale la pens\u00e9e et l&rsquo;exp\u00e9rience d&rsquo;Etty Hillesum r\u00e9\u00e9crites dans mon propre style et des passages fictionnels o\u00f9 j&rsquo;ai imagin\u00e9 ce qu&rsquo;elle a pu vivre dans ce wagon, assise \u00e0 son bureau, avec des ami\u00b7e\u00b7s ou au camp<br \/>\nde Westerbork. L&rsquo;\u00e9criture est faite de ce dialogue int\u00e9rieur entre Etty Hillesum et moi, rencontre qui fait na\u00eetre<br \/>\nune parole unique devenue plurielle. Une vingtaine de personnages traverse cette histoire, personnes r\u00e9elles et personnages invent\u00e9s qui \u00e9changent, vivent et luttent avec elle.<br \/>\nAutour de Juliette Rizoud, magnifque visage d&rsquo;Etty, cinq interpr\u00e8tes dont une chanteuse et un musicien portent cette pi\u00e8ce avec cet enjeu jubilatoire de passer d&rsquo;un personnage \u00e0 l&rsquo;autre. L&rsquo;aspect engageant du<br \/>\nprojet pour six interpr\u00e8tes me pla\u00eet parce que la puissance de jeu qu&rsquo;ils vont devoir trouver fait \u00e9cho \u00e0 l&rsquo;endurance d&rsquo;Etty Hillesum. Le th\u00e9\u00e2tre est bien l\u00e0, indispensable \u00e0 cette histoire. Changements de lieux, changements de r\u00f4les, pr\u00e9sence du chant et de la musique, travail du mouvement et de la chor\u00e9graphie, espace \u00e9pur\u00e9 et lumi\u00e8res pr\u00e9cises, tout aura une valeur th\u00e9\u00e2trale forte pour porter l&rsquo;intensit\u00e9 de cette trajectoire humaine qui nous est si proche.<br \/>\nL&rsquo;essentiel du texte a \u00e9t\u00e9 adapt\u00e9 et \u00e9crit au cours de l&rsquo;\u00e9t\u00e9 2019 et les confinements v\u00e9cues \u00e0 l&rsquo;\u00e9chelle mondiale donnent \u00e0 la pi\u00e8ce un \u00e9cho saisissant. Etty Hillesum a d\u00e9ploy\u00e9 des forces de r\u00e9silience qui peuvent \u00eatre<br \/>\nr\u00e9ellement \u00e9clairantes dans cette situation in\u00e9dite et dans les cons\u00e9quences qui suivront. Il ne s&rsquo;agit pas d&rsquo;un confit mondial comme en 1941, mais bien d&rsquo;un combat collectif pour r\u00e9sister et tenir pour sortir ensemble de<br \/>\ncette crise. Un pont existe entre 1941 et 2020. La parole d&rsquo;Etty Hillesum n&rsquo;a pas \u00e9t\u00e9 r\u00e9duite en cendres. Elle bat comme un coeur que nous portons entre nos mains.<\/p>\n<p>Val\u00e9rie Castel Jordy<\/p>\n","protected":false},"excerpt":{"rendered":"<p>L&rsquo;\u00e9criture de ma nouvelle pi\u00e8ce Au coeur des cendres est librement inspir\u00e9e par l&rsquo;oeuvre d&rsquo;Etty Hillesum, jeune autrice d&rsquo;origine juive qui a tenu un journal et r\u00e9dig\u00e9 des lettres entre 1941 et 1943 \u00e0 Amsterdam et au camp de transit &hellip; <a href=\"http:\/\/www.expliquesonge.fr\/?page_id=1826\">Continuer la lecture <span class=\"meta-nav\">&rarr;<\/span><\/a><\/p>\n","protected":false},"author":4,"featured_media":0,"parent":0,"menu_order":0,"comment_status":"open","ping_status":"closed","template":"","meta":{"ngg_post_thumbnail":0,"footnotes":""},"class_list":["post-1826","page","type-page","status-publish","hentry"],"_links":{"self":[{"href":"http:\/\/www.expliquesonge.fr\/index.php?rest_route=\/wp\/v2\/pages\/1826","targetHints":{"allow":["GET"]}}],"collection":[{"href":"http:\/\/www.expliquesonge.fr\/index.php?rest_route=\/wp\/v2\/pages"}],"about":[{"href":"http:\/\/www.expliquesonge.fr\/index.php?rest_route=\/wp\/v2\/types\/page"}],"author":[{"embeddable":true,"href":"http:\/\/www.expliquesonge.fr\/index.php?rest_route=\/wp\/v2\/users\/4"}],"replies":[{"embeddable":true,"href":"http:\/\/www.expliquesonge.fr\/index.php?rest_route=%2Fwp%2Fv2%2Fcomments&post=1826"}],"version-history":[{"count":6,"href":"http:\/\/www.expliquesonge.fr\/index.php?rest_route=\/wp\/v2\/pages\/1826\/revisions"}],"predecessor-version":[{"id":1844,"href":"http:\/\/www.expliquesonge.fr\/index.php?rest_route=\/wp\/v2\/pages\/1826\/revisions\/1844"}],"wp:attachment":[{"href":"http:\/\/www.expliquesonge.fr\/index.php?rest_route=%2Fwp%2Fv2%2Fmedia&parent=1826"}],"curies":[{"name":"wp","href":"https:\/\/api.w.org\/{rel}","templated":true}]}}