{"id":1775,"date":"2023-02-16T13:27:43","date_gmt":"2023-02-16T13:27:43","guid":{"rendered":"http:\/\/www.expliquesonge.fr\/?page_id=1775"},"modified":"2023-02-16T15:38:52","modified_gmt":"2023-02-16T15:38:52","slug":"yannis-baraban","status":"publish","type":"page","link":"http:\/\/www.expliquesonge.fr\/?page_id=1775","title":{"rendered":"Yannis Baraban"},"content":{"rendered":"\n<p><strong><em>Com\u00e9dien<\/em><\/strong><\/p>\n\n\n<p><style type=\"text\/css\"><!--\n<span id=\"mce_marker\" data-mce-type=\"bookmark\"><\/span><span id=\"__caret\">_<\/span><!--\nP { margin-bottom: 0.21cm; }\n--><\/style><\/p>\n<p><a href=\"http:\/\/www.expliquesonge.fr\/wp-content\/uploads\/2023\/02\/Dossier-Yannis-cv.jpg\"><img loading=\"lazy\" decoding=\"async\" class=\"alignleft wp-image-1755 size-medium\" src=\"http:\/\/www.expliquesonge.fr\/wp-content\/uploads\/2023\/02\/Dossier-Yannis-cv-200x300.jpg\" alt=\"Yannis Baraban\" width=\"200\" height=\"300\" srcset=\"http:\/\/www.expliquesonge.fr\/wp-content\/uploads\/2023\/02\/Dossier-Yannis-cv-200x300.jpg 200w, http:\/\/www.expliquesonge.fr\/wp-content\/uploads\/2023\/02\/Dossier-Yannis-cv.jpg 354w\" sizes=\"auto, (max-width: 200px) 100vw, 200px\" \/><\/a><span style=\"color: #000000;\"><span style=\"font-family: Avenir;\">Form\u00e9 \u00e0 l\u2019<\/span><\/span><span style=\"color: #000000;\"><span style=\"font-family: Avenir;\"><b>Ecole de la Rue Blanche<\/b><\/span><\/span><span style=\"color: #000000;\"><span style=\"font-family: Avenir;\"> puis au <\/span><\/span><span style=\"color: #000000;\"><span style=\"font-family: Avenir;\"><b>Conservatoire National Sup\u00e9rieur d&rsquo;Art Dramatique<\/b><\/span><\/span><span style=\"color: #000000;\"><span style=\"font-family: Avenir;\">, Yannis Baraban a \u00e9t\u00e9 Armand Duval aux cot\u00e9s d&rsquo;<\/span><\/span><span style=\"color: #000000;\"><span style=\"font-family: Avenir;\"><b>Isabelle Adjani<\/b><\/span><\/span><span style=\"color: #000000;\"><span style=\"font-family: Avenir;\"> dans <\/span><\/span><span style=\"color: #000000;\"><span style=\"font-family: Avenir;\"><i>La Dame aux Cam\u00e9lias<\/i><\/span><\/span><span style=\"color: #000000;\"><span style=\"font-family: Avenir;\"> mis en sc\u00e8ne par <\/span><\/span><span style=\"color: #000000;\"><span style=\"font-family: Avenir;\"><b>Alfredo Arias<\/b><\/span><\/span><span style=\"color: #000000;\"><span style=\"font-family: Avenir;\">. Il est nomm\u00e9 aux <\/span><\/span><span style=\"color: #000000;\"><span style=\"font-family: Avenir;\"><b>Moli\u00e8res<\/b><\/span><\/span><span style=\"color: #000000;\"><span style=\"font-family: Avenir;\"> pour son r\u00f4le dans<\/span><\/span><span style=\"color: #000000;\"><span style=\"font-family: Avenir;\"><i> Bent<\/i><\/span><\/span><span style=\"color: #000000;\"><span style=\"font-family: Avenir;\"> de Martin Sherman mis en sc\u00e8ne par <\/span><\/span><span style=\"color: #000000;\"><span style=\"font-family: Avenir;\"><b>Thierry Lavat<\/b><\/span><\/span><span style=\"color: #000000;\"><span style=\"font-family: Avenir;\">. Il joue Treplev dans <\/span><\/span><span style=\"color: #000000;\"><span style=\"font-family: Avenir;\"><i>La Mouette<\/i><\/span><\/span><span style=\"color: #000000;\"><span style=\"font-family: Avenir;\"> de Tchekhov mis en sc\u00e8ne par <\/span><\/span><span style=\"color: #000000;\"><span style=\"font-family: Avenir;\"><b>Christophe Lidon<\/b><\/span><\/span><span style=\"color: #000000;\"><span style=\"font-family: Avenir;\">. Il travaille avec <\/span><\/span><span style=\"color: #000000;\"><span style=\"font-family: Avenir;\"><b>Hans Peter Cloos<\/b><\/span><\/span><span style=\"color: #000000;\"><span style=\"font-family: Avenir;\">, <\/span><\/span><span style=\"color: #000000;\"><span style=\"font-family: Avenir;\"><b>Aur\u00e9lien Recoing<\/b><\/span><\/span><span style=\"color: #000000;\"><span style=\"font-family: Avenir;\">, <\/span><\/span><span style=\"color: #000000;\"><span style=\"font-family: Avenir;\"><b>Jean Fran\u00e7ois Peyret<\/b><\/span><\/span><span style=\"color: #000000;\"><span style=\"font-family: Avenir;\">&#8230; Il a jou\u00e9 le Comte Orsino dans <\/span><\/span><span style=\"color: #000000;\"><span style=\"font-family: Avenir;\"><i>La Nuit des Rois<\/i><\/span><\/span><span style=\"color: #000000;\"><span style=\"font-family: Avenir;\"> de Shakespeare mis en sc\u00e8ne par <\/span><\/span><span style=\"color: #000000;\"><span style=\"font-family: Avenir;\"><i>Nicolas Brian\u00e7on<\/i><\/span><\/span><span style=\"color: #000000;\"><span style=\"font-family: Avenir;\">, Lord Goring dans <\/span><\/span><span style=\"color: #000000;\"><span style=\"font-family: Avenir;\"><i>Un Mari Id\u00e9al <\/i><\/span><\/span><span style=\"color: #000000;\"><span style=\"font-family: Avenir;\">d&rsquo;Oscar Wilde mis en sc\u00e8ne par <\/span><\/span><span style=\"color: #000000;\"><span style=\"font-family: Avenir;\"><b>Isabelle Ratier<\/b><\/span><\/span><span style=\"color: #000000;\"><span style=\"font-family: Avenir;\">, <\/span><\/span><span style=\"color: #000000;\"><span style=\"font-family: Avenir;\"><i>Amphitryon<\/i><\/span><\/span><span style=\"color: #000000;\"><span style=\"font-family: Avenir;\"> de Moli\u00e8re mis en sc\u00e8ne par <\/span><\/span><span style=\"color: #000000;\"><span style=\"font-family: Avenir;\"><b>St\u00e9phanie Tesson<\/b><\/span><\/span><span style=\"color: #000000;\"><span style=\"font-family: Avenir;\">. Il cr\u00e9e <\/span><\/span><span style=\"color: #000000;\"><span style=\"font-family: Avenir;\"><i>Maux d\u2019amour<\/i><\/span><\/span><span style=\"color: #000000;\"><span style=\"font-family: Avenir;\"> de JL Brooks mis en sc\u00e8ne par <\/span><\/span><span style=\"color: #000000;\"><span style=\"font-family: Avenir;\"><b>Johanna Boy\u00e9<\/b><\/span><\/span><span style=\"color: #000000;\"><span style=\"font-family: Avenir;\">. Il joue en ce moment Jean dans <\/span><\/span><span style=\"color: #000000;\"><span style=\"font-family: Avenir;\"><i>Mademoiselle Julie<\/i><\/span><\/span><span style=\"color: #000000;\"><span style=\"font-family: Avenir;\"> d\u2019August Strindberg mis en sc\u00e8ne par Christophe Lidon et dans la derni\u00e8re cr\u00e9ation de Johanna Boy\u00e9 <\/span><\/span><span style=\"color: #000000;\"><span style=\"font-family: Avenir;\"><i>L\u2019invention de nos vies<\/i><\/span><\/span><span style=\"color: #000000;\"><span style=\"font-family: Avenir;\"> d\u2019apr\u00e8s le roman de Karine Tuil.<br \/><\/span><\/span><span style=\"color: #000000;\"><span style=\"font-family: Avenir;\">Il d\u00e9bute au cin\u00e9ma dans le film <\/span><\/span><span style=\"color: #000000;\"><span style=\"font-family: Avenir;\"><i>Vercing\u00e9torix<\/i><\/span><\/span><span style=\"color: #000000;\"><span style=\"font-family: Avenir;\"> r\u00e9alis\u00e9 par <\/span><\/span><span style=\"color: #000000;\"><span style=\"font-family: Avenir;\"><b>Jacques Dorfman<\/b><\/span><\/span><span style=\"color: #000000;\"><span style=\"font-family: Avenir;\">. A la t\u00e9l\u00e9vision, il tourne avec <\/span><\/span><span style=\"color: #000000;\"><span style=\"font-family: Avenir;\"><b>Gilles B\u00e9hat<\/b><\/span><\/span><span style=\"color: #000000;\"><span style=\"font-family: Avenir;\">, <\/span><\/span><span style=\"color: #000000;\"><span style=\"font-family: Avenir;\"><b>Jean Claude Sussfeld<\/b><\/span><\/span><span style=\"color: #000000;\"><span style=\"font-family: Avenir;\">, <\/span><\/span><span style=\"color: #000000;\"><span style=\"font-family: Avenir;\"><b>Patrick Volson<\/b><\/span><\/span><span style=\"color: #000000;\"><span style=\"font-family: Avenir;\">, <\/span><\/span><span style=\"color: #000000;\"><span style=\"font-family: Avenir;\"><b>Laurence Katrian<\/b><\/span><\/span><span style=\"color: #000000;\"><span style=\"font-family: Avenir;\">, <\/span><\/span><span style=\"color: #000000;\"><span style=\"font-family: Avenir;\"><b>Vincenzo Marano<\/b><\/span><\/span><span style=\"color: #000000;\"><span style=\"font-family: Avenir;\">, <\/span><\/span><span style=\"color: #000000;\"><span style=\"font-family: Avenir;\"><b>Pierre Joassin<\/b><\/span><\/span><span style=\"color: #000000;\"><span style=\"font-family: Avenir;\">, <\/span><\/span><span style=\"color: #000000;\"><span style=\"font-family: Avenir;\"><b>Pierre Antoine Hiroz<\/b><\/span><\/span><span style=\"color: #000000;\"><span style=\"font-family: Avenir;\">, <\/span><\/span><span style=\"color: #000000;\"><span style=\"font-family: Avenir;\"><b>Alain Vermus<\/b><\/span><\/span><span style=\"color: #000000;\"><span style=\"font-family: Avenir;\">, <\/span><\/span><span style=\"color: #000000;\"><span style=\"font-family: Avenir;\"><b>Christiane Spiero<\/b><\/span><\/span><span style=\"color: #000000;\"><span style=\"font-family: Avenir;\">, <\/span><\/span><span style=\"color: #000000;\"><span style=\"font-family: Avenir;\"><b>Nina Companeez<\/b><\/span><\/span><span style=\"color: #000000;\"><span style=\"font-family: Avenir;\">, <\/span><\/span><span style=\"color: #000000;\"><span style=\"font-family: Avenir;\"><b>Jean Christophe Delpias<\/b><\/span><\/span><span style=\"color: #000000;\"><span style=\"font-family: Avenir;\"> ou <\/span><\/span><span style=\"color: #000000;\"><span style=\"font-family: Avenir;\"><b>Philippe Niang<\/b><\/span><\/span><span style=\"color: #000000;\"><span style=\"font-family: Avenir;\">. Il a \u00e9t\u00e9 le Zodiaque dans les sagas de TF1 <\/span><\/span><span style=\"color: #000000;\"><span style=\"font-family: Avenir;\"><i>Zodiaque<\/i><\/span><\/span><span style=\"color: #000000;\"><span style=\"font-family: Avenir;\"> et Le <\/span><\/span><span style=\"color: #000000;\"><span style=\"font-family: Avenir;\"><i>Maitre du Zodiaque<\/i><\/span><\/span><span style=\"color: #000000;\"><span style=\"font-family: Avenir;\"> r\u00e9alis\u00e9es par <\/span><\/span><span style=\"color: #000000;\"><span style=\"font-family: Avenir;\"><b>Claude Michel Rome<\/b><\/span><\/span><span style=\"color: #000000;\"><span style=\"font-family: Avenir;\">.<br \/>Il jouera dans la pi\u00e8ce <em>Au coeur des cendres <\/em>librement inspir\u00e9e des \u00e9crits d&rsquo;Etty Hillesum, \u00e9crite et mise en sc\u00e8ne par <strong>Val\u00e9rie Castel Jordy<\/strong> en mars 2023 \u00e0 la Machinerie, Th\u00e9\u00e2tre de V\u00e9nissieux.<br \/><\/span><\/span><\/p>","protected":false},"excerpt":{"rendered":"<p>Com\u00e9dien Form\u00e9 \u00e0 l\u2019Ecole de la Rue Blanche puis au Conservatoire National Sup\u00e9rieur d&rsquo;Art Dramatique, Yannis Baraban a \u00e9t\u00e9 Armand Duval aux cot\u00e9s d&rsquo;Isabelle Adjani dans La Dame aux Cam\u00e9lias mis en sc\u00e8ne par Alfredo Arias. Il est nomm\u00e9 aux &hellip; <a href=\"http:\/\/www.expliquesonge.fr\/?page_id=1775\">Continuer la lecture <span class=\"meta-nav\">&rarr;<\/span><\/a><\/p>\n","protected":false},"author":4,"featured_media":0,"parent":0,"menu_order":0,"comment_status":"closed","ping_status":"closed","template":"","meta":{"ngg_post_thumbnail":0,"footnotes":""},"class_list":["post-1775","page","type-page","status-publish","hentry"],"_links":{"self":[{"href":"http:\/\/www.expliquesonge.fr\/index.php?rest_route=\/wp\/v2\/pages\/1775","targetHints":{"allow":["GET"]}}],"collection":[{"href":"http:\/\/www.expliquesonge.fr\/index.php?rest_route=\/wp\/v2\/pages"}],"about":[{"href":"http:\/\/www.expliquesonge.fr\/index.php?rest_route=\/wp\/v2\/types\/page"}],"author":[{"embeddable":true,"href":"http:\/\/www.expliquesonge.fr\/index.php?rest_route=\/wp\/v2\/users\/4"}],"replies":[{"embeddable":true,"href":"http:\/\/www.expliquesonge.fr\/index.php?rest_route=%2Fwp%2Fv2%2Fcomments&post=1775"}],"version-history":[{"count":4,"href":"http:\/\/www.expliquesonge.fr\/index.php?rest_route=\/wp\/v2\/pages\/1775\/revisions"}],"predecessor-version":[{"id":1822,"href":"http:\/\/www.expliquesonge.fr\/index.php?rest_route=\/wp\/v2\/pages\/1775\/revisions\/1822"}],"wp:attachment":[{"href":"http:\/\/www.expliquesonge.fr\/index.php?rest_route=%2Fwp%2Fv2%2Fmedia&parent=1775"}],"curies":[{"name":"wp","href":"https:\/\/api.w.org\/{rel}","templated":true}]}}