{"id":1769,"date":"2023-02-16T13:18:13","date_gmt":"2023-02-16T13:18:13","guid":{"rendered":"http:\/\/www.expliquesonge.fr\/?page_id=1769"},"modified":"2023-02-20T11:11:26","modified_gmt":"2023-02-20T11:11:26","slug":"armand-eloi","status":"publish","type":"page","link":"http:\/\/www.expliquesonge.fr\/?page_id=1769","title":{"rendered":"Armand Eloi"},"content":{"rendered":"\n<p><strong><em>Com\u00e9dien<\/em><\/strong><\/p>\n\n\n<p><style type=\"text\/css\"><!--\n<span id=\"mce_marker\" data-mce-type=\"bookmark\"><\/span><span id=\"__caret\">_<\/span><!--\nP { margin-bottom: 0.21cm; }\n--><\/style><\/p>\n<p><a href=\"http:\/\/www.expliquesonge.fr\/wp-content\/uploads\/2023\/02\/Dossier-Armand-cv.jpg\"><img loading=\"lazy\" decoding=\"async\" class=\"alignleft wp-image-1740 size-medium\" src=\"http:\/\/www.expliquesonge.fr\/wp-content\/uploads\/2023\/02\/Dossier-Armand-cv-200x300.jpg\" alt=\"Armand Eloi\" width=\"200\" height=\"300\" srcset=\"http:\/\/www.expliquesonge.fr\/wp-content\/uploads\/2023\/02\/Dossier-Armand-cv-200x300.jpg 200w, http:\/\/www.expliquesonge.fr\/wp-content\/uploads\/2023\/02\/Dossier-Armand-cv.jpg 591w\" sizes=\"auto, (max-width: 200px) 100vw, 200px\" \/><\/a><span style=\"font-family: Avenir;\">Com\u00e9dien et metteur en sc\u00e8ne n\u00e9 en Belgique, form\u00e9 au <\/span><span style=\"font-family: Avenir;\"><b>Cours Florent<\/b><\/span><span style=\"font-family: Avenir;\"> et \u00e0 <\/span><span style=\"font-family: Avenir;\"><b>l\u2019ENSATT (Rue Blanche)<\/b><\/span><span style=\"font-family: Avenir;\">, Armand Eloi a cr\u00e9\u00e9 la compagnie du <\/span><span style=\"font-family: Avenir;\"><b>Th\u00e9\u00e2tre du Passeur<\/b><\/span><span style=\"font-family: Avenir;\"> pour laquelle il a notamment mis en sc\u00e8ne <\/span><span style=\"font-family: Avenir;\"><i>La Chunga<\/i><\/span><span style=\"font-family: Avenir;\">\u00a0 de Mario Vargas Llosa diffus\u00e9e \u00e0 Paris au <\/span><span style=\"font-family: Avenir;\"><b>Th\u00e9\u00e2tre 13<\/b><\/span><span style=\"font-family: Avenir;\">, <\/span><span style=\"font-family: Avenir;\"><i>L\u2019atelier d\u2019\u00e9criture<\/i><\/span><span style=\"font-family: Avenir;\"> de David Lodge \u00e0 la <\/span><span style=\"font-family: Avenir;\"><b>Sc\u00e8ne Nationale de Bayonne <\/b><\/span><span style=\"font-family: Avenir;\">et au <\/span><span style=\"font-family: Avenir;\"><b>Festival d&rsquo;Avignon<\/b><\/span> <span style=\"font-family: Avenir;\">OFF 2009,<\/span><span style=\"font-family: Avenir;\"><i> Terre Sainte<\/i><\/span><span style=\"font-family: Avenir;\"> de Mohamed Kacimi cr\u00e9\u00e9 dans le OFF d\u2019Avignon en 2013, <\/span><span style=\"font-family: Avenir;\"><i>L\u2019\u00e9cole des femmes<\/i><\/span><span style=\"font-family: Avenir;\"> de Moli\u00e8re au <\/span><span style=\"font-family: Avenir;\"><b>Th\u00e9\u00e2tre 14 <\/b><\/span><span style=\"font-family: Avenir;\">avec Pierre Santini en 2015, <\/span><span style=\"font-family: Avenir;\"><i>Moms !<\/i><\/span><span style=\"font-family: Avenir;\"> en 2019 et \u00a0<\/span><span style=\"font-family: Avenir;\"><i>Seuil de tol\u00e9rance<\/i><\/span><span style=\"font-family: Avenir;\">\u00a0 de Fr\u00e9d\u00e9ric Sabrou en 2021. <br \/><br \/>Il a travaill\u00e9 comme com\u00e9dien sous la direction d\u2019<\/span><span style=\"font-family: Avenir;\"><b>Andr\u00e9 Loncin<\/b><\/span><span style=\"font-family: Avenir;\">, <\/span><span style=\"font-family: Avenir;\"><b>St\u00e9phanie Ch\u00e9vara<\/b><\/span><span style=\"font-family: Avenir;\"> (<\/span><span style=\"font-family: Avenir;\"><i>Liliom, Naissance d\u2019un chef d\u2019oeuvre<\/i><\/span><span style=\"font-family: Avenir;\">), <\/span><span style=\"font-family: Avenir;\"><b>Panchika Velez<\/b><\/span><span style=\"font-family: Avenir;\"> (<\/span><span style=\"font-family: Avenir;\"><i>Estrella)<\/i><\/span><span style=\"font-family: Avenir;\">, <\/span><span style=\"font-family: Avenir;\"><b>Georges About<\/b><\/span><span style=\"font-family: Avenir;\"> (<\/span><span style=\"font-family: Avenir;\"><i>Les \u00eeles flottantes<\/i><\/span><span style=\"font-family: Avenir;\"> de Paul \u00c9mond). <br \/><br \/>Il r\u00e9p\u00e8te actuellement \u00a0<\/span><span style=\"font-family: Avenir;\"><i>Lucienne Eden<\/i><\/span><span style=\"font-family: Avenir;\">\u00a0 de St\u00e9phane Jaubertie sous la direction de <\/span><span style=\"font-family: Avenir;\"><b>Violette Campo<\/b><\/span><span style=\"font-family: Avenir;\">. Il jouera dans la pi\u00e8ce <em>Au coeur des cendres <\/em>librement inspir\u00e9e des \u00e9crits d&rsquo;Etty Hillesum, \u00e9crite et mise en sc\u00e8ne par <strong>Val\u00e9rie Castel Jordy<\/strong> en mars 2023 \u00e0 la Machinerie, Th\u00e9\u00e2tre de V\u00e9nissieux.<br \/><br \/>On l\u2019a vu \u00e0 l\u2019\u00e9cran dans la s\u00e9rie <\/span><span style=\"font-family: Avenir;\"><i>Nicolas Le Floch<\/i><\/span><span style=\"font-family: Avenir;\"> r\u00e9alis\u00e9e par <\/span><span style=\"font-family: Avenir;\"><b>Nicolas Picard-Dreyfus<\/b><\/span><span style=\"font-family: Avenir;\">, dans <\/span><span style=\"font-family: Avenir;\"><i>Cessez-le-feu<\/i><\/span><span style=\"font-family: Avenir;\"> d\u2019<\/span><span style=\"font-family: Avenir;\"><b>Emmanuel Courcol<\/b><\/span><span style=\"font-family: Avenir;\">, dans <\/span><span style=\"font-family: Avenir;\"><i>Les pieds dans le tapis <\/i><\/span><span style=\"font-family: Avenir;\">de <\/span><span style=\"font-family: Avenir;\"><b>Nader Homayoun<\/b><\/span><span style=\"font-family: Avenir;\">, dans<\/span><span style=\"font-family: Avenir;\"><i> Baron Noir <\/i><\/span><span style=\"font-family: Avenir;\">de <\/span><span style=\"font-family: Avenir;\"><b>Ziad Doueiri<\/b><\/span><span style=\"font-family: Avenir;\">, et plus r\u00e9cemment dans les s\u00e9ries <\/span><span style=\"font-family: Avenir;\"><i>Le bazar de la charit\u00e9<\/i><\/span><span style=\"font-family: Avenir;\">, <\/span><span style=\"font-family: Avenir;\"><i>Astrid et Rapha\u00eble<\/i><\/span><span style=\"font-family: Avenir;\"> et <\/span><span style=\"font-family: Avenir;\"><i>L\u2019absente <\/i><\/span><span style=\"font-family: Avenir;\">de <\/span><span style=\"font-family: Avenir;\"><b>Karim Ouaret<\/b><\/span><span style=\"font-family: Avenir;\">, ainsi que dans le long-m\u00e9trage de <\/span><span style=\"font-family: Avenir;\"><b>Xavier Giannoli<\/b><\/span><span style=\"font-family: Avenir;\">\u00a0<\/span><span style=\"font-family: Avenir;\"><i>Les illusions perdues<\/i><\/span><span style=\"font-family: Avenir;\">. <br \/><br \/>On le verra en 2023 dans les s\u00e9ries \u00a0<\/span><span style=\"font-family: Avenir;\"><i>Tikkoun (titre provisoire)<\/i><\/span><span style=\"font-family: Avenir;\">\u00a0de Xavier Giannoli, <\/span><span style=\"font-family: Avenir;\"><i>Lupin<\/i><\/span><span style=\"font-family: Avenir;\">\u00a0, <\/span><span style=\"font-family: Avenir;\"><i>Bardot<\/i><\/span><span style=\"font-family: Avenir;\">\u00a0de <\/span><span style=\"font-family: Avenir;\"><b>Dani\u00e8le Thompson<\/b><\/span><span style=\"font-family: Avenir;\"> et <\/span><span style=\"font-family: Avenir;\"><i>Alphonse<\/i><\/span><span style=\"font-family: Avenir;\"> de <\/span><span style=\"font-family: Avenir;\"><b>Nicolas Bedos<\/b><\/span><span style=\"font-family: Avenir;\">, ainsi que dans le dernier long-m\u00e9trage de <\/span><span style=\"font-family: Avenir;\"><b>Nakache et Toledano<\/b><\/span><span style=\"font-family: Avenir;\">. Armand Eloi est \u00e9galement professeur de th\u00e9\u00e2tre.<\/span><\/p>","protected":false},"excerpt":{"rendered":"<p>Com\u00e9dien Com\u00e9dien et metteur en sc\u00e8ne n\u00e9 en Belgique, form\u00e9 au Cours Florent et \u00e0 l\u2019ENSATT (Rue Blanche), Armand Eloi a cr\u00e9\u00e9 la compagnie du Th\u00e9\u00e2tre du Passeur pour laquelle il a notamment mis en sc\u00e8ne La Chunga\u00a0 de Mario &hellip; <a href=\"http:\/\/www.expliquesonge.fr\/?page_id=1769\">Continuer la lecture <span class=\"meta-nav\">&rarr;<\/span><\/a><\/p>\n","protected":false},"author":4,"featured_media":0,"parent":238,"menu_order":0,"comment_status":"closed","ping_status":"closed","template":"","meta":{"ngg_post_thumbnail":0,"footnotes":""},"class_list":["post-1769","page","type-page","status-publish","hentry"],"_links":{"self":[{"href":"http:\/\/www.expliquesonge.fr\/index.php?rest_route=\/wp\/v2\/pages\/1769","targetHints":{"allow":["GET"]}}],"collection":[{"href":"http:\/\/www.expliquesonge.fr\/index.php?rest_route=\/wp\/v2\/pages"}],"about":[{"href":"http:\/\/www.expliquesonge.fr\/index.php?rest_route=\/wp\/v2\/types\/page"}],"author":[{"embeddable":true,"href":"http:\/\/www.expliquesonge.fr\/index.php?rest_route=\/wp\/v2\/users\/4"}],"replies":[{"embeddable":true,"href":"http:\/\/www.expliquesonge.fr\/index.php?rest_route=%2Fwp%2Fv2%2Fcomments&post=1769"}],"version-history":[{"count":7,"href":"http:\/\/www.expliquesonge.fr\/index.php?rest_route=\/wp\/v2\/pages\/1769\/revisions"}],"predecessor-version":[{"id":1825,"href":"http:\/\/www.expliquesonge.fr\/index.php?rest_route=\/wp\/v2\/pages\/1769\/revisions\/1825"}],"up":[{"embeddable":true,"href":"http:\/\/www.expliquesonge.fr\/index.php?rest_route=\/wp\/v2\/pages\/238"}],"wp:attachment":[{"href":"http:\/\/www.expliquesonge.fr\/index.php?rest_route=%2Fwp%2Fv2%2Fmedia&parent=1769"}],"curies":[{"name":"wp","href":"https:\/\/api.w.org\/{rel}","templated":true}]}}