{"id":1766,"date":"2023-02-16T13:13:15","date_gmt":"2023-02-16T13:13:15","guid":{"rendered":"http:\/\/www.expliquesonge.fr\/?page_id=1766"},"modified":"2023-02-16T15:38:16","modified_gmt":"2023-02-16T15:38:16","slug":"valerie-alane","status":"publish","type":"page","link":"http:\/\/www.expliquesonge.fr\/?page_id=1766","title":{"rendered":"Val\u00e9rie Alane"},"content":{"rendered":"\n<p><strong><em>Com\u00e9dienne<\/em><\/strong><\/p>\n\n\n<p><style type=\"text\/css\"><!--\n<span id=\"mce_marker\" data-mce-type=\"bookmark\"><\/span><span id=\"__caret\">_<\/span><!--\nP { margin-bottom: 0.21cm; }\n--><\/style><\/p>\n<div id=\"attachment_1754\" style=\"width: 210px\" class=\"wp-caption alignleft\"><a href=\"http:\/\/www.expliquesonge.fr\/wp-content\/uploads\/2023\/02\/Dossier-Valerie-cv.jpg\"><img loading=\"lazy\" decoding=\"async\" aria-describedby=\"caption-attachment-1754\" class=\"wp-image-1754 size-medium\" src=\"http:\/\/www.expliquesonge.fr\/wp-content\/uploads\/2023\/02\/Dossier-Valerie-cv-200x300.jpg\" alt=\"Val\u00e9rie Alane\" width=\"200\" height=\"300\" srcset=\"http:\/\/www.expliquesonge.fr\/wp-content\/uploads\/2023\/02\/Dossier-Valerie-cv-200x300.jpg 200w, http:\/\/www.expliquesonge.fr\/wp-content\/uploads\/2023\/02\/Dossier-Valerie-cv.jpg 472w\" sizes=\"auto, (max-width: 200px) 100vw, 200px\" \/><\/a><p id=\"caption-attachment-1754\" class=\"wp-caption-text\">Droits photo \u00a9Nathalie Verg\u00e8s<\/p><\/div>\n<p>Comme com\u00e9dienne, Val\u00e9rie Alane joue au Festival d\u2019Avignon 2022<b> <\/b><i>L\u2019installation de la peur<\/i><b> <\/b>d\u2019apr\u00e8s Rui Zink mis en sc\u00e8ne par <b>Alain Tim\u00e0r<\/b><b>. <\/b>Elle travaille sous la direction de <b>Jean-Michel Vier<\/b><b> <\/b>(Cie Liba Th\u00e9\u00e2tre)\u00a0: <i>Transport\u00e9s ou les autres mondes <\/i>de J.M Vier, <i>Don Juan<\/i> de Brecht d\u2019apr\u00e8s Moli\u00e8re, <i>Don Juan sur catalogue<\/i><i><b>\u00a0<\/b><\/i>de J.M. Vier et C. Charvet (co-mis en sc. par S. Katan), <i>Chez Marcel, cabaret Proust<\/i><i><b> <\/b><\/i>d\u2019apr\u00e8s Marcel Proust, <i>La travers\u00e9e de Samuel R.<\/i> de J.M Vier, <i>La tr\u00e8s excellente, lamentable et tragique histoire de Marie Stuart <\/i>d\u2019apr\u00e8s Schiller de J.M Vier et V. Karsenty<i>.<\/i><\/p>\n<p><b>Christophe Lidon<\/b> la met en sc\u00e8ne dans <i>Georges Dandin <\/i>et <i>Le Misanthrope<\/i> de Moli\u00e8re, <i>Z\u00e9ro s\u2019est endormi\u00a0?,<\/i> <i>Terminus<\/i><b> <\/b>d\u2019Antoine Rault. Elle travaille \u00e9galement avec <b>Karim Sebbar<\/b> dans <i>Le m\u00e2le effet, Storytelling, Parlez-moi d\u2019amour<\/i>, et avec <b>Pierre Val<\/b>\u00a0qui la dirige dans <i>Miracle en Alabama<\/i> de William Gibson, <i>Ceux qui dorment, Arria Marcella<\/i>\u2026 Elle tourne notamment avec <b>Coline Serreau<\/b> dans<i> La crise<\/i>.<\/p>\n<p>Pour le th\u00e9\u00e2tre, elle \u00e9crit notamment les pi\u00e8ces\u00a0: <i>Z\u00e9ro s\u2019est endormi ?, La trilogie du pommier, Un fr\u00f4lement<\/i> (Fantaisies bucoliques)&#8230; Elle r\u00e9pond \u00e9galement \u00e0 plusieurs commandes d\u2019\u00e9criture de livrets d\u2019op\u00e9ra jeune public pour le <b>CREA<\/b> (comme <i>Rose et Rose<\/i><i><b>, <\/b><\/i>m. en sc. <b>Jean-Michel Fournereau<\/b>)<i>. <\/i><\/p>\n<p><i><\/i>Elle travaille comme dramaturge sur le spectacle <i>Les \u00e2mes tisanes<\/i> du chor\u00e9graphe <b>Ibrahima Sissoko<\/b>. Avec <b>SC\u00c6NA<\/b>, structure cr\u00e9\u00e9e avec <b>Alvaro Bello<\/b>, musicien, elle met en sc\u00e8ne ses propres textes comme <i>Irruption !<\/i>, le projet <i>Fronti\u00e8res<\/i><i><b> <\/b><\/i>que lui commande le <b>PIVO<\/b> (Pole Itin\u00e9rant en Val d\u2019Oise) et <b>le ch\u00e2teau de la Roche Guyon<\/b> o\u00f9 elle est accueillie en r\u00e9sidence\u00a0; <i>Les petites m\u00e9moires<\/i>.<\/p>\n<p>Elle jouera dans la pi\u00e8ce <em>Au coeur des cendres <\/em>librement inspir\u00e9e des \u00e9crits d&rsquo;<strong>Etty Hillesum<\/strong>, \u00e9crite et mise en sc\u00e8ne par <strong>Val\u00e9rie Castel Jordy<\/strong> en mars 2023 \u00e0 la Machinerie, Th\u00e9\u00e2tre de V\u00e9nissieux.<\/p>","protected":false},"excerpt":{"rendered":"<p>Com\u00e9dienne Comme com\u00e9dienne, Val\u00e9rie Alane joue au Festival d\u2019Avignon 2022 L\u2019installation de la peur d\u2019apr\u00e8s Rui Zink mis en sc\u00e8ne par Alain Tim\u00e0r. Elle travaille sous la direction de Jean-Michel Vier (Cie Liba Th\u00e9\u00e2tre)\u00a0: Transport\u00e9s ou les autres mondes de &hellip; <a href=\"http:\/\/www.expliquesonge.fr\/?page_id=1766\">Continuer la lecture <span class=\"meta-nav\">&rarr;<\/span><\/a><\/p>\n","protected":false},"author":4,"featured_media":0,"parent":0,"menu_order":0,"comment_status":"closed","ping_status":"closed","template":"","meta":{"ngg_post_thumbnail":0,"footnotes":""},"class_list":["post-1766","page","type-page","status-publish","hentry"],"_links":{"self":[{"href":"http:\/\/www.expliquesonge.fr\/index.php?rest_route=\/wp\/v2\/pages\/1766","targetHints":{"allow":["GET"]}}],"collection":[{"href":"http:\/\/www.expliquesonge.fr\/index.php?rest_route=\/wp\/v2\/pages"}],"about":[{"href":"http:\/\/www.expliquesonge.fr\/index.php?rest_route=\/wp\/v2\/types\/page"}],"author":[{"embeddable":true,"href":"http:\/\/www.expliquesonge.fr\/index.php?rest_route=\/wp\/v2\/users\/4"}],"replies":[{"embeddable":true,"href":"http:\/\/www.expliquesonge.fr\/index.php?rest_route=%2Fwp%2Fv2%2Fcomments&post=1766"}],"version-history":[{"count":8,"href":"http:\/\/www.expliquesonge.fr\/index.php?rest_route=\/wp\/v2\/pages\/1766\/revisions"}],"predecessor-version":[{"id":1821,"href":"http:\/\/www.expliquesonge.fr\/index.php?rest_route=\/wp\/v2\/pages\/1766\/revisions\/1821"}],"wp:attachment":[{"href":"http:\/\/www.expliquesonge.fr\/index.php?rest_route=%2Fwp%2Fv2%2Fmedia&parent=1766"}],"curies":[{"name":"wp","href":"https:\/\/api.w.org\/{rel}","templated":true}]}}