{"id":1673,"date":"2021-06-28T10:25:19","date_gmt":"2021-06-28T10:25:19","guid":{"rendered":"http:\/\/www.expliquesonge.fr\/?page_id=1673"},"modified":"2021-06-28T10:31:26","modified_gmt":"2021-06-28T10:31:26","slug":"1673-2","status":"publish","type":"page","link":"http:\/\/www.expliquesonge.fr\/?page_id=1673","title":{"rendered":"Saison 2019-2020"},"content":{"rendered":"\n<p><\/p>\n\n\n<p><strong><em>La travers\u00e9e du Azhar<\/em> de Val\u00e9rie Castel Jordy<\/strong><\/p>\n<p>&#8211; 15 novembre \u00e0 20h30 : Salle Jean Renoir du Th\u00e9\u00e2tre de Bois-Colombes<br \/>&#8211; 18 novembre \u00e0 19h : Site ICAM de Nantes<br \/>&#8211; 20 novembre \u00e0 18h : Site ICAM de Paris-S\u00e9nart<br \/>&#8211; 9 d\u00e9cembre \u00e0 18h : Site ICAM de Toulouse<\/p>\n<p>\u00a0<\/p>","protected":false},"excerpt":{"rendered":"<p>La travers\u00e9e du Azhar de Val\u00e9rie Castel Jordy &#8211; 15 novembre \u00e0 20h30 : Salle Jean Renoir du Th\u00e9\u00e2tre de Bois-Colombes&#8211; 18 novembre \u00e0 19h : Site ICAM de Nantes&#8211; 20 novembre \u00e0 18h : Site ICAM de Paris-S\u00e9nart&#8211; 9 &hellip; <a href=\"http:\/\/www.expliquesonge.fr\/?page_id=1673\">Continuer la lecture <span class=\"meta-nav\">&rarr;<\/span><\/a><\/p>\n","protected":false},"author":4,"featured_media":0,"parent":0,"menu_order":0,"comment_status":"closed","ping_status":"closed","template":"","meta":{"ngg_post_thumbnail":0,"footnotes":""},"class_list":["post-1673","page","type-page","status-publish","hentry"],"_links":{"self":[{"href":"http:\/\/www.expliquesonge.fr\/index.php?rest_route=\/wp\/v2\/pages\/1673","targetHints":{"allow":["GET"]}}],"collection":[{"href":"http:\/\/www.expliquesonge.fr\/index.php?rest_route=\/wp\/v2\/pages"}],"about":[{"href":"http:\/\/www.expliquesonge.fr\/index.php?rest_route=\/wp\/v2\/types\/page"}],"author":[{"embeddable":true,"href":"http:\/\/www.expliquesonge.fr\/index.php?rest_route=\/wp\/v2\/users\/4"}],"replies":[{"embeddable":true,"href":"http:\/\/www.expliquesonge.fr\/index.php?rest_route=%2Fwp%2Fv2%2Fcomments&post=1673"}],"version-history":[{"count":5,"href":"http:\/\/www.expliquesonge.fr\/index.php?rest_route=\/wp\/v2\/pages\/1673\/revisions"}],"predecessor-version":[{"id":1678,"href":"http:\/\/www.expliquesonge.fr\/index.php?rest_route=\/wp\/v2\/pages\/1673\/revisions\/1678"}],"wp:attachment":[{"href":"http:\/\/www.expliquesonge.fr\/index.php?rest_route=%2Fwp%2Fv2%2Fmedia&parent=1673"}],"curies":[{"name":"wp","href":"https:\/\/api.w.org\/{rel}","templated":true}]}}