{"id":1638,"date":"2021-01-28T22:21:31","date_gmt":"2021-01-28T22:21:31","guid":{"rendered":"http:\/\/www.expliquesonge.fr\/?page_id=1638"},"modified":"2023-02-16T15:39:30","modified_gmt":"2023-02-16T15:39:30","slug":"julie-castel-jordy","status":"publish","type":"page","link":"http:\/\/www.expliquesonge.fr\/?page_id=1638","title":{"rendered":"Julie Castel Jordy"},"content":{"rendered":"\n<p><strong><em>Chanteuse, com\u00e9dienne, cr\u00e9atrice musicale et sonore<\/em><\/strong><\/p>\n\n\n<p><style type=\"text\/css\"><!--\n<span id=\"mce_marker\" data-mce-type=\"bookmark\"><\/span><span id=\"__caret\">_<\/span><!--\nP { margin-bottom: 0.21cm; }\n--><\/style><\/p>\n<p><a href=\"http:\/\/www.expliquesonge.fr\/wp-content\/uploads\/2023\/02\/Dossier-Julie-cv.jpg\"><img loading=\"lazy\" decoding=\"async\" class=\"alignleft wp-image-1742 size-medium\" src=\"http:\/\/www.expliquesonge.fr\/wp-content\/uploads\/2023\/02\/Dossier-Julie-cv-200x300.jpg\" alt=\"Julie Castel Jordy\" width=\"200\" height=\"300\" srcset=\"http:\/\/www.expliquesonge.fr\/wp-content\/uploads\/2023\/02\/Dossier-Julie-cv-200x300.jpg 200w, http:\/\/www.expliquesonge.fr\/wp-content\/uploads\/2023\/02\/Dossier-Julie-cv-683x1024.jpg 683w, http:\/\/www.expliquesonge.fr\/wp-content\/uploads\/2023\/02\/Dossier-Julie-cv.jpg 709w\" sizes=\"auto, (max-width: 200px) 100vw, 200px\" \/><\/a><span style=\"color: #000000;\"><span style=\"font-family: Avenir;\">Art<\/span><\/span><span style=\"color: #000000;\"><span style=\"font-family: Avenir;\">iste pluridisciplinaire, Julie Castel Jordy suit<\/span><\/span><span style=\"font-family: Avenir;\"> une formation th\u00e9\u00e2trale \u00e0 Toulouse au <\/span><span style=\"font-family: Avenir;\"><b>Th\u00e9\u00e2tre Le Ring<\/b><\/span><span style=\"font-family: Avenir;\">, au <\/span><span style=\"font-family: Avenir;\"><b>Th\u00e9\u00e2tre du Hangar<\/b><\/span><span style=\"font-family: Avenir;\"> et <\/span><span style=\"font-family: Avenir;\">une formation musicale \u00e0 <\/span><span style=\"font-family: Avenir;\"><b>Music&rsquo;Halle<\/b><\/span><span style=\"font-family: Avenir;\">. <\/span><span style=\"color: #000000;\"><span style=\"font-family: Avenir;\">Elle suit des stages avec <\/span><\/span><span style=\"color: #000000;\"><span style=\"font-family: Avenir;\"><b>Roberta Carreri <\/b><\/span><\/span><span style=\"color: #000000;\"><span style=\"font-family: Avenir;\">de l&rsquo;<\/span><\/span><span style=\"color: #000000;\"><span style=\"font-family: Avenir;\"><b>Odin Theater<\/b><\/span><\/span><span style=\"color: #000000;\"><span style=\"font-family: Avenir;\">, <\/span><\/span><span style=\"color: #000000;\"><span style=\"font-family: Avenir;\"><b>Fabio E. Sforzini<\/b><\/span><\/span><span style=\"color: #000000;\"><span style=\"font-family: Avenir;\"> et<\/span><\/span><span style=\"color: #000000;\"><span style=\"font-family: Avenir;\"><b> Solange Oswald<\/b><\/span><\/span><span style=\"color: #000000;\"><span style=\"font-family: Avenir;\">. Elle se forme au <\/span><\/span><span style=\"color: #000000;\"><span style=\"font-family: Avenir;\"><b>Studio Des Vari\u00e9t\u00e9s de Paris<\/b><\/span><\/span><span style=\"color: #000000;\"><span style=\"font-family: Avenir;\"> en tant que Coach Sc\u00e9nique.<\/span><\/span><b><\/b><\/p>\n<p align=\"JUSTIFY\"><span style=\"color: #000000;\"><span style=\"font-family: Avenir;\">Avec la Cie du <\/span><\/span><span style=\"color: #000000;\"><span style=\"font-family: Avenir;\"><b>Th\u00e9\u00e2tre 2 l&rsquo;Acte<\/b><\/span><\/span><span style=\"color: #000000;\"><span style=\"font-family: Avenir;\">, elle joue dans <\/span><\/span><span style=\"color: #000000;\"><span style=\"font-family: Avenir;\"><i>Terra Incognita <\/i><\/span><\/span><span style=\"color: #000000;\"><span style=\"font-family: Avenir;\">de <\/span><\/span><span style=\"color: #000000;\"><span style=\"font-family: Avenir;\"><b>Michel Mathieu<\/b><\/span><\/span><span style=\"color: #000000;\"><span style=\"font-family: Avenir;\">.<\/span><\/span><b> <\/b><span style=\"color: #000000;\"><span style=\"font-family: Avenir;\">Avec la Cie <\/span><\/span><span style=\"color: #000000;\"><span style=\"font-family: Avenir;\"><b>Tra\u00fcma<\/b><\/span><\/span><span style=\"color: #000000;\"><span style=\"font-family: Avenir;\">, elle joue<\/span><\/span><b> <\/b><span style=\"color: #000000;\"><span style=\"font-family: Avenir;\">dans <\/span><\/span><span style=\"color: #000000;\"><span style=\"font-family: Avenir;\"><i>Les oiseaux de proie<\/i><\/span><\/span><span style=\"color: #000000;\"><span style=\"font-family: Avenir;\"> et dans <\/span><\/span><span style=\"color: #000000;\"><span style=\"font-family: Avenir;\"><i>La Nuit Nationale <\/i><\/span><\/span><span style=\"color: #000000;\"><span style=\"font-family: Avenir;\">\u00e9crits et mis<\/span><\/span><b> <\/b><span style=\"color: #000000;\"><span style=\"font-family: Avenir;\">en sc\u00e8ne par Diane Launay. <\/span><\/span><\/p>\n<p align=\"JUSTIFY\"><span style=\"color: #000000;\"><span style=\"font-family: Avenir;\">Elle joue dans <\/span><\/span><span style=\"color: #000000;\"><span style=\"font-family: Avenir;\"><i>B\u00e9atrice et Benedict<\/i><\/span><\/span><span style=\"color: #000000;\"><span style=\"font-family: Avenir;\"> mis en sc\u00e8ne par <\/span><\/span><span style=\"color: #000000;\"><span style=\"font-family: Avenir;\"><b>Richard Brunel<\/b><\/span><\/span><span style=\"color: #000000;\"><span style=\"font-family: Avenir;\"> \u00e0 <\/span><\/span><span style=\"color: #000000;\"><span style=\"font-family: Avenir;\"><b>l&rsquo;Op\u00e9ra du Capitole<\/b><\/span><\/span><span style=\"color: #000000;\"><span style=\"font-family: Avenir;\"> de Toulouse.<\/span><\/span> <span style=\"color: #000000;\"><span style=\"font-family: Avenir;\">Elle se produit sur les sc\u00e8nes slam toulousaines avec<\/span><\/span><b> <\/b><span style=\"color: #000000;\"><span style=\"font-family: Avenir;\">\u00ab\u00a0<\/span><\/span><span style=\"color: #000000;\"><span style=\"font-family: Avenir;\"><b>Enterr\u00e9 Sous X<\/b><\/span><\/span><span style=\"color: #000000;\"><span style=\"font-family: Avenir;\">\u00a0\u00bb et participe aux <\/span><\/span><span style=\"color: #000000;\"><span style=\"font-family: Avenir;\"><b>Nuits du Slam. <\/b><\/span><\/span><span style=\"color: #000000;\"><span style=\"font-family: Avenir;\">Elle est autrice-interpr\u00e8te<\/span><\/span><span style=\"color: #000000;\"><span style=\"font-family: Avenir;\"> dans<\/span><\/span><span style=\"color: #000000;\"><span style=\"font-family: Avenir;\"> \u00ab\u00a0<\/span><\/span><span style=\"color: #000000;\"><span style=\"font-family: Avenir;\"><b>JiLi JiLi<\/b><\/span><\/span><span style=\"color: #000000;\"><span style=\"font-family: Avenir;\">\u00a0\u00bb <\/span><\/span><span style=\"color: #000000;\"><span style=\"font-family: Avenir;\">avec Julian Babou, <\/span><\/span><span style=\"color: #000000;\"><span style=\"font-family: Avenir;\">\u00ab\u00a0<\/span><\/span><span style=\"color: #000000;\"><span style=\"font-family: Avenir;\"><b>l&rsquo;Amante Religieuse<\/b><\/span><\/span><span style=\"color: #000000;\"><span style=\"font-family: Avenir;\">\u00a0\u00bb avec<\/span><\/span><span style=\"color: #000000;\"><span style=\"font-family: Avenir;\"> Maxime Dupuis, <\/span><\/span><span style=\"color: #000000;\"><span style=\"font-family: Avenir;\">le groupe de Rockcore <\/span><\/span><span style=\"color: #000000;\"><span style=\"font-family: Avenir;\"><b>NEwTT<\/b><\/span><\/span><span style=\"color: #000000;\"><span style=\"font-family: Avenir;\"> et <\/span><\/span><span style=\"color: #000000;\"><span style=\"font-family: Avenir;\"><b>Lotus Titan. <\/b><\/span><\/span><span style=\"color: #000000;\"><span style=\"font-family: Avenir;\">Elle participe \u00e0 un spectacle musical autour du <\/span><\/span><span style=\"color: #000000;\"><span style=\"font-family: Avenir;\"><b>Magnificat de Bach<\/b><\/span><\/span><span style=\"color: #000000;\"><span style=\"font-family: Avenir;\">, <\/span><\/span><span style=\"color: #000000;\"><span style=\"font-family: Avenir;\">sous la direction d&rsquo;Eug\u00e9nie Ursch. Elle fait partie du groupe \u00ab\u00a0<\/span><\/span><span style=\"color: #000000;\"><span style=\"font-family: Avenir;\"><b>Les Trash Croutes<\/b><\/span><\/span><span style=\"color: #000000;\"><span style=\"font-family: Avenir;\">\u00a0\u00bb, de<\/span><\/span> <span style=\"color: #000000;\"><span style=\"font-family: Avenir;\"><b>L&rsquo;Emeute Philharmonique de SEC<\/b><\/span><\/span><span style=\"color: #000000;\"><span style=\"font-family: Avenir;\"> en tant que cheffe de choeur et du <\/span><\/span><span style=\"color: #000000;\"><span style=\"font-family: Avenir;\">cabaret \u00ab<\/span><\/span><span style=\"color: #000000;\"><span style=\"font-family: Avenir;\"><b>\u00a0Chez Germaine<\/b><\/span><\/span><span style=\"color: #000000;\"><span style=\"font-family: Avenir;\">\u00a0\u00bb mis en sc\u00e8ne par <\/span><\/span><span style=\"color: #000000;\"><span style=\"font-family: Avenir;\"><b>Claire Balerdi<\/b><\/span><\/span><span style=\"color: #000000;\"><span style=\"font-family: Avenir;\"> du <\/span><\/span><span style=\"color: #000000;\"><span style=\"font-family: Avenir;\"><b>Collectif Cocktail<\/b><\/span><\/span><span style=\"color: #000000;\"><span style=\"font-family: Avenir;\">. Elle joue dans la pi\u00e8ce <em>Au coeur des cendres <\/em>librement inspir\u00e9e des \u00e9crits d&rsquo;<strong>Etty Hillesum<\/strong>, \u00e9crite et mise en sc\u00e8ne par <strong>Val\u00e9rie Castel Jordy<\/strong>.<br \/><\/span><\/span><\/p>\n<p align=\"JUSTIFY\"><span style=\"color: #000000;\"><span style=\"font-family: Avenir;\">Elle accompagne des artistes issu\u00b7es de la sc\u00e8ne des musiques actuelles et anime des ateliers d&rsquo;\u00e9criture notamment \u00e0 la Maison d&rsquo;Arr\u00eat de Rodez et au Centre de D\u00e9tention de Muret.<\/span><\/span><\/p>","protected":false},"excerpt":{"rendered":"<p>Chanteuse, com\u00e9dienne, cr\u00e9atrice musicale et sonore Artiste pluridisciplinaire, Julie Castel Jordy suit une formation th\u00e9\u00e2trale \u00e0 Toulouse au Th\u00e9\u00e2tre Le Ring, au Th\u00e9\u00e2tre du Hangar et une formation musicale \u00e0 Music&rsquo;Halle. Elle suit des stages avec Roberta Carreri de l&rsquo;Odin &hellip; <a href=\"http:\/\/www.expliquesonge.fr\/?page_id=1638\">Continuer la lecture <span class=\"meta-nav\">&rarr;<\/span><\/a><\/p>\n","protected":false},"author":4,"featured_media":0,"parent":0,"menu_order":0,"comment_status":"closed","ping_status":"closed","template":"","meta":{"ngg_post_thumbnail":0,"footnotes":""},"class_list":["post-1638","page","type-page","status-publish","hentry"],"_links":{"self":[{"href":"http:\/\/www.expliquesonge.fr\/index.php?rest_route=\/wp\/v2\/pages\/1638","targetHints":{"allow":["GET"]}}],"collection":[{"href":"http:\/\/www.expliquesonge.fr\/index.php?rest_route=\/wp\/v2\/pages"}],"about":[{"href":"http:\/\/www.expliquesonge.fr\/index.php?rest_route=\/wp\/v2\/types\/page"}],"author":[{"embeddable":true,"href":"http:\/\/www.expliquesonge.fr\/index.php?rest_route=\/wp\/v2\/users\/4"}],"replies":[{"embeddable":true,"href":"http:\/\/www.expliquesonge.fr\/index.php?rest_route=%2Fwp%2Fv2%2Fcomments&post=1638"}],"version-history":[{"count":5,"href":"http:\/\/www.expliquesonge.fr\/index.php?rest_route=\/wp\/v2\/pages\/1638\/revisions"}],"predecessor-version":[{"id":1823,"href":"http:\/\/www.expliquesonge.fr\/index.php?rest_route=\/wp\/v2\/pages\/1638\/revisions\/1823"}],"wp:attachment":[{"href":"http:\/\/www.expliquesonge.fr\/index.php?rest_route=%2Fwp%2Fv2%2Fmedia&parent=1638"}],"curies":[{"name":"wp","href":"https:\/\/api.w.org\/{rel}","templated":true}]}}