{"id":1513,"date":"2018-08-29T13:53:41","date_gmt":"2018-08-29T13:53:41","guid":{"rendered":"http:\/\/www.expliquesonge.fr\/?page_id=1513"},"modified":"2019-04-19T21:18:12","modified_gmt":"2019-04-19T21:18:12","slug":"saison-2018-2019","status":"publish","type":"page","link":"http:\/\/www.expliquesonge.fr\/?page_id=1513","title":{"rendered":"Saison 2018-2019"},"content":{"rendered":"<p><strong><span style=\"color: #000000;\">LA TRAVERSEE DU AZHAR de\u00a0<\/span>Val\u00e9rie<span style=\"color: #000000;\">\u00a0Castel Jordy (\u00e0 partir de 13 ans)<\/span><\/strong><\/p>\n<p><span style=\"text-decoration: underline;\">Pr\u00e9sentation de maquette suivie d&rsquo;un \u00e9change avec le public :<\/span><\/p>\n<p>&#8211; Vendredi 14 septembre 2018 \u00e0 15h au Th\u00e9\u00e2tre de la Nacelle d&rsquo;Aubergenville<\/p>\n<p>&#8211; Vendredi 21 septembre 2018 \u00e0 10h \u00e0 ARTA\/Th\u00e9\u00e2tre du Soleil<\/p>\n<p>&#8211; Vendredi 26 octobre 2018 \u00e0 15h \u00e0 l&rsquo;ECAM\/Th\u00e9\u00e2tre du Kremlin-Bic\u00eatre<\/p>\n<p>&#8211; Mardi 4 d\u00e9cembre 2018 \u00e0 15h \u00e0 l&rsquo;Espace Marcel Carn\u00e9 de Saint-Michel-sur-Orge<\/p>\n<p>&#8211; Lundi 17 d\u00e9cembre 2018 \u00e0 15h au Th\u00e9\u00e2tre de Ch\u00e2tillon<\/p>\n<p>&#8211; Lundi 18 mars 2019 \u00e0 17h30 au Th\u00e9\u00e2tre Pierre Faucher de l&rsquo;ICAM de Lille<em><br \/>\n<\/em><\/p>\n<p><span style=\"text-decoration: underline;\">Cr\u00e9ation au Festival d&rsquo;Avignon 2019 :<br \/>\n<\/span><br \/>\n&#8211; Du vendredi 5 au lundi 15 juillet \u00e0 14h au Parvis d&rsquo;Avignon (33 rue Paul Sa\u00efn)<br \/>\nRel\u00e2che le 10 juillet<\/p>\n","protected":false},"excerpt":{"rendered":"<p>LA TRAVERSEE DU AZHAR de\u00a0Val\u00e9rie\u00a0Castel Jordy (\u00e0 partir de 13 ans) Pr\u00e9sentation de maquette suivie d&rsquo;un \u00e9change avec le public : &#8211; Vendredi 14 septembre 2018 \u00e0 15h au Th\u00e9\u00e2tre de la Nacelle d&rsquo;Aubergenville &#8211; Vendredi 21 septembre 2018 \u00e0 &hellip; <a href=\"http:\/\/www.expliquesonge.fr\/?page_id=1513\">Continuer la lecture <span class=\"meta-nav\">&rarr;<\/span><\/a><\/p>\n","protected":false},"author":4,"featured_media":0,"parent":0,"menu_order":0,"comment_status":"open","ping_status":"open","template":"","meta":{"ngg_post_thumbnail":0,"footnotes":""},"class_list":["post-1513","page","type-page","status-publish","hentry"],"_links":{"self":[{"href":"http:\/\/www.expliquesonge.fr\/index.php?rest_route=\/wp\/v2\/pages\/1513","targetHints":{"allow":["GET"]}}],"collection":[{"href":"http:\/\/www.expliquesonge.fr\/index.php?rest_route=\/wp\/v2\/pages"}],"about":[{"href":"http:\/\/www.expliquesonge.fr\/index.php?rest_route=\/wp\/v2\/types\/page"}],"author":[{"embeddable":true,"href":"http:\/\/www.expliquesonge.fr\/index.php?rest_route=\/wp\/v2\/users\/4"}],"replies":[{"embeddable":true,"href":"http:\/\/www.expliquesonge.fr\/index.php?rest_route=%2Fwp%2Fv2%2Fcomments&post=1513"}],"version-history":[{"count":4,"href":"http:\/\/www.expliquesonge.fr\/index.php?rest_route=\/wp\/v2\/pages\/1513\/revisions"}],"predecessor-version":[{"id":1537,"href":"http:\/\/www.expliquesonge.fr\/index.php?rest_route=\/wp\/v2\/pages\/1513\/revisions\/1537"}],"wp:attachment":[{"href":"http:\/\/www.expliquesonge.fr\/index.php?rest_route=%2Fwp%2Fv2%2Fmedia&parent=1513"}],"curies":[{"name":"wp","href":"https:\/\/api.w.org\/{rel}","templated":true}]}}