{"id":1505,"date":"2018-08-29T13:33:21","date_gmt":"2018-08-29T13:33:21","guid":{"rendered":"http:\/\/www.expliquesonge.fr\/?page_id=1505"},"modified":"2018-08-29T13:47:42","modified_gmt":"2018-08-29T13:47:42","slug":"intentions-de-mise-en-scene","status":"publish","type":"page","link":"http:\/\/www.expliquesonge.fr\/?page_id=1505","title":{"rendered":"Intentions de mise en sc\u00e8ne"},"content":{"rendered":"<p align=\"JUSTIFY\"><span style=\"color: #000000;\"><span style=\"font-family: Optima, 'MS Mincho';\"><span style=\"font-size: small;\">Jour apr\u00e8s jour, des hommes, des femmes, des enfants lancent des appels au secours vers l&rsquo;Europe. Comment y r\u00e9pondre\u00a0? Le th\u00e9\u00e2tre peut \u00eatre une r\u00e9ponse. Il est un lieu o\u00f9 la parole peut circuler. Devant une telle r\u00e9alit\u00e9, il est essentiel d&rsquo;imaginer pour se mettre \u00e0 leur place, de s&rsquo;asseoir pour comprendre, d&rsquo;agir po<\/span><\/span><\/span><span style=\"color: #000000;\"><span style=\"font-family: Optima, 'MS Mincho';\"><span style=\"font-size: small;\">ur accompagner <\/span><\/span><\/span><span style=\"color: #000000;\"><span style=\"font-family: Optima, 'MS Mincho';\"><span style=\"font-size: small;\">la dynamique qu&rsquo;ils impulsent.\u00a0<\/span><\/span><\/span><span style=\"color: #000000;\"><span style=\"font-family: Optima, 'MS Mincho';\"><span style=\"font-size: small;\"><i>La travers\u00e9e du Azhar<\/i><\/span><\/span><\/span><span style=\"color: #000000;\"><span style=\"font-family: Optima, 'MS Mincho';\"><span style=\"font-size: small;\"> est une fiction inspir\u00e9e par des r\u00e9cits v\u00e9cus qui m&rsquo;ont \u00e9t\u00e9 rapport\u00e9s par des hommes de pays diff\u00e9rents, chacun face \u00e0 son drame, sa probl\u00e9matique et ses espoirs. La pi\u00e8ce prend sa source dans l&rsquo;imagination mais aussi dans l&rsquo;exp\u00e9rience de l&rsquo;accueil que je vis.<\/span><\/span><\/span><\/p>\n<p align=\"JUSTIFY\"><span style=\"color: #000000;\"><span style=\"font-family: Optima, 'MS Mincho';\"><span style=\"font-size: small;\">Dans mon travail de metteuse en sc\u00e8ne, j&rsquo;ai toujours choisi des textes o\u00f9 l&rsquo;humanit\u00e9 est fortement en jeu. Les mouvements de population que nous vivons actuellement pour des raisons politiques, \u00e9conomiques, climatiques m&rsquo;ont pouss\u00e9e \u00e0 me mettre moi aussi en mouvement par l&rsquo;\u00e9criture. Comme une bouteille lanc\u00e9e \u00e0 la mer, j&rsquo;\u00e9cris des mots sur le papier pour qu&rsquo;ils soient une r\u00e9ponse.<\/span><\/span><\/span><\/p>\n<p align=\"JUSTIFY\"><span style=\"color: #000000;\"><span style=\"font-family: Optima, 'MS Mincho';\"><span style=\"font-size: small;\">Chaque sc\u00e8ne a \u00e9t\u00e9 \u00e9crite avec la vision du plateau. La pi\u00e8ce n&rsquo;est pas une th\u00e8se. Je n&rsquo;ai pas voulu m&rsquo;inscrire dans un th\u00e9\u00e2tre d&rsquo;id\u00e9es. Tout passe par l&rsquo;incarnation des personnages.<\/span><\/span><\/span> <span style=\"color: #000000;\"><span style=\"font-family: Optima, 'MS Mincho';\"><span style=\"font-size: small;\">C&rsquo;est une<\/span><\/span><\/span><span style=\"color: #000000;\"><span style=\"font-family: Optima, 'MS Mincho';\"><span style=\"font-size: small;\"> travers\u00e9e physique qui marque la chair. Pour ressentir l\u2019impensable, le travail sur le mouvement est fondamental pour les acteurs comme pour le public et notamment pour les adolescents auxquels je souhaite m&rsquo;adresser. <\/span><\/span><\/span><span style=\"color: #000000;\"><span style=\"font-family: Optima, 'MS Mincho';\"><span style=\"font-size: small;\">La pi\u00e8ce est travers\u00e9e par les questions fondamentales et les tiraillements inh\u00e9rents \u00e0 ce drame humain et mondial. Mais l&rsquo;histoire n&rsquo;est pas r\u00e9duite \u00e0 ce noeud-l\u00e0. Autour d&rsquo;Azhar, les autres personnages existent. Parler de l&rsquo;\u00e9tranger c&rsquo;est aussi parler de ceux et celles qui l&rsquo;accueillent, de ceux et celles qui sont sceptiques ou le refusent.<br \/>\n<\/span><\/span><\/span><\/p>\n<div id=\"attachment_1508\" style=\"width: 310px\" class=\"wp-caption alignleft\"><a href=\"http:\/\/www.expliquesonge.fr\/wp-content\/uploads\/2018\/08\/Photo\u00a9UNHCRMark-Henley.jpg\"><img loading=\"lazy\" decoding=\"async\" aria-describedby=\"caption-attachment-1508\" class=\"size-medium wp-image-1508\" src=\"http:\/\/www.expliquesonge.fr\/wp-content\/uploads\/2018\/08\/Photo\u00a9UNHCRMark-Henley-300x200.jpg\" alt=\"Photo\u00a9UNHCRMark-Henley\" width=\"300\" height=\"200\" srcset=\"http:\/\/www.expliquesonge.fr\/wp-content\/uploads\/2018\/08\/Photo\u00a9UNHCRMark-Henley-300x200.jpg 300w, http:\/\/www.expliquesonge.fr\/wp-content\/uploads\/2018\/08\/Photo\u00a9UNHCRMark-Henley-1024x681.jpg 1024w\" sizes=\"auto, (max-width: 300px) 100vw, 300px\" \/><\/a><p id=\"caption-attachment-1508\" class=\"wp-caption-text\">Photo\u00a9UNHCR\/Mark Henley<\/p><\/div>\n<p align=\"JUSTIFY\"><span style=\"color: #000000;\"><span style=\"font-family: Optima, 'MS Mincho';\"><span style=\"font-size: small;\">La trame de d\u00e9part est simple en apparence. Il s&rsquo;agit d&rsquo;une famille qui h\u00e9berge pour un mois un demandeur d&rsquo;asile par le biais d&rsquo;une association. Par ce choix, j&rsquo;ai voulu parler de cette hospitalit\u00e9 qui se pratique aujourd&rsquo;hui et qui est peu m\u00e9diatis\u00e9e, de cette hospitalit\u00e9 qui s&rsquo;inscrit dans une tradition ancestrale. Cela permet de passer de l&rsquo;image des \u00ab\u00a0migrants\u00a0\u00bb \u00e0 l&rsquo;histoire d&rsquo;un homme qui pourrait \u00eatre nous-m\u00eames.<\/span><\/span><\/span><\/p>\n<p align=\"JUSTIFY\"><span style=\"color: #000000;\"><span style=\"font-family: Optima, 'MS Mincho';\"><span style=\"font-size: small;\">Le th\u00e9\u00e2tre peut nous aider \u00e0 sortir des clich\u00e9s et du fantasme de l&rsquo;invasion. Derri\u00e8re ces gens coinc\u00e9s \u00e0 nos fronti\u00e8res, il s&rsquo;agit bien d&rsquo;un homme, d&rsquo;une femme, d&rsquo;un enfant, chacun dans son unicit\u00e9 et sa singularit\u00e9. Les plus grandes aventures th\u00e9\u00e2trales se sont nourries du m\u00e9tissage des cultures. Elles sont une repr\u00e9sentation du monde r\u00e9el qui s&rsquo;invente dans l&rsquo;alt\u00e9rit\u00e9 et non pas dans la peur de perdre son identit\u00e9. Hom\u00e8re et Sophocle, pour ne citer qu&rsquo;eux, nous rappellent bien que le droit d&rsquo;asile est pr\u00e9sent dans nos g\u00eanes depuis longtemps.<\/span><\/span><\/span><\/p>\n<p align=\"JUSTIFY\"><span style=\"color: #000000;\"><span style=\"font-family: Optima, 'MS Mincho';\"><span style=\"font-size: small;\">Avec David Saint Sulpice qui a collabor\u00e9 \u00e0 l&rsquo;\u00e9criture en apportant son \u00e9clairage et sa sensibilit\u00e9, nous souhaitons nous adresser au public en laissant toutes les portes ouvertes. La pi\u00e8ce embrasse plusieurs points de vue sans jugement. Devant une telle probl\u00e9matique, la complexit\u00e9 des r\u00e9actions est essentielle, elle est m\u00eame un moteur formidable de jeu pour les acteurs et porte une vraie dimension th\u00e9\u00e2trale. C&rsquo;est une travers\u00e9e concr\u00e8te pour un homme qui suscite des travers\u00e9es int\u00e9rieures pour lui-m\u00eame et pour les autres pris avec lui par ce flux ininterrompu d&rsquo;appel au secours.<\/span><\/span><\/span><\/p>\n<p>Val\u00e9rie Castel Jordy<\/p>\n","protected":false},"excerpt":{"rendered":"<p>Jour apr\u00e8s jour, des hommes, des femmes, des enfants lancent des appels au secours vers l&rsquo;Europe. Comment y r\u00e9pondre\u00a0? Le th\u00e9\u00e2tre peut \u00eatre une r\u00e9ponse. Il est un lieu o\u00f9 la parole peut circuler. Devant une telle r\u00e9alit\u00e9, il est &hellip; <a href=\"http:\/\/www.expliquesonge.fr\/?page_id=1505\">Continuer la lecture <span class=\"meta-nav\">&rarr;<\/span><\/a><\/p>\n","protected":false},"author":4,"featured_media":0,"parent":0,"menu_order":0,"comment_status":"open","ping_status":"open","template":"","meta":{"ngg_post_thumbnail":0,"footnotes":""},"class_list":["post-1505","page","type-page","status-publish","hentry"],"_links":{"self":[{"href":"http:\/\/www.expliquesonge.fr\/index.php?rest_route=\/wp\/v2\/pages\/1505","targetHints":{"allow":["GET"]}}],"collection":[{"href":"http:\/\/www.expliquesonge.fr\/index.php?rest_route=\/wp\/v2\/pages"}],"about":[{"href":"http:\/\/www.expliquesonge.fr\/index.php?rest_route=\/wp\/v2\/types\/page"}],"author":[{"embeddable":true,"href":"http:\/\/www.expliquesonge.fr\/index.php?rest_route=\/wp\/v2\/users\/4"}],"replies":[{"embeddable":true,"href":"http:\/\/www.expliquesonge.fr\/index.php?rest_route=%2Fwp%2Fv2%2Fcomments&post=1505"}],"version-history":[{"count":4,"href":"http:\/\/www.expliquesonge.fr\/index.php?rest_route=\/wp\/v2\/pages\/1505\/revisions"}],"predecessor-version":[{"id":1511,"href":"http:\/\/www.expliquesonge.fr\/index.php?rest_route=\/wp\/v2\/pages\/1505\/revisions\/1511"}],"wp:attachment":[{"href":"http:\/\/www.expliquesonge.fr\/index.php?rest_route=%2Fwp%2Fv2%2Fmedia&parent=1505"}],"curies":[{"name":"wp","href":"https:\/\/api.w.org\/{rel}","templated":true}]}}