{"id":1450,"date":"2018-08-29T12:25:27","date_gmt":"2018-08-29T12:25:27","guid":{"rendered":"http:\/\/www.expliquesonge.fr\/?page_id=1450"},"modified":"2020-07-21T08:25:21","modified_gmt":"2020-07-21T08:25:21","slug":"la-traversee-du-azhar","status":"publish","type":"page","link":"http:\/\/www.expliquesonge.fr\/?page_id=1450","title":{"rendered":"La travers\u00e9e du Azhar"},"content":{"rendered":"<h1><em><strong>La travers\u00e9e du Azhar<\/strong><\/em><\/h1>\n<p>Spectacle Tout Public, \u00e0 partir de 13 ans<br \/>\nDur\u00e9e du spectacle : 1h35 environ<br \/>\nProduction\u00a0: L&rsquo;Explique-Songe<br \/>\n<em>Avec le soutien du Th\u00e9\u00e2tre de la Nacelle d&rsquo;Aubergenville,\u00a0 de l&rsquo;ECAM\/Th\u00e9\u00e2tre du Kremlin-Bic\u00eatre, des Plateaux Sauvages, de la Ville de Bois-Colombes, de la soci\u00e9t\u00e9 ANGERIS, d&rsquo;INIGO Volontariat, de la Fondation de Montcheuil, de l&rsquo;ADAMI et de la SPEDIDAM. Le spectacle est labellis\u00e9 par la LICRA.<\/em><\/p>\n<p>Ecriture et mise en sc\u00e8ne : <strong><a href=\"http:\/\/www.expliquesonge.fr\/?page_id=82\">Val\u00e9rie Castel Jordy<\/a><\/strong><br \/>\nCollaboration \u00e0 l&rsquo;\u00e9criture : <strong>David Saint Sulpice<\/strong><br \/>\nCollaboration artistique : <strong>Eric Nesci<\/strong><br \/>\nCr\u00e9ation musicale et sonore\u00a0: <strong>Olivier Deparis<\/strong><br \/>\nSc\u00e9nographie et costumes\u00a0: <strong>Val\u00e9rie Castel Jordy<\/strong><br \/>\nConseils sc\u00e9nographie et costumes : <strong>Charlotte Villermet<br \/>\n<\/strong>Conseils cr\u00e9ation lumi\u00e8re : <strong>Yvan Labasse<br \/>\n<\/strong>Administration : <strong>Alexandre Delawarde<\/strong><br \/>\nProduction\/Diffusion\u00a0: <strong>Yasmine Bargache<\/strong><\/p>\n<p>Avec :<br \/>\n<strong>Simon Bonnel<\/strong>\u00a0: MARC, le fils<br \/>\n<strong>Jehanguir Byramjee<\/strong>\u00a0: AZHAR, le demandeur d&rsquo;asile<br \/>\n<strong>Emilie Cazenave<\/strong>\u00a0: SUZANNE, la fille<br \/>\n<strong>St\u00e9phane Delbass\u00e9<\/strong>\u00a0: PHILIPPE, le p\u00e8re<br \/>\n<strong>Isabelle Gardien<\/strong>\u00a0: BETTY, la m\u00e8re<br \/>\n<strong>Claire Mirande<\/strong> : MADELEINE, l&rsquo;accompagnatrice d&rsquo;Azhar<br \/>\n<strong>Eric Nesci<\/strong>\u00a0: DUCCIO, le colocataire de Marc<em><br \/>\n<\/em><\/p>\n","protected":false},"excerpt":{"rendered":"<p>La travers\u00e9e du Azhar Spectacle Tout Public, \u00e0 partir de 13 ans Dur\u00e9e du spectacle : 1h35 environ Production\u00a0: L&rsquo;Explique-Songe Avec le soutien du Th\u00e9\u00e2tre de la Nacelle d&rsquo;Aubergenville,\u00a0 de l&rsquo;ECAM\/Th\u00e9\u00e2tre du Kremlin-Bic\u00eatre, des Plateaux Sauvages, de la Ville de &hellip; <a href=\"http:\/\/www.expliquesonge.fr\/?page_id=1450\">Continuer la lecture <span class=\"meta-nav\">&rarr;<\/span><\/a><\/p>\n","protected":false},"author":4,"featured_media":0,"parent":0,"menu_order":0,"comment_status":"open","ping_status":"open","template":"","meta":{"ngg_post_thumbnail":0,"footnotes":""},"class_list":["post-1450","page","type-page","status-publish","hentry"],"_links":{"self":[{"href":"http:\/\/www.expliquesonge.fr\/index.php?rest_route=\/wp\/v2\/pages\/1450","targetHints":{"allow":["GET"]}}],"collection":[{"href":"http:\/\/www.expliquesonge.fr\/index.php?rest_route=\/wp\/v2\/pages"}],"about":[{"href":"http:\/\/www.expliquesonge.fr\/index.php?rest_route=\/wp\/v2\/types\/page"}],"author":[{"embeddable":true,"href":"http:\/\/www.expliquesonge.fr\/index.php?rest_route=\/wp\/v2\/users\/4"}],"replies":[{"embeddable":true,"href":"http:\/\/www.expliquesonge.fr\/index.php?rest_route=%2Fwp%2Fv2%2Fcomments&post=1450"}],"version-history":[{"count":4,"href":"http:\/\/www.expliquesonge.fr\/index.php?rest_route=\/wp\/v2\/pages\/1450\/revisions"}],"predecessor-version":[{"id":1617,"href":"http:\/\/www.expliquesonge.fr\/index.php?rest_route=\/wp\/v2\/pages\/1450\/revisions\/1617"}],"wp:attachment":[{"href":"http:\/\/www.expliquesonge.fr\/index.php?rest_route=%2Fwp%2Fv2%2Fmedia&parent=1450"}],"curies":[{"name":"wp","href":"https:\/\/api.w.org\/{rel}","templated":true}]}}