{"id":1398,"date":"2018-08-26T13:22:09","date_gmt":"2018-08-26T13:22:09","guid":{"rendered":"http:\/\/www.expliquesonge.fr\/?page_id=1398"},"modified":"2018-08-29T13:49:46","modified_gmt":"2018-08-29T13:49:46","slug":"saison-2017-2018","status":"publish","type":"page","link":"http:\/\/www.expliquesonge.fr\/?page_id=1398","title":{"rendered":"Saison 2017-2018"},"content":{"rendered":"<p style=\"text-align: justify;\"><span style=\"color: #000000;\"><strong><span style=\"color: #000000;\"><br \/>\nAINSI VONT LES CERISES de\u00a0<\/span>Val\u00e9rie<span style=\"color: #000000;\">\u00a0Castel Jordy (\u00e0 partir de 6 ans)<\/span><\/strong><\/span><\/p>\n<p style=\"text-align: justify;\"><span style=\"color: #000000;\"><em>Apr\u00e8s plusieurs p\u00e9riodes de r\u00e9sidence au<\/em><em>\u00a0Th\u00e9\u00e2tre de Ch\u00e2tillon\u00a0(92), <\/em><em>\u00e0 la\u00a0<\/em><em>Grange dim\u00ee\u00e8re, Th\u00e9\u00e2tre de Fresnes\u00a0(94), au\u00a0Th\u00e9\u00e2tre dans les Vignes\u00a0(Aude) et au\u00a0\u00a0Th\u00e9\u00e2tre de la Nacelle d&rsquo;Aubergenville\u00a0(78), le\u00a0spectacle a \u00e9t\u00e9 cr\u00e9\u00e9 en\u00a0novembre 2017.<\/em><strong><br \/>\n<\/strong><\/span><\/p>\n<p style=\"text-align: justify;\"><span style=\"color: #000000;\">&#8211; 7 et 8 novembre 2017\u00a0: Th\u00e9\u00e2tre de la Nacelle &#8211; mardi 7 \u00e0 14h (JP) et mercredi 8 \u00e0 15h (TP)<br \/>\n<\/span><br \/>\n<span style=\"color: #000000;\"> &#8211; 17 et 18 novembre 2017\u00a0: Th\u00e9\u00e2tre Rutebeuf de Clichy \u2013 vendredi 17 \u00e0 14h (JP) et samedi 18 \u00e0 15h (TP)<br \/>\n<\/span><br \/>\n<span style=\"color: #000000;\"> &#8211; 23 mars 2018\u00a0: Th\u00e9\u00e2tre dans les Vignes \u2013 vendredi 23 \u00e0 14h30 (JP) et \u00e0 19h (TP)<\/span><\/p>\n<p><span style=\"color: #000000;\"><strong><span style=\"color: #000000;\">LA TRAVERSEE DU AZHAR de\u00a0<\/span>Val\u00e9rie<span style=\"color: #000000;\">\u00a0Castel Jordy (\u00e0 partir de 13 ans)<\/span><\/strong><\/span><\/p>\n<p><span style=\"color: #000000;\">Dates de lectures publiques :<\/span><\/p>\n<p><span style=\"color: #000000;\">&#8211; 21 novembre 2017 \u00e0 10h :\u00a0ECAM, Th\u00e9\u00e2tre du Kremlin-Bic\u00eatre<\/span><\/p>\n<p><span style=\"color: #000000;\">&#8211; 27 novembre 2017 \u00e0 15h : Th\u00e9\u00e2tre de Ch\u00e2tillon<\/span><\/p>\n<p><span style=\"color: #000000;\">&#8211; 2\u00a0f\u00e9vrier 2018 \u00e0 15h : Th\u00e9\u00e2tre 13 Seine<\/span><\/p>\n<p><span style=\"color: #000000;\">&#8211; 30 mars 2018 \u00e0 14h30 : Les C\u00e9lestins, Th\u00e9\u00e2tre de Lyon<\/span><\/p>\n","protected":false},"excerpt":{"rendered":"<p>AINSI VONT LES CERISES de\u00a0Val\u00e9rie\u00a0Castel Jordy (\u00e0 partir de 6 ans) Apr\u00e8s plusieurs p\u00e9riodes de r\u00e9sidence au\u00a0Th\u00e9\u00e2tre de Ch\u00e2tillon\u00a0(92), \u00e0 la\u00a0Grange dim\u00ee\u00e8re, Th\u00e9\u00e2tre de Fresnes\u00a0(94), au\u00a0Th\u00e9\u00e2tre dans les Vignes\u00a0(Aude) et au\u00a0\u00a0Th\u00e9\u00e2tre de la Nacelle d&rsquo;Aubergenville\u00a0(78), le\u00a0spectacle a \u00e9t\u00e9 cr\u00e9\u00e9 en\u00a0novembre &hellip; <a href=\"http:\/\/www.expliquesonge.fr\/?page_id=1398\">Continuer la lecture <span class=\"meta-nav\">&rarr;<\/span><\/a><\/p>\n","protected":false},"author":4,"featured_media":0,"parent":0,"menu_order":0,"comment_status":"open","ping_status":"open","template":"","meta":{"ngg_post_thumbnail":0,"footnotes":""},"class_list":["post-1398","page","type-page","status-publish","hentry"],"_links":{"self":[{"href":"http:\/\/www.expliquesonge.fr\/index.php?rest_route=\/wp\/v2\/pages\/1398","targetHints":{"allow":["GET"]}}],"collection":[{"href":"http:\/\/www.expliquesonge.fr\/index.php?rest_route=\/wp\/v2\/pages"}],"about":[{"href":"http:\/\/www.expliquesonge.fr\/index.php?rest_route=\/wp\/v2\/types\/page"}],"author":[{"embeddable":true,"href":"http:\/\/www.expliquesonge.fr\/index.php?rest_route=\/wp\/v2\/users\/4"}],"replies":[{"embeddable":true,"href":"http:\/\/www.expliquesonge.fr\/index.php?rest_route=%2Fwp%2Fv2%2Fcomments&post=1398"}],"version-history":[{"count":7,"href":"http:\/\/www.expliquesonge.fr\/index.php?rest_route=\/wp\/v2\/pages\/1398\/revisions"}],"predecessor-version":[{"id":1512,"href":"http:\/\/www.expliquesonge.fr\/index.php?rest_route=\/wp\/v2\/pages\/1398\/revisions\/1512"}],"wp:attachment":[{"href":"http:\/\/www.expliquesonge.fr\/index.php?rest_route=%2Fwp%2Fv2%2Fmedia&parent=1398"}],"curies":[{"name":"wp","href":"https:\/\/api.w.org\/{rel}","templated":true}]}}