{"id":1315,"date":"2016-10-17T22:04:02","date_gmt":"2016-10-17T22:04:02","guid":{"rendered":"http:\/\/www.expliquesonge.fr\/?page_id=1315"},"modified":"2018-01-13T14:30:00","modified_gmt":"2018-01-13T14:30:00","slug":"scenographie-et-univers-musical","status":"publish","type":"page","link":"http:\/\/www.expliquesonge.fr\/?page_id=1315","title":{"rendered":"Sc\u00e9nographie et univers musical"},"content":{"rendered":"<h1 style=\"text-align: justify;\"><span style=\"color: #ff0000;\"><em><strong>Ainsi vont les cerises<\/strong><\/em><\/span><\/h1>\n<p align=\"JUSTIFY\"><span style=\"color: #ff3333;\"><span style=\"font-family: Optima;\"><span style=\"font-size: large;\"><b>Espace sc\u00e9nique<\/b><\/span><\/span><\/span><\/p>\n<p align=\"JUSTIFY\"><span style=\"font-family: Optima;\"><span style=\"font-size: small;\">La sc\u00e9nographie suit le <\/span><\/span><span style=\"font-family: Optima;\"><span style=\"font-size: small;\"><b>mouvement du texte construit en 5 sc\u00e8nes<\/b><\/span><\/span><span style=\"font-family: Optima;\"><span style=\"font-size: small;\">. Nous d\u00e9couvrons d&rsquo;abord deux univers s\u00e9par\u00e9s qui signifient la maison de chaque s\u0153ur\u00a0: une porte centrale et deux portes de chaque c\u00f4t\u00e9 formant un m\u00eame ensemble de couleur rouge. Puis, elles se retrouvent devant la porte de la maison parentale\u00a0: les portes lat\u00e9rales sont \u00e0 la perpendiculaire de la porte centrale. L&rsquo;espace sc\u00e9nique se resserre avec une sc\u00e8ne devant l&rsquo;armoire de la m\u00e8re qui est \u00e0 l&rsquo;int\u00e9rieur du dispositif des trois portes puis une autre dans la chambre des deux soeurs, avec le coffre \u00e0 jouets. Comme les colis que la m\u00e8re leur envoie avec des boites de plus en plus petites, la sc\u00e9nographie travaille la boite dans la boite dans la boite&#8230; Au final, l&rsquo;espace s&rsquo;ouvre du dedans vers le dehors o\u00f9 nous retrouvons les deux soeurs assises sur le banc du jardin, sous le cerisier. <\/span><\/span><\/p>\n<p align=\"JUSTIFY\"><span style=\"font-family: Optima;\"><span style=\"font-size: small;\">Le jeu de piste se r\u00e9tr\u00e9cit petit \u00e0 petit puis s&rsquo;\u00e9largit pour la sc\u00e8ne finale. Les \u00e9l\u00e9ments de d\u00e9cor sont mobiles pour faciliter leur manipulation et les changements de lieux. Ces mouvements sont pratiques mais aussi particuli\u00e8rement beaux et po\u00e9tiques pour des changements \u00e0 vue. Avec Charlotte Villermet, <\/span><\/span><span style=\"font-family: Optima;\"><span style=\"font-size: small;\"><b>notre d\u00e9sir est que le spectacle soit l\u00e9ger sc\u00e9niquement<\/b><\/span><\/span><span style=\"font-family: Optima;\"><span style=\"font-size: small;\"> et qu&rsquo;il puisse \u00eatre pr\u00e9sent\u00e9 dans divers th\u00e9\u00e2tres et structures.<\/span><\/span><\/p>\n<p align=\"JUSTIFY\"><a href=\"http:\/\/www.expliquesonge.fr\/wp-content\/uploads\/2016\/10\/Photo-5-Ainsi-vont-les-cerises-\u00a9Huseyin-Ozveren.jpg\"><img loading=\"lazy\" decoding=\"async\" class=\"alignleft size-medium wp-image-1363\" src=\"http:\/\/www.expliquesonge.fr\/wp-content\/uploads\/2016\/10\/Photo-5-Ainsi-vont-les-cerises-\u00a9Huseyin-Ozveren-300x164.jpg\" alt=\"Photo 5 Ainsi vont les cerises \u00a9Huseyin Ozveren\" width=\"300\" height=\"164\" srcset=\"http:\/\/www.expliquesonge.fr\/wp-content\/uploads\/2016\/10\/Photo-5-Ainsi-vont-les-cerises-\u00a9Huseyin-Ozveren-300x164.jpg 300w, http:\/\/www.expliquesonge.fr\/wp-content\/uploads\/2016\/10\/Photo-5-Ainsi-vont-les-cerises-\u00a9Huseyin-Ozveren-1024x561.jpg 1024w, http:\/\/www.expliquesonge.fr\/wp-content\/uploads\/2016\/10\/Photo-5-Ainsi-vont-les-cerises-\u00a9Huseyin-Ozveren.jpg 1240w\" sizes=\"auto, (max-width: 300px) 100vw, 300px\" \/><\/a><\/p>\n<p align=\"JUSTIFY\"><span style=\"font-family: Optima;\"><span style=\"font-size: small;\">L&rsquo;espace sc\u00e9nique cr\u00e9e un <\/span><\/span><span style=\"font-family: Optima;\"><span style=\"font-size: small;\"><b>univers po\u00e9tique<\/b><\/span><\/span><span style=\"font-family: Optima;\"><span style=\"font-size: small;\"> autour des deux soeurs. La po\u00e9sie qui se d\u00e9gage d&rsquo;un espace \u00e9pur\u00e9 o\u00f9 chaque \u00e9l\u00e9ment devient signifiant c<\/span><\/span><span style=\"font-family: Optima;\"><span style=\"font-size: small;\">omme dans un ha\u00efku, nous a guid\u00e9es. Ces po\u00e8mes japonais sont magnifiques parce qu&rsquo;ils disent beaucoup de choses avec peu de mots. La pr\u00e9sence d&rsquo;un tulle blanc au lointain ouvre vers l&rsquo;onirisme port\u00e9 par la messag\u00e8re. Charlotte Villermet a souhait\u00e9 que cette clart\u00e9 soit li\u00e9 au blanc de la fleur de cerisier et le rouge des portes \u00e0 la couleur de la cerise. Ecorce de l&rsquo;arbre et floraison cr\u00e9e une po\u00e9sie dont elle fait un visuel sc\u00e9nique. <\/span><\/span><\/p>\n<p align=\"JUSTIFY\"><span style=\"font-family: Optima;\"><span style=\"font-size: small;\">Les cerises, m\u00e9taphore des deux soeurs, sont un clin d&rsquo;oeil au nez rouge qu&rsquo;elles ne porteront pas et le cerisier en fleurs est une promesse d&rsquo;avenir pour leur r\u00e9conciliation. L&rsquo;humour du texte et des situations est important aussi pour notre sc\u00e9nographe qui a imagin\u00e9 un d\u00e9cor en \u00e9cho \u00e0 cette dimension du spectacle. Charlotte Villermet, par son univers singulier et ses intuitions, fait de notre travail commun, une v\u00e9ritable collaboration. Pour le d\u00e9cor comme pour les objets et les costumes, nous nous interrogerons sur les formes du burlesque pour susciter le rire et l&rsquo;\u00e9motion.<\/span><\/span><\/p>\n<p align=\"JUSTIFY\"><span style=\"color: #ff3333;\"><span style=\"font-family: Optima;\"><span style=\"font-size: large;\"><b>Po\u00e9tique de l&rsquo;objet et du costume<\/b><\/span><\/span><\/span><\/p>\n<p align=\"JUSTIFY\"><span style=\"font-family: Optima;\"><span style=\"font-size: small;\">En r\u00e9agissant avec eux, les objets et le costume offrent toute <\/span><\/span><span style=\"font-family: Optima;\"><span style=\"font-size: small;\"><b>une palette de couleurs, de rythmes et de contretemps<\/b><\/span><\/span><span style=\"font-family: Optima;\"><span style=\"font-size: small;\"> ponctu\u00e9 parfois par l&rsquo;univers sonore. Le contretemps g\u00e9n\u00e8re le rire parce qu&rsquo;il est inattendu. Les jouets retrouv\u00e9s peuvent emmener vers un <\/span><\/span><span style=\"font-family: Optima;\"><span style=\"font-size: small;\"><b>jeu d&rsquo;adresse, d&rsquo;\u00e9quilibre et de d\u00e9s\u00e9quilibre<\/b><\/span><\/span><span style=\"font-family: Optima;\"><span style=\"font-size: small;\">. Les moteurs du rire viennent aussi des<\/span><\/span><span style=\"font-family: Optima;\"><span style=\"font-size: small;\"><b> objets qui r\u00e9sistent<\/b><\/span><\/span><span style=\"font-family: Optima;\"><span style=\"font-size: small;\"> : attitudes cocasses et ridicules, maladresse, exploits puis d\u00e9gringolades. Avec les objets ou le costume, les personnages d\u00e9ploient tout un rituel. Les manies du rangement de la soeur a\u00een\u00e9e nous font rire parce qu&rsquo;elles refl\u00e8tent ce que nous sommes ou au contraire ce que nous ne faisons pas.<\/span><\/span><\/p>\n<p align=\"JUSTIFY\"><a href=\"http:\/\/www.expliquesonge.fr\/wp-content\/uploads\/2016\/10\/Photo-6-Ainsi-vont-les-cerises-\u00a9Huseyin-Ozveren.jpg\"><img loading=\"lazy\" decoding=\"async\" class=\" size-medium wp-image-1365 alignleft\" src=\"http:\/\/www.expliquesonge.fr\/wp-content\/uploads\/2016\/10\/Photo-6-Ainsi-vont-les-cerises-\u00a9Huseyin-Ozveren-300x157.jpg\" alt=\"Photo 6 Ainsi vont les cerises \u00a9Huseyin Ozveren\" width=\"300\" height=\"157\" srcset=\"http:\/\/www.expliquesonge.fr\/wp-content\/uploads\/2016\/10\/Photo-6-Ainsi-vont-les-cerises-\u00a9Huseyin-Ozveren-300x157.jpg 300w, http:\/\/www.expliquesonge.fr\/wp-content\/uploads\/2016\/10\/Photo-6-Ainsi-vont-les-cerises-\u00a9Huseyin-Ozveren-1024x537.jpg 1024w, http:\/\/www.expliquesonge.fr\/wp-content\/uploads\/2016\/10\/Photo-6-Ainsi-vont-les-cerises-\u00a9Huseyin-Ozveren.jpg 1122w\" sizes=\"auto, (max-width: 300px) 100vw, 300px\" \/><\/a><\/p>\n<p align=\"JUSTIFY\"><span style=\"font-family: Optima;\"><span style=\"font-size: small;\"><b>Les objets peuvent \u00eatre d\u00e9tourn\u00e9s<\/b><\/span><\/span><span style=\"font-family: Optima;\"><span style=\"font-size: small;\"> de leur fonction d&rsquo;origine apportant au spectacle une dimension absurde ou po\u00e9tique. Le costume est ajust\u00e9 \u00e0 chaque personnage selon leur caract\u00e8re et leur dynamique. Il y a plus de densit\u00e9 chez l&rsquo;a\u00een\u00e9e dont la maturit\u00e9 est symbolis\u00e9e par la cerise et plus de l\u00e9g\u00e8ret\u00e9 chez la cadette, symbolis\u00e9e par la fleur. L&rsquo;a\u00een\u00e9e cherche les chaussures rouges de la m\u00e8re, comme deux cerises chauss\u00e9s \u00e0 ses pieds et la cadette cherche la robe \u00e0 fleurs comme la fleur de cerisier. La messag\u00e8re porte une longue robe claire couverte d&rsquo;un tulle comme ce lointain dont elle est faite. Pour Charlotte Villermet, il s&rsquo;agit d&rsquo;habiller le corps des com\u00e9diennes comme une architecture.<\/span><\/span><\/p>\n<p align=\"JUSTIFY\"><a href=\"http:\/\/www.expliquesonge.fr\/wp-content\/uploads\/2016\/10\/Photo-7-Ainsi-vont-les-cerises-\u00a9Huseyin-Ozveren.jpg\"><img loading=\"lazy\" decoding=\"async\" class=\" size-medium wp-image-1366 aligncenter\" src=\"http:\/\/www.expliquesonge.fr\/wp-content\/uploads\/2016\/10\/Photo-7-Ainsi-vont-les-cerises-\u00a9Huseyin-Ozveren-300x139.jpg\" alt=\"Photo 7 Ainsi vont les cerises \u00a9Huseyin Ozveren\" width=\"300\" height=\"139\" srcset=\"http:\/\/www.expliquesonge.fr\/wp-content\/uploads\/2016\/10\/Photo-7-Ainsi-vont-les-cerises-\u00a9Huseyin-Ozveren-300x139.jpg 300w, http:\/\/www.expliquesonge.fr\/wp-content\/uploads\/2016\/10\/Photo-7-Ainsi-vont-les-cerises-\u00a9Huseyin-Ozveren-1024x475.jpg 1024w, http:\/\/www.expliquesonge.fr\/wp-content\/uploads\/2016\/10\/Photo-7-Ainsi-vont-les-cerises-\u00a9Huseyin-Ozveren.jpg 1122w\" sizes=\"auto, (max-width: 300px) 100vw, 300px\" \/><\/a><\/p>\n<p align=\"JUSTIFY\"><span style=\"color: #ff3333;\"><span style=\"font-family: Optima;\"><span style=\"font-size: large;\"><b>Bascules de jeu : du burlesque au m\u00e9lodrame<\/b><\/span><\/span><\/span><\/p>\n<p align=\"JUSTIFY\"><a href=\"http:\/\/www.expliquesonge.fr\/wp-content\/uploads\/2016\/10\/Photo-8-Ainsi-vont-les-cerises-\u00a9Huseyin-Ozveren.jpg\"><img loading=\"lazy\" decoding=\"async\" class=\"alignleft size-medium wp-image-1375\" src=\"http:\/\/www.expliquesonge.fr\/wp-content\/uploads\/2016\/10\/Photo-8-Ainsi-vont-les-cerises-\u00a9Huseyin-Ozveren-205x300.jpg\" alt=\"Photo 8 Ainsi vont les cerises \u00a9Huseyin Ozveren\" width=\"205\" height=\"300\" srcset=\"http:\/\/www.expliquesonge.fr\/wp-content\/uploads\/2016\/10\/Photo-8-Ainsi-vont-les-cerises-\u00a9Huseyin-Ozveren-205x300.jpg 205w, http:\/\/www.expliquesonge.fr\/wp-content\/uploads\/2016\/10\/Photo-8-Ainsi-vont-les-cerises-\u00a9Huseyin-Ozveren.jpg 295w\" sizes=\"auto, (max-width: 205px) 100vw, 205px\" \/><\/a><\/p>\n<p align=\"JUSTIFY\"><span style=\"color: #000000;\"><span style=\"font-family: Optima;\"><span style=\"font-size: small;\">Le duo que forme le petit gar\u00e7on et Charlot dans le <\/span><\/span><\/span><span style=\"color: #000000;\"><span style=\"font-family: Optima;\"><span style=\"font-size: small;\"><i>Kid<\/i><\/span><\/span><\/span><span style=\"color: #000000;\"><span style=\"font-family: Optima;\"><span style=\"font-size: small;\"> de <\/span><\/span><\/span><span style=\"color: #000000;\"><span style=\"font-family: Optima;\"><span style=\"font-size: small;\"><b>Charlie Chaplin <\/b><\/span><\/span><\/span><span style=\"color: #000000;\"><span style=\"font-family: Optima;\"><span style=\"font-size: small;\">est tr\u00e8s inspirant. Ce film est une merveille. Il est d&rsquo;une grande profondeur et po\u00e9sie, il raconte l&rsquo;humanit\u00e9 bless\u00e9e dans des situations quotidiennes et dr\u00f4les, il est l&rsquo;expression de l&rsquo;amour dans ce qu&rsquo;il a de plus puissant et de plus d\u00e9sarmant. Pour le spectacle, choisir comme point de d\u00e9part, la mort de la m\u00e8re, constitue un arri\u00e8re plan dramatique. <\/span><\/span><\/span><\/p>\n<p align=\"JUSTIFY\"><span style=\"font-family: Optima;\"><span style=\"font-size: small;\">La pr\u00e9sence de l&rsquo;absence est int\u00e9ressante \u00e0 aborder au th\u00e9\u00e2tre. La m\u00e8re est omnipr\u00e9sente par les traces qu&rsquo;elle laisse mais aussi par cette \u00e9trange messag\u00e8re qui vient apporter sa lettre. Est-elle un ange comme dans le r\u00eave de Charlot dans le <\/span><\/span><span style=\"font-family: Optima;\"><span style=\"font-size: small;\"><i>Kid<\/i><\/span><\/span><span style=\"font-family: Optima;\"><span style=\"font-size: small;\">\u00a0ou comme Herm\u00e8s, messager des dieux\u00a0? Ce personnage interpelle particuli\u00e8rement les jeunes spectateurs par son caract\u00e8re \u00e9nigmatique. Ils peuvent se laisser aller \u00e0 plusieurs interpr\u00e9tations et chacun pourra recevoir le spectacle par le filtre de son propre r\u00eave.<\/span><\/span><\/p>\n<p align=\"JUSTIFY\"><span style=\"color: #000000;\"><span style=\"font-family: Optima;\"><span style=\"font-size: small;\">Dans leur exploration de la maison parentale, les deux soeurs vont \u00eatre amen\u00e9es \u00e0 ouvrir l&rsquo;armoire de la m\u00e8re. Les v\u00eatements sortis et endoss\u00e9s inopin\u00e9ment par la soeur cadette vont la conduire \u00e0 jouer la m\u00e8re, inversant ainsi le rapport avec la soeur a\u00een\u00e9e. Situation inattendue, cocasse, inesp\u00e9r\u00e9e qui va lui permettre de faire autorit\u00e9 sur elle. La soeur a\u00een\u00e9e va se laisser aller \u00e0 ce jeu et y croire compl\u00e8tement parce qu&rsquo;elle ressent cruellement le manque de la m\u00e8re. C&rsquo;est un moment de v\u00e9rit\u00e9 et de rapprochement entre les deux soeurs. <\/span><\/span><\/span><span style=\"color: #000000;\"><span style=\"font-family: Optima;\"><span style=\"font-size: small;\">Cette bascule de jeu permet de pousser l&rsquo;\u00e9tat \u00e9motionnel de l&rsquo;a\u00een\u00e9e qui r\u00e9v\u00e8le ainsi sa faille et nous touche.<\/span><\/span><\/span><\/p>\n<p align=\"JUSTIFY\"><a href=\"http:\/\/www.expliquesonge.fr\/wp-content\/uploads\/2016\/10\/Photo-9-Ainsi-vont-les-cerises-\u00a9Huseyin-Ozveren.jpg\"><img loading=\"lazy\" decoding=\"async\" class=\"alignleft size-medium wp-image-1376\" src=\"http:\/\/www.expliquesonge.fr\/wp-content\/uploads\/2016\/10\/Photo-9-Ainsi-vont-les-cerises-\u00a9Huseyin-Ozveren-300x239.jpg\" alt=\"Photo 9 Ainsi vont les cerises \u00a9Huseyin Ozveren\" width=\"300\" height=\"239\" srcset=\"http:\/\/www.expliquesonge.fr\/wp-content\/uploads\/2016\/10\/Photo-9-Ainsi-vont-les-cerises-\u00a9Huseyin-Ozveren-300x239.jpg 300w, http:\/\/www.expliquesonge.fr\/wp-content\/uploads\/2016\/10\/Photo-9-Ainsi-vont-les-cerises-\u00a9Huseyin-Ozveren.jpg 591w\" sizes=\"auto, (max-width: 300px) 100vw, 300px\" \/><\/a><\/p>\n<p align=\"JUSTIFY\"><span style=\"color: #000000;\"><span style=\"font-family: Optima;\"><span style=\"font-size: small;\">Un peu plus tard, les voil\u00e0 assises au milieu des jouets de l&rsquo;enfance, sans trouver ce qu&rsquo;elles cherchent. Elles sont face au public, d\u00e9sempar\u00e9es, dans le silence. Deux personnages sur sc\u00e8ne qui ne font rien, c&rsquo;est deux \u00eatres \u00ab\u00a0seuls face au monde\u00a0\u00bb, comme<\/span><\/span><\/span><span style=\"color: #000000;\"><span style=\"font-family: Optima;\"><span style=\"font-size: small;\"><b> les personnages de Samuel Beckett<\/b><\/span><\/span><\/span><span style=\"color: #000000;\"><span style=\"font-family: Optima;\"><span style=\"font-size: small;\">.<\/span><\/span><\/span><\/p>\n<p>&nbsp;<\/p>\n<p align=\"JUSTIFY\">\n<p align=\"JUSTIFY\"><span style=\"color: #ff3333;\"><span style=\"font-family: Optima;\"><span style=\"font-size: large;\"><b>Virtuosit\u00e9 du jeu<\/b><\/span><\/span><\/span><\/p>\n<p align=\"JUSTIFY\"><span style=\"font-family: Optima;\"><span style=\"font-size: small;\">Toutes les maladresses sont les bienvenues dans ce spectacle mais ce que nous cherchons derri\u00e8re les \u00e9checs ce sont les virtuosit\u00e9s parce qu&rsquo;elles nous transportent le coeur, nous font r\u00eaver, nous surprennent quand on n&rsquo;y croyait plus. Le jeu comique est difficile parce qu&rsquo;il r\u00e9pond en permanence \u00e0 des <\/span><\/span><span style=\"font-family: Optima;\"><span style=\"font-size: small;\"><b>mont\u00e9es de gamme<\/b><\/span><\/span><span style=\"font-family: Optima;\"><span style=\"font-size: small;\"> comme s&rsquo;il s&rsquo;agissait de suivre une partition de plus en plus virtuose. En m\u00eame temps que la gamme, c&rsquo;est le niveau de jeu qui monte ! <\/span><\/span><\/p>\n<p align=\"JUSTIFY\"><span style=\"font-family: Optima;\"><span style=\"font-size: small;\">Eric Nesci qui collabore \u00e0 la mise en sc\u00e8ne apporte sa sensibilit\u00e9 mais aussi son savoir-faire concernant ces virtuosit\u00e9s-l\u00e0. Les situations auxquelles seront confront\u00e9es les deux soeurs vont les amener \u00e0 se d\u00e9passer, \u00e0 <\/span><\/span><span style=\"font-family: Optima;\"><span style=\"font-size: small;\"><b>aller aux del\u00e0 de leurs limites<\/b><\/span><\/span><span style=\"font-family: Optima;\"><span style=\"font-size: small;\">. Un obstacle \u00e0 leur d\u00e9sir, une porte ferm\u00e9e comme nous l&rsquo;avons \u00e9voqu\u00e9e auparavant, peut les conduire \u00e0 faire des efforts surhumains pour tenter de forcer la serrure jusqu&rsquo;\u00e0 la syncope ! Le spectacle d\u00e9passe le cadre du jeu r\u00e9aliste pour aller vers une <\/span><\/span><span style=\"font-family: Optima;\"><span style=\"font-size: small;\"><b>fantaisie d\u00e9brid\u00e9e<\/b><\/span><\/span><span style=\"font-family: Optima;\"><span style=\"font-size: small;\"> et parfois m\u00eame vers des comportements extr\u00eames. Les \u00e9tats et les \u00e9motions passent par de nombreuses variations de couleurs\u00a0: V\u00e9ronic Joly et Stephanie Liesenfeld ayant une grande exp\u00e9rience de jeu, ne demandent que \u00e7a.<\/span><\/span><\/p>\n<p align=\"JUSTIFY\"><a href=\"http:\/\/www.expliquesonge.fr\/wp-content\/uploads\/2016\/10\/Photo-10-Ainsi-vont-les-cerises-\u00a9Huseyin-Ozveren.jpg\"><img loading=\"lazy\" decoding=\"async\" class=\" size-medium wp-image-1377 aligncenter\" src=\"http:\/\/www.expliquesonge.fr\/wp-content\/uploads\/2016\/10\/Photo-10-Ainsi-vont-les-cerises-\u00a9Huseyin-Ozveren-300x175.jpg\" alt=\"Photo 10 Ainsi vont les cerises \u00a9Huseyin Ozveren\" width=\"300\" height=\"175\" srcset=\"http:\/\/www.expliquesonge.fr\/wp-content\/uploads\/2016\/10\/Photo-10-Ainsi-vont-les-cerises-\u00a9Huseyin-Ozveren-300x175.jpg 300w, http:\/\/www.expliquesonge.fr\/wp-content\/uploads\/2016\/10\/Photo-10-Ainsi-vont-les-cerises-\u00a9Huseyin-Ozveren-1024x598.jpg 1024w, http:\/\/www.expliquesonge.fr\/wp-content\/uploads\/2016\/10\/Photo-10-Ainsi-vont-les-cerises-\u00a9Huseyin-Ozveren.jpg 1063w\" sizes=\"auto, (max-width: 300px) 100vw, 300px\" \/><\/a><\/p>\n<p align=\"JUSTIFY\">\n<p align=\"JUSTIFY\"><span style=\"color: #ff3333;\"><span style=\"font-family: Optima;\"><span style=\"font-size: large;\"><b>Univers musical et sonore<\/b><\/span><\/span><\/span><\/p>\n<p align=\"JUSTIFY\"><span style=\"font-family: Optima;\"><span style=\"font-size: small;\">Ces moments plus sensibles peuvent trouver leur expression dans <\/span><\/span><span style=\"font-family: Optima;\"><span style=\"font-size: small;\"><b>la musique et le chant<\/b><\/span><\/span><span style=\"font-family: Optima;\"><span style=\"font-size: small;\">. La berceuse que la m\u00e8re leur chantait quand elles \u00e9taient enfants vient comme un baume sur une blessure. Les musiques, l&rsquo;univers sonore et les chansons seront principalement \u00e9crits et compos\u00e9s pour le spectacle. Olivier Deparis a une \u00e9coute extraordinaire vis \u00e0 vis du texte et des situations sc\u00e9niques et ses propositions apportent beaucoup \u00e0 l&rsquo;\u00e9criture du spectacle. L&rsquo;univers sonore, vif, rythmique et percussif soutiendra les contretemps essentiels au jeu comique et le jeu des com\u00e9diennes qui r\u00e9agiront \u00e0 ces ponctuations sonores.<\/span><\/span><\/p>\n<p align=\"JUSTIFY\"><a href=\"http:\/\/www.expliquesonge.fr\/wp-content\/uploads\/2016\/10\/Photo-12-Ainsi-vont-les-cerises-\u00a9Huseyin-Ozveren.jpg\"><img loading=\"lazy\" decoding=\"async\" class=\"alignleft size-medium wp-image-1370\" src=\"http:\/\/www.expliquesonge.fr\/wp-content\/uploads\/2016\/10\/Photo-12-Ainsi-vont-les-cerises-\u00a9Huseyin-Ozveren-196x300.jpg\" alt=\"Photo 12 Ainsi vont les cerises \u00a9Huseyin Ozveren\" width=\"196\" height=\"300\" srcset=\"http:\/\/www.expliquesonge.fr\/wp-content\/uploads\/2016\/10\/Photo-12-Ainsi-vont-les-cerises-\u00a9Huseyin-Ozveren-196x300.jpg 196w, http:\/\/www.expliquesonge.fr\/wp-content\/uploads\/2016\/10\/Photo-12-Ainsi-vont-les-cerises-\u00a9Huseyin-Ozveren.jpg 295w\" sizes=\"auto, (max-width: 196px) 100vw, 196px\" \/><\/a><\/p>\n<p align=\"JUSTIFY\"><span style=\"font-family: Optima;\"><span style=\"font-size: small;\"><b>Des instruments de musique<\/b><\/span><\/span><span style=\"font-family: Optima;\"><span style=\"font-size: small;\"> sortis du coffre \u00e0 jouets vont les accompagner. Leur taille reste \u00e0 la hauteur de l&rsquo;enfance : un ukul\u00e9l\u00e9, un petit tambour. Elles sauront en jouer, et surprendront une fois encore le public. Ce sera l&rsquo;occasion de chanter, de f\u00eater leurs retrouvailles, d&rsquo;exprimer leur joie d&rsquo;\u00eatre \u00e0 nouveau ensemble, de se dire l&rsquo;amour qu&rsquo;elles ont l&rsquo;une pour l&rsquo;autre, qu&rsquo;elles avaient perdu de vue et qu&rsquo;elles ont retrouv\u00e9 gr\u00e2ce \u00e0 l&rsquo;inventivit\u00e9 et \u00e0 l&rsquo;amour inconditionnel de leur m\u00e8re.<\/span><\/span><\/p>\n","protected":false},"excerpt":{"rendered":"<p>Ainsi vont les cerises Espace sc\u00e9nique La sc\u00e9nographie suit le mouvement du texte construit en 5 sc\u00e8nes. Nous d\u00e9couvrons d&rsquo;abord deux univers s\u00e9par\u00e9s qui signifient la maison de chaque s\u0153ur\u00a0: une porte centrale et deux portes de chaque c\u00f4t\u00e9 formant &hellip; <a href=\"http:\/\/www.expliquesonge.fr\/?page_id=1315\">Continuer la lecture <span class=\"meta-nav\">&rarr;<\/span><\/a><\/p>\n","protected":false},"author":4,"featured_media":0,"parent":0,"menu_order":0,"comment_status":"open","ping_status":"open","template":"","meta":{"ngg_post_thumbnail":0,"footnotes":""},"class_list":["post-1315","page","type-page","status-publish","hentry"],"_links":{"self":[{"href":"http:\/\/www.expliquesonge.fr\/index.php?rest_route=\/wp\/v2\/pages\/1315","targetHints":{"allow":["GET"]}}],"collection":[{"href":"http:\/\/www.expliquesonge.fr\/index.php?rest_route=\/wp\/v2\/pages"}],"about":[{"href":"http:\/\/www.expliquesonge.fr\/index.php?rest_route=\/wp\/v2\/types\/page"}],"author":[{"embeddable":true,"href":"http:\/\/www.expliquesonge.fr\/index.php?rest_route=\/wp\/v2\/users\/4"}],"replies":[{"embeddable":true,"href":"http:\/\/www.expliquesonge.fr\/index.php?rest_route=%2Fwp%2Fv2%2Fcomments&post=1315"}],"version-history":[{"count":9,"href":"http:\/\/www.expliquesonge.fr\/index.php?rest_route=\/wp\/v2\/pages\/1315\/revisions"}],"predecessor-version":[{"id":1381,"href":"http:\/\/www.expliquesonge.fr\/index.php?rest_route=\/wp\/v2\/pages\/1315\/revisions\/1381"}],"wp:attachment":[{"href":"http:\/\/www.expliquesonge.fr\/index.php?rest_route=%2Fwp%2Fv2%2Fmedia&parent=1315"}],"curies":[{"name":"wp","href":"https:\/\/api.w.org\/{rel}","templated":true}]}}