{"id":1312,"date":"2016-10-17T22:02:05","date_gmt":"2016-10-17T22:02:05","guid":{"rendered":"http:\/\/www.expliquesonge.fr\/?page_id=1312"},"modified":"2018-01-13T14:25:05","modified_gmt":"2018-01-13T14:25:05","slug":"intentions-de-mis-en-scene","status":"publish","type":"page","link":"http:\/\/www.expliquesonge.fr\/?page_id=1312","title":{"rendered":"Intentions de mise en sc\u00e8ne"},"content":{"rendered":"<h1 style=\"text-align: justify;\"><span style=\"color: #ff0000;\"><em><b>Ainsi vont les cerises<\/b><\/em><\/span><\/h1>\n<h1 style=\"text-align: justify;\"><span style=\"font-family: Optima;\"><span style=\"font-size: small;\"><b>\u00ab\u00a0Le rire est la distance la plus courte entre deux personnes.\u00a0\u00bb Victor Borge<br \/>\n<\/b><\/span><\/span><\/h1>\n<p><a href=\"http:\/\/www.expliquesonge.fr\/wp-content\/uploads\/2016\/10\/Photo-1-Ainsi-vont-les-cerises-\u00a9Huseyin-Ozveren.jpg\"><img loading=\"lazy\" decoding=\"async\" class=\"alignleft size-medium wp-image-1378\" src=\"http:\/\/www.expliquesonge.fr\/wp-content\/uploads\/2016\/10\/Photo-1-Ainsi-vont-les-cerises-\u00a9Huseyin-Ozveren-200x300.jpg\" alt=\"Photo 1 Ainsi vont les cerises \u00a9Huseyin Ozveren\" width=\"200\" height=\"300\" srcset=\"http:\/\/www.expliquesonge.fr\/wp-content\/uploads\/2016\/10\/Photo-1-Ainsi-vont-les-cerises-\u00a9Huseyin-Ozveren-200x300.jpg 200w, http:\/\/www.expliquesonge.fr\/wp-content\/uploads\/2016\/10\/Photo-1-Ainsi-vont-les-cerises-\u00a9Huseyin-Ozveren-683x1024.jpg 683w, http:\/\/www.expliquesonge.fr\/wp-content\/uploads\/2016\/10\/Photo-1-Ainsi-vont-les-cerises-\u00a9Huseyin-Ozveren.jpg 1240w\" sizes=\"auto, (max-width: 200px) 100vw, 200px\" \/><\/a><\/p>\n<p align=\"JUSTIFY\"><span style=\"font-family: Optima;\"><span style=\"font-size: small;\">En faisant appel \u00e0 deux com\u00e9diennes, je souhaite \u00e9voquer la fratrie qui s&rsquo;affronte et se r\u00e9concilie. Deux soeurs reviennent aux lieux qui les ont vues grandir et l&rsquo;enfant en elles se met \u00e0 jouer. Le monde des adultes n&rsquo;est pas \u00e9loign\u00e9 de celui des enfants \u00e0 partir du moment o\u00f9 l&rsquo;enfant, comme un animal, est rest\u00e9 vivant en eux, pr\u00eats \u00e0 bondir et \u00e0 s&rsquo;amuser ! Par l&rsquo;\u00e9motion et le rire, je voudrais que les jeunes spectateurs sentent en eux cette part cr\u00e9atrice dans leurs jeux dont le spectacle sera le miroir. Je veux les inviter \u00e0 ne subir le monde mais \u00e0 l&rsquo;inventer.<\/span><\/span><\/p>\n<p align=\"JUSTIFY\"><span style=\"font-family: Optima;\"><span style=\"font-size: small;\">Ce spectacle s&rsquo;adresse au Jeune Public \u00e0 partir de 6 ans mais aussi aux adolescents et aux adultes avec des repr\u00e9sentations Tout Public. Je souhaite m&rsquo;adresser \u00e0 <\/span><\/span><span style=\"font-family: Optima;\"><span style=\"font-size: small;\"><b>plusieurs g\u00e9n\u00e9rations<\/b><\/span><\/span><span style=\"font-family: Optima;\"><span style=\"font-size: small;\">. C&rsquo;est un choix que je porte depuis longtemps avec ma compagnie. En 2006, j&rsquo;ai mis en sc\u00e8ne <\/span><\/span><span style=\"font-family: Optima;\"><span style=\"font-size: small;\"><i>Pling<\/i><\/span><\/span><span style=\"font-family: Optima;\"><span style=\"font-size: small;\"> conte musical Jeune Public de Nathalie Fillion et je retrouve avec <\/span><\/span><span style=\"font-family: Optima;\"><span style=\"font-size: small;\"><i>Ainsi vont les cerises <\/i><\/span><\/span><span style=\"font-family: Optima;\"><span style=\"font-size: small;\">cette m\u00eame \u00e9nergie d\u00e9bordante et pleine de fantaisie. Avec <\/span><\/span><span style=\"font-family: Optima;\"><span style=\"font-size: small;\"><i>Pacamambo,<\/i><\/span><\/span><span style=\"font-family: Optima;\"><span style=\"font-size: small;\"> pi\u00e8ce Jeune Public de Wajdi Mouawad que j&rsquo;ai mis en sc\u00e8ne en 2012, la question du deuil et de la transmission \u00e9tait d\u00e9j\u00e0 pr\u00e9sente entre une grand-m\u00e8re et sa petite fille et envisag\u00e9e sous le mode dramatique. Avec <\/span><\/span><span style=\"font-family: Optima;\"><span style=\"font-size: small;\"><i>Ainsi vont les cerises<\/i><\/span><\/span><span style=\"font-family: Optima;\"><span style=\"font-size: small;\">, cette th\u00e9matique revient port\u00e9e par la distance de l&rsquo;humour. <\/span><\/span><\/p>\n<p align=\"JUSTIFY\"><span style=\"font-family: Optima;\"><span style=\"font-size: small;\">C&rsquo;est une prise de risque qui me plait de susciter le rire et l&rsquo;\u00e9motion avec un point de d\u00e9part qui n&rsquo;est pas dr\u00f4le. Les pi\u00e8ces port\u00e9s par la compagnie, <\/span><\/span><span style=\"font-family: Optima;\"><span style=\"font-size: small;\"><i>Le chant du Dire-Dire <\/i><\/span><\/span><span style=\"font-family: Optima;\"><span style=\"font-size: small;\">de Daniel Danis en 2006 et <\/span><\/span><span style=\"font-family: Optima;\"><span style=\"font-size: small;\"><i>L&rsquo;Echange <\/i><\/span><\/span><span style=\"font-family: Optima;\"><span style=\"font-size: small;\">de Paul Claudel en 2011 \u00e9taient des drames et je trouve int\u00e9ressant dans mon parcours d&rsquo;aborder le registre comique comme un nouveau champ \u00e0 explorer.<\/span><\/span><\/p>\n<p align=\"JUSTIFY\"><span style=\"font-family: Optima;\"><span style=\"font-size: small;\">Gr\u00e2ce \u00e0 un stage de jeu burlesque et clownesque dirig\u00e9 par <\/span><\/span><span style=\"font-family: Optima;\"><span style=\"font-size: small;\"><b>Ami Hattab<\/b><\/span><\/span><span style=\"font-family: Optima;\"><span style=\"font-size: small;\">, j&rsquo;ai pris go\u00fbt \u00e0 ce style qui porte aussi sa profondeur. Lui-m\u00eame \u00e9l\u00e8ve de <\/span><\/span><span style=\"font-family: Optima;\"><span style=\"font-size: small;\"><b>Jacques Lecoq<\/b><\/span><\/span><span style=\"font-family: Optima;\"><span style=\"font-size: small;\">, il m&rsquo;a invit\u00e9e \u00e0 m&rsquo;inscrire dans cette lign\u00e9e. Cette d\u00e9couverte en moi-m\u00eame m&rsquo;a profond\u00e9ment boulevers\u00e9e. Je chemine avec cette ouverture dans le coeur que je d\u00e9sire partager avec les jeunes spectateurs. Je souhaite vivre avec le public un moment de th\u00e9\u00e2tre burlesque et onirique, en contraste avec la violence des images et de la vie \u00e0 laquelle nous sont confront\u00e9s, enfants et adultes. La d\u00e9licatesse et la cr\u00e9ativit\u00e9 incarn\u00e9es par la m\u00e8re sont essentielles ainsi que la force du lien fraternel retrouv\u00e9 par les deux s\u0153urs.<\/span><\/span><\/p>\n<p align=\"JUSTIFY\"><span style=\"font-family: Optima;\"><span style=\"font-size: small;\">Le texte que j&rsquo;ai \u00e9crit est constitu\u00e9 de dialogues, de chansons et de didascalies. Il s&rsquo;est enrichi aussi des improvisations propos\u00e9es par les com\u00e9diennes et des comp\u00e9tences de l&rsquo;\u00e9quipe. Les <\/span><\/span><span style=\"font-family: Optima;\"><span style=\"font-size: small;\"><b>bascules de jeu<\/b><\/span><\/span><span style=\"font-family: Optima;\"><span style=\"font-size: small;\"> m&rsquo;int\u00e9resse en particulier : du r\u00e9el on glisse vers une r\u00e9gression, une transgression ou un univers m\u00e9taphorique. Il s&rsquo;agit d&rsquo;amener le public ailleurs et de le surprendre sans cesse. La pr\u00e9sence d&rsquo;un troisi\u00e8me personnage, la messag\u00e8re, permet ces glissements vers l&rsquo;onirisme. Elle ne fait que passer et on se demande si son apparition est bien r\u00e9elle ou si elle vient de plus loin. Elle est visible pour le public mais pas pour les s\u0153urs. Elle est le lien entre la m\u00e8re et ses filles. Elle intervient \u00e0 des moments o\u00f9 l&rsquo;intrigue ne pourrait pas avancer sans elle. Elle permet de traverser l&rsquo;impasse.<\/span><\/span><\/p>\n<p align=\"JUSTIFY\"><a href=\"http:\/\/www.expliquesonge.fr\/wp-content\/uploads\/2016\/10\/Photo-2-Ainsi-vont-les-cerises-\u00a9Huseyin-Ozveren.jpg\"><img loading=\"lazy\" decoding=\"async\" class=\" size-medium wp-image-1372 aligncenter\" src=\"http:\/\/www.expliquesonge.fr\/wp-content\/uploads\/2016\/10\/Photo-2-Ainsi-vont-les-cerises-\u00a9Huseyin-Ozveren-300x177.jpg\" alt=\"Photo 2 Ainsi vont les cerises \u00a9Huseyin Ozveren\" width=\"300\" height=\"177\" srcset=\"http:\/\/www.expliquesonge.fr\/wp-content\/uploads\/2016\/10\/Photo-2-Ainsi-vont-les-cerises-\u00a9Huseyin-Ozveren-300x177.jpg 300w, http:\/\/www.expliquesonge.fr\/wp-content\/uploads\/2016\/10\/Photo-2-Ainsi-vont-les-cerises-\u00a9Huseyin-Ozveren.jpg 591w\" sizes=\"auto, (max-width: 300px) 100vw, 300px\" \/><\/a><\/p>\n<p align=\"JUSTIFY\"><b>Etre soeurs<\/b><\/p>\n<p align=\"JUSTIFY\"><span style=\"font-family: Optima;\"><span style=\"font-size: small;\">Comment fait-on dans la vie, quand avec son fr\u00e8re ou sa s\u0153ur, on a du mal \u00e0 s&rsquo;entendre ? Si la r\u00e9conciliation n&rsquo;arrive pas \u00e0 s&rsquo;\u00e9tablir dans les conflits fraternels, comment fait-on avec le reste du monde ? Ces questions me travaillent en portant ce spectacle. Il n&rsquo;y a pas de r\u00e9ponses toutes faites mais il me semble que derri\u00e8re les mots \u00ab\u00a0fr\u00e8re et s\u0153ur\u00a0\u00bb, il y a la question de la fraternit\u00e9, fraternit\u00e9 biologique, fraternit\u00e9 choisie, fraternit\u00e9 dans notre condition humaine. La fratrie c&rsquo;est le d\u00e9but de notre rapport au monde.<\/span><\/span><\/p>\n<p align=\"JUSTIFY\"><a href=\"http:\/\/www.expliquesonge.fr\/wp-content\/uploads\/2016\/10\/Photo-3-Ainsi-vont-les-cerises-\u00a9Huseyin-Ozveren.jpg\"><img loading=\"lazy\" decoding=\"async\" class=\"alignleft size-medium wp-image-1373\" src=\"http:\/\/www.expliquesonge.fr\/wp-content\/uploads\/2016\/10\/Photo-3-Ainsi-vont-les-cerises-\u00a9Huseyin-Ozveren-206x300.jpg\" alt=\"Photo 3 Ainsi vont les cerises \u00a9Huseyin Ozveren\" width=\"206\" height=\"300\" srcset=\"http:\/\/www.expliquesonge.fr\/wp-content\/uploads\/2016\/10\/Photo-3-Ainsi-vont-les-cerises-\u00a9Huseyin-Ozveren-206x300.jpg 206w, http:\/\/www.expliquesonge.fr\/wp-content\/uploads\/2016\/10\/Photo-3-Ainsi-vont-les-cerises-\u00a9Huseyin-Ozveren.jpg 295w\" sizes=\"auto, (max-width: 206px) 100vw, 206px\" \/><\/a><\/p>\n<p align=\"JUSTIFY\"><span style=\"color: #000000;\"><span style=\"font-family: Helvetica, Arial, sans-serif;\"><span style=\"font-size: small;\"><span style=\"font-family: Optima;\"><span style=\"font-size: small;\"><i>\u00ab\u00a0Quelle chance j&rsquo;ai d&rsquo;avoir une s\u0153ur\u00a0! J&rsquo;ai face \u00e0 moi, comme un miroir, o\u00f9 je vois ce que je ne suis pas, mais alors pas du tout et qui pourtant me ressemble. Tout nous s\u00e9pare mais rien jamais ne pourra nous d\u00e9sunir. Je crois que j&rsquo;aime les autres et le monde car le premier autre qui m&rsquo;a regard\u00e9e, c&rsquo;est Elle.\u00a0\u00bb<\/i><\/span><\/span><i> <\/i><span style=\"font-family: Optima;\"><span style=\"font-size: small;\">V\u00e9ronic Joly<\/span><\/span><\/span><\/span><\/span><\/p>\n<p align=\"JUSTIFY\"><span style=\"font-family: Optima;\"><span style=\"font-size: small;\">Raconter le conflit entre s<\/span><\/span><span style=\"font-family: Optima;\"><span style=\"font-size: small;\">\u0153<\/span><\/span><span style=\"font-family: Optima;\"><span style=\"font-size: small;\">urs appelait pour moi le duo comique car il apporte un \u00e9clairage brut, direct, non psychologique et profond\u00e9ment enthousiaste. Dans leur enfance, les soeurs habitaient naturellement ces dimensions. Pourquoi faudrait-il perdre l&rsquo;enfant en soi pour \u00eatre adulte ? C&rsquo;est un non sens. <\/span><\/span><\/p>\n<p align=\"JUSTIFY\">\n<p align=\"JUSTIFY\"><span style=\"font-family: Optima;\"><span style=\"font-size: small;\">Le fait de voir des femmes de cinquante ans jubiler en retrouvant les jeux de l&rsquo;enfance est une dynamique essentielle pour moi \u00e0 transmettre aux jeunes spectateurs. Cette euphorie enfantine ne leur est pas r\u00e9serv\u00e9e. Elle peut \u00eatre le signe d&rsquo;une certaine foi en la vie qui ouvre le champ des possibles. Si les adultes gardaient leur capacit\u00e9 d&rsquo;\u00e9merveillement, il y aurait s\u00fbrement moins de conflits \u00e0 l&rsquo;\u00e9chelle mondiale.<\/span><\/span><\/p>\n<p align=\"JUSTIFY\"><span style=\"font-family: Optima;\"><span style=\"font-size: small;\">Ce duo de s<\/span><\/span><span style=\"font-family: Optima;\"><span style=\"font-size: small;\">\u0153<\/span><\/span><span style=\"font-family: Optima;\"><span style=\"font-size: small;\">urs permet aussi de d\u00e9dramatiser la question de la mort avec ce passage burlesque o\u00f9 l&rsquo;a\u00een\u00e9e fait une syncope en essayant de forcer la serrure de la porte de la maison parentale. La cadette va la r\u00e9animer comme elle peut, cr\u00e9ant un jeu d\u00e9cal\u00e9 et non r\u00e9aliste avec sa s\u0153ur devenue un moment comme \u00ab\u00a0une poup\u00e9e de chiffon\u00a0\u00bb. Le corps inerte devient alors comique et transpos\u00e9. Cette distance th\u00e9\u00e2trale sur une r\u00e9alit\u00e9 particuli\u00e8rement complexe peut \u00eatre une catharsis pour nos jeunes spectateurs. Dans ses fac\u00e9ties qui traversent m\u00eame la mort, la m\u00e8re est une figure bienveillante, r\u00e9conciliatrice et porteuse d&rsquo;esp\u00e9rance.<\/span><\/span><\/p>\n<p><span style=\"color: #000000;\"><span style=\"font-family: Optima;\"><span style=\"font-size: small;\"><i>\u00ab\u00a0Moi, mes s<\/i><\/span><\/span><\/span><span style=\"color: #000000;\"><span style=\"font-family: Optima;\"><span style=\"font-size: small;\">\u0153<\/span><\/span><\/span><span style=\"color: #000000;\"><span style=\"font-family: Optima;\"><span style=\"font-size: small;\"><i>urs, je tiens \u00e0 elles comme \u00e0 la prunelle de mes yeux.<br \/>\n<\/i><\/span><\/span><\/span><span style=\"color: #000000;\"><span style=\"font-family: Optima;\"><span style=\"font-size: small;\"><i>Je ferais tout pour elles.<br \/>\n<\/i><\/span><\/span><\/span><span style=\"color: #000000;\"><span style=\"font-family: Optima;\"><span style=\"font-size: small;\"><i>Nous ne sommes pas toujours d&rsquo;accord.<br \/>\n<\/i><\/span><\/span><\/span><span style=\"color: #000000;\"><span style=\"font-family: Optima;\"><span style=\"font-size: small;\"><i>Nous ne menons pas la m\u00eame vie.<br \/>\n<\/i><\/span><\/span><\/span><span style=\"color: #000000;\"><span style=\"font-family: Optima;\"><span style=\"font-size: small;\"><i>Nous n&rsquo;aspirons pas toutes \u00e0 la m\u00eame chose.<br \/>\n<\/i><\/span><\/span><\/span><span style=\"color: #000000;\"><span style=\"font-family: Optima;\"><span style=\"font-size: small;\"><i>Mais sans elles, je ne serais pas la personne que je suis.<br \/>\n<\/i><\/span><\/span><\/span><span style=\"color: #000000;\"><span style=\"font-family: Optima;\"><span style=\"font-size: small;\"><i>Sans elles, je serais comme un oiseau sans ailes.<br \/>\n<\/i><\/span><\/span><\/span><span style=\"color: #000000;\"><span style=\"font-family: Optima;\"><span style=\"font-size: small;\"><i>Sans elles, il me manquerait des bouts.<br \/>\n<\/i><\/span><\/span><\/span><span style=\"color: #000000;\"><span style=\"font-family: Optima;\"><span style=\"font-size: small;\"><i>Sans elles, je serais orpheline.<br \/>\n<\/i><\/span><\/span><\/span><span style=\"color: #000000;\"><span style=\"font-family: Optima;\"><span style=\"font-size: small;\"><i>Je ne peux pas imaginer une vie sans elles.\u00a0\u00bb\u00a0<\/i><\/span><\/span><\/span><span style=\"color: #000000;\"><span style=\"font-family: Optima;\"><span style=\"font-size: small;\">Stephanie Liesenfeld<\/span><\/span><\/span><\/p>\n<p><a href=\"http:\/\/www.expliquesonge.fr\/wp-content\/uploads\/2016\/10\/Photo-4-Ainsi-vont-les-cerises-\u00a9Huseyin-Ozveren.jpg\"><img loading=\"lazy\" decoding=\"async\" class=\"alignleft size-medium wp-image-1374\" src=\"http:\/\/www.expliquesonge.fr\/wp-content\/uploads\/2016\/10\/Photo-4-Ainsi-vont-les-cerises-\u00a9Huseyin-Ozveren-300x200.jpg\" alt=\"Photo 4 Ainsi vont les cerises \u00a9Huseyin Ozveren\" width=\"300\" height=\"200\" srcset=\"http:\/\/www.expliquesonge.fr\/wp-content\/uploads\/2016\/10\/Photo-4-Ainsi-vont-les-cerises-\u00a9Huseyin-Ozveren-300x200.jpg 300w, http:\/\/www.expliquesonge.fr\/wp-content\/uploads\/2016\/10\/Photo-4-Ainsi-vont-les-cerises-\u00a9Huseyin-Ozveren.jpg 531w\" sizes=\"auto, (max-width: 300px) 100vw, 300px\" \/><\/a><\/p>\n<h1 style=\"text-align: justify;\"><span style=\"color: #ff0000;\"><em><b>\u00a0<\/b><\/em><\/span><\/h1>\n<p align=\"JUSTIFY\">\n<p align=\"JUSTIFY\">\n<p style=\"text-align: justify;\">\n","protected":false},"excerpt":{"rendered":"<p>Ainsi vont les cerises \u00ab\u00a0Le rire est la distance la plus courte entre deux personnes.\u00a0\u00bb Victor Borge En faisant appel \u00e0 deux com\u00e9diennes, je souhaite \u00e9voquer la fratrie qui s&rsquo;affronte et se r\u00e9concilie. Deux soeurs reviennent aux lieux qui les &hellip; <a href=\"http:\/\/www.expliquesonge.fr\/?page_id=1312\">Continuer la lecture <span class=\"meta-nav\">&rarr;<\/span><\/a><\/p>\n","protected":false},"author":4,"featured_media":0,"parent":0,"menu_order":0,"comment_status":"open","ping_status":"open","template":"","meta":{"ngg_post_thumbnail":0,"footnotes":""},"class_list":["post-1312","page","type-page","status-publish","hentry"],"_links":{"self":[{"href":"http:\/\/www.expliquesonge.fr\/index.php?rest_route=\/wp\/v2\/pages\/1312","targetHints":{"allow":["GET"]}}],"collection":[{"href":"http:\/\/www.expliquesonge.fr\/index.php?rest_route=\/wp\/v2\/pages"}],"about":[{"href":"http:\/\/www.expliquesonge.fr\/index.php?rest_route=\/wp\/v2\/types\/page"}],"author":[{"embeddable":true,"href":"http:\/\/www.expliquesonge.fr\/index.php?rest_route=\/wp\/v2\/users\/4"}],"replies":[{"embeddable":true,"href":"http:\/\/www.expliquesonge.fr\/index.php?rest_route=%2Fwp%2Fv2%2Fcomments&post=1312"}],"version-history":[{"count":8,"href":"http:\/\/www.expliquesonge.fr\/index.php?rest_route=\/wp\/v2\/pages\/1312\/revisions"}],"predecessor-version":[{"id":1379,"href":"http:\/\/www.expliquesonge.fr\/index.php?rest_route=\/wp\/v2\/pages\/1312\/revisions\/1379"}],"wp:attachment":[{"href":"http:\/\/www.expliquesonge.fr\/index.php?rest_route=%2Fwp%2Fv2%2Fmedia&parent=1312"}],"curies":[{"name":"wp","href":"https:\/\/api.w.org\/{rel}","templated":true}]}}