{"id":1310,"date":"2016-10-17T21:55:00","date_gmt":"2016-10-17T21:55:00","guid":{"rendered":"http:\/\/www.expliquesonge.fr\/?page_id=1310"},"modified":"2017-07-26T16:25:19","modified_gmt":"2017-07-26T16:25:19","slug":"synopsis","status":"publish","type":"page","link":"http:\/\/www.expliquesonge.fr\/?page_id=1310","title":{"rendered":"Synopsis"},"content":{"rendered":"<h1 style=\"text-align: justify;\" align=\"JUSTIFY\"><span style=\"color: #ff0000;\"><em><strong>Ainsi vont les cerises<\/strong><\/em><\/span><\/h1>\n<p style=\"text-align: justify;\"><em>Ainsi vont les cerises<\/em> \u00e9voque le retour de deux s\u0153urs vers les lieux de l&rsquo;enfance. Elles ont une cinquantaine d&rsquo;ann\u00e9es. La soeur a\u00een\u00e9e cherche \u00e0 bien faire avec ent\u00eatement et m\u00e9ticulosit\u00e9. La soeur cadette avance dans la vie comme dans un r\u00eave, avec entrain et maladresse.<\/p>\n<p style=\"text-align: justify;\">Elles vivent le deuil de leur m\u00e8re, chacune de son c\u00f4t\u00e9. Elles n&rsquo;ont plus beaucoup de liens. La plus grande joie de leur m\u00e8re \u00e9tait de les entendre rire quand elles \u00e9taient enfants et jouaient ensemble dans le jardin, sous le cerisier. Cette m\u00e8re fac\u00e9tieuse leur a laiss\u00e9 un testament tout \u00e0 fait inattendu, un jeu de piste qu&rsquo;elle devront suivre dans la maison de l&rsquo;enfance. \u00c0 travers une lettre apport\u00e9e par une \u00e9tonnante messag\u00e8re, la m\u00e8re cherche \u00e0 susciter en elles ce qu&rsquo;elles ont perdu : la complicit\u00e9. Cette merveilleuse initiative maternelle va les mettre dans des situations o\u00f9 elles auront \u00e0 faire preuve d&rsquo;imagination et d&rsquo;inventivit\u00e9. Chacune, dans son d\u00e9sir de retrouver les pr\u00e9sents l\u00e9gu\u00e9s par la m\u00e8re, devra aider l&rsquo;autre, pour d\u00e9couvrir leurs cachettes.<\/p>\n<p style=\"text-align: justify;\">Dans cette qu\u00eate, les objets vont r\u00e9sister et les contraindre \u00e0 des attitudes cocasses et ridicules, les jeux de l&rsquo;enfance vont les mettre en d\u00e9s\u00e9quilibre et r\u00e9v\u00e9ler leur maladresse ou leur talent, les chansons invent\u00e9es par la m\u00e8re vont remonter \u00e0 la m\u00e9moire comme une pi\u00e8ce ferm\u00e9e dans laquelle, tout \u00e0 coup, entre le soleil&#8230; Rythme et virtuosit\u00e9 vont jaillir malgr\u00e9 elles, sans qu&rsquo;elles les aient recherch\u00e9s. Elles vont prendre go\u00fbt \u00e0 cette intrigue pleine de surprises et la jouer avec une grande jubilation.<\/p>\n","protected":false},"excerpt":{"rendered":"<p>Ainsi vont les cerises Ainsi vont les cerises \u00e9voque le retour de deux s\u0153urs vers les lieux de l&rsquo;enfance. Elles ont une cinquantaine d&rsquo;ann\u00e9es. La soeur a\u00een\u00e9e cherche \u00e0 bien faire avec ent\u00eatement et m\u00e9ticulosit\u00e9. La soeur cadette avance dans &hellip; <a href=\"http:\/\/www.expliquesonge.fr\/?page_id=1310\">Continuer la lecture <span class=\"meta-nav\">&rarr;<\/span><\/a><\/p>\n","protected":false},"author":4,"featured_media":0,"parent":0,"menu_order":0,"comment_status":"open","ping_status":"open","template":"","meta":{"ngg_post_thumbnail":0,"footnotes":""},"class_list":["post-1310","page","type-page","status-publish","hentry"],"_links":{"self":[{"href":"http:\/\/www.expliquesonge.fr\/index.php?rest_route=\/wp\/v2\/pages\/1310","targetHints":{"allow":["GET"]}}],"collection":[{"href":"http:\/\/www.expliquesonge.fr\/index.php?rest_route=\/wp\/v2\/pages"}],"about":[{"href":"http:\/\/www.expliquesonge.fr\/index.php?rest_route=\/wp\/v2\/types\/page"}],"author":[{"embeddable":true,"href":"http:\/\/www.expliquesonge.fr\/index.php?rest_route=\/wp\/v2\/users\/4"}],"replies":[{"embeddable":true,"href":"http:\/\/www.expliquesonge.fr\/index.php?rest_route=%2Fwp%2Fv2%2Fcomments&post=1310"}],"version-history":[{"count":5,"href":"http:\/\/www.expliquesonge.fr\/index.php?rest_route=\/wp\/v2\/pages\/1310\/revisions"}],"predecessor-version":[{"id":1353,"href":"http:\/\/www.expliquesonge.fr\/index.php?rest_route=\/wp\/v2\/pages\/1310\/revisions\/1353"}],"wp:attachment":[{"href":"http:\/\/www.expliquesonge.fr\/index.php?rest_route=%2Fwp%2Fv2%2Fmedia&parent=1310"}],"curies":[{"name":"wp","href":"https:\/\/api.w.org\/{rel}","templated":true}]}}