{"id":1307,"date":"2016-10-17T21:53:25","date_gmt":"2016-10-17T21:53:25","guid":{"rendered":"http:\/\/www.expliquesonge.fr\/?page_id=1307"},"modified":"2023-02-13T21:38:02","modified_gmt":"2023-02-13T21:38:02","slug":"presentation","status":"publish","type":"page","link":"http:\/\/www.expliquesonge.fr\/?page_id=1307","title":{"rendered":"Pr\u00e9sentation"},"content":{"rendered":"<h1><span style=\"color: #ff0000;\"><em><strong>Ainsi vont les cerises<\/strong><\/em><\/span><\/h1>\n<p>Spectacle Jeune Public, Tout Public, \u00e0 partir de 6 ans<br \/>\nDur\u00e9e du spectacle : 50 minutes environ<\/p>\n<p>Production\u00a0: L&rsquo;Explique-Songe<br \/>\nCoproduction\u00a0: Th\u00e9\u00e2tre de la Nacelle d&rsquo;Aubergenville<br \/>\nDiffusion\u00a0: Agence SINE QUA NON<br \/>\nAvec le soutien de la DRAC Ile-de-France \u2013 Minist\u00e8re de la Culture et de la Communication pour l&rsquo;Aide \u00e0 la r\u00e9sidence annuelle au Th\u00e9\u00e2tre de la Nacelle, de la SPEDIDAM et\u00a0de la soci\u00e9t\u00e9 ANGERIS<br \/>\nEn r\u00e9sidence au Th\u00e9\u00e2tre de Ch\u00e2tillon, \u00e0 la Grange D\u00eemi\u00e8re, Th\u00e9\u00e2tre de Fresnes, au Th\u00e9\u00e2tre dans les Vignes et au Th\u00e9\u00e2tre de la Nacelle<\/p>\n<p>Ecriture, mise en sc\u00e8ne et lumi\u00e8res : <a href=\"http:\/\/www.expliquesonge.fr\/?page_id=82\"><strong>Val\u00e9rie Castel Jordy<\/strong><\/a><br \/>\nCollaboration artistique et travail du mouvement : <a href=\"http:\/\/www.expliquesonge.fr\/?page_id=408\"><strong>Eric Nesci<\/strong><\/a><br \/>\nCr\u00e9ation musicale et sonore\u00a0: <a href=\"http:\/\/www.expliquesonge.fr\/?page_id=1290\"><strong>Olivier Deparis<\/strong><\/a><br \/>\nSc\u00e9nographie et costumes : <strong><a href=\"http:\/\/www.expliquesonge.fr\/?page_id=411\">Charlotte Villermet<\/a><br \/>\n<\/strong>Construction du d\u00e9cor :<strong>\u00a0Jean-Paul\u00a0Dewinter\u00a0<\/strong>et\u00a0<strong>Pierre Heydorff<br \/>\n<\/strong>R\u00e9gie :<strong> Franck Ziemba<\/strong><\/p>\n<p>Avec :<br \/>\n<a href=\"http:\/\/www.expliquesonge.fr\/?page_id=1293\"><strong>V\u00e9ronic Joly<\/strong><\/a>\u00a0: La s\u0153ur a\u00een\u00e9e<br \/>\n<a href=\"http:\/\/www.expliquesonge.fr\/?page_id=1296\"><strong>Stephanie Liesenfeld<\/strong><\/a>\u00a0: La s\u0153ur cadette<br \/>\n<strong>Val\u00e9rie Castel Jordy<\/strong>\u00a0: La messag\u00e8re<br \/>\nEt la participation de <strong>Catherine Salviat<\/strong>, soci\u00e9taire honoraire de la Com\u00e9die-Fran\u00e7aise\u00a0: La voix de la m\u00e8re<\/p>\n","protected":false},"excerpt":{"rendered":"<p>Ainsi vont les cerises Spectacle Jeune Public, Tout Public, \u00e0 partir de 6 ans Dur\u00e9e du spectacle : 50 minutes environ Production\u00a0: L&rsquo;Explique-Songe Coproduction\u00a0: Th\u00e9\u00e2tre de la Nacelle d&rsquo;Aubergenville Diffusion\u00a0: Agence SINE QUA NON Avec le soutien de la DRAC &hellip; <a href=\"http:\/\/www.expliquesonge.fr\/?page_id=1307\">Continuer la lecture <span class=\"meta-nav\">&rarr;<\/span><\/a><\/p>\n","protected":false},"author":4,"featured_media":0,"parent":0,"menu_order":0,"comment_status":"open","ping_status":"open","template":"","meta":{"ngg_post_thumbnail":0,"footnotes":""},"class_list":["post-1307","page","type-page","status-publish","hentry"],"_links":{"self":[{"href":"http:\/\/www.expliquesonge.fr\/index.php?rest_route=\/wp\/v2\/pages\/1307","targetHints":{"allow":["GET"]}}],"collection":[{"href":"http:\/\/www.expliquesonge.fr\/index.php?rest_route=\/wp\/v2\/pages"}],"about":[{"href":"http:\/\/www.expliquesonge.fr\/index.php?rest_route=\/wp\/v2\/types\/page"}],"author":[{"embeddable":true,"href":"http:\/\/www.expliquesonge.fr\/index.php?rest_route=\/wp\/v2\/users\/4"}],"replies":[{"embeddable":true,"href":"http:\/\/www.expliquesonge.fr\/index.php?rest_route=%2Fwp%2Fv2%2Fcomments&post=1307"}],"version-history":[{"count":8,"href":"http:\/\/www.expliquesonge.fr\/index.php?rest_route=\/wp\/v2\/pages\/1307\/revisions"}],"predecessor-version":[{"id":1733,"href":"http:\/\/www.expliquesonge.fr\/index.php?rest_route=\/wp\/v2\/pages\/1307\/revisions\/1733"}],"wp:attachment":[{"href":"http:\/\/www.expliquesonge.fr\/index.php?rest_route=%2Fwp%2Fv2%2Fmedia&parent=1307"}],"curies":[{"name":"wp","href":"https:\/\/api.w.org\/{rel}","templated":true}]}}