{"id":1290,"date":"2016-10-17T21:19:13","date_gmt":"2016-10-17T21:19:13","guid":{"rendered":"http:\/\/www.expliquesonge.fr\/?page_id=1290"},"modified":"2018-08-29T10:43:04","modified_gmt":"2018-08-29T10:43:04","slug":"olivier-deparis","status":"publish","type":"page","link":"http:\/\/www.expliquesonge.fr\/?page_id=1290","title":{"rendered":"Olivier Deparis"},"content":{"rendered":"<p><em><strong>Cr\u00e9ateur musical et sonore<\/strong><\/em><\/p>\n<div id=\"attachment_1392\" style=\"width: 310px\" class=\"wp-caption alignleft\"><a href=\"http:\/\/www.expliquesonge.fr\/wp-content\/uploads\/2016\/10\/Olivier-Deparis.jpg\"><img loading=\"lazy\" decoding=\"async\" aria-describedby=\"caption-attachment-1392\" class=\"size-medium wp-image-1392\" src=\"http:\/\/www.expliquesonge.fr\/wp-content\/uploads\/2016\/10\/Olivier-Deparis-300x225.jpg\" alt=\"Olivier D\u00e9parais\" width=\"300\" height=\"225\" srcset=\"http:\/\/www.expliquesonge.fr\/wp-content\/uploads\/2016\/10\/Olivier-Deparis-300x225.jpg 300w, http:\/\/www.expliquesonge.fr\/wp-content\/uploads\/2016\/10\/Olivier-Deparis.jpg 340w\" sizes=\"auto, (max-width: 300px) 100vw, 300px\" \/><\/a><p id=\"caption-attachment-1392\" class=\"wp-caption-text\">Olivier D\u00e9parais<\/p><\/div>\n<p align=\"JUSTIFY\"><span style=\"color: #000000;\"><span style=\"font-family: Optima;\"><span style=\"font-size: small;\">Issu d&rsquo;une famille o\u00f9 la musique occupait une place centrale, Olivier Deparis envisage la musique comme une seconde langue natale. Il s&rsquo;est form\u00e9 durant trois ans \u00e0 l&rsquo;art dramatique au <\/span><\/span><\/span><span style=\"color: #000000;\"><span style=\"font-family: Optima;\"><span style=\"font-size: small;\"><b>Cours Florent,<\/b><\/span><\/span><\/span> <span style=\"color: #000000;\"><span style=\"font-family: Optima;\"><span style=\"font-size: small;\">\u00e0<\/span><\/span><\/span><span style=\"color: #000000;\"><span style=\"font-family: Optima;\"><span style=\"font-size: small;\"><b> L&rsquo;\u00e9cole LEDA<\/b><\/span><\/span><\/span><span style=\"color: #000000;\"><span style=\"font-family: Optima;\"><span style=\"font-size: small;\"> dirig\u00e9e par <\/span><\/span><\/span><span style=\"color: #000000;\"><span style=\"font-family: Optima;\"><span style=\"font-size: small;\"><b>Yves Pignot<\/b><\/span><\/span><\/span><span style=\"color: #000000;\"><span style=\"font-family: Optima;\"><span style=\"font-size: small;\"> et au <\/span><\/span><\/span><span style=\"color: #000000;\"><span style=\"font-family: Optima;\"><span style=\"font-size: small;\"><b>Th\u00e9\u00e2tre du Soleil<\/b><\/span><\/span><\/span><span style=\"color: #000000;\"><span style=\"font-family: Optima;\"><span style=\"font-size: small;\"> \u00e0 l&rsquo;occasion d&rsquo;un stage. Il a exerc\u00e9 pendant une quinzaine d&rsquo;ann\u00e9es le m\u00e9tier de com\u00e9dien tout en continuant \u00e0 cr\u00e9er et \u00e0 pratiquer la musique.<\/span><\/span><\/span><\/p>\n<p align=\"JUSTIFY\"><span style=\"color: #000000;\"><span style=\"font-family: Optima;\"><span style=\"font-size: small;\">Il a jou\u00e9 notamment comme musicien interpr\u00e8te dans <\/span><\/span><\/span><span style=\"color: #000000;\"><span style=\"font-family: Optima;\"><span style=\"font-size: small;\"><i>L&rsquo;illusion comique <\/i><\/span><\/span><\/span><span style=\"color: #000000;\"><span style=\"font-family: Optima;\"><span style=\"font-size: small;\">de Pierre Corneille mis en sc\u00e8ne par <\/span><\/span><\/span><span style=\"color: #000000;\"><span style=\"font-family: Optima;\"><span style=\"font-size: small;\"><b>Georgio Strehler <\/b><\/span><\/span><\/span><span style=\"color: #000000;\"><span style=\"font-family: Optima;\"><span style=\"font-size: small;\">\u00e0 <\/span><\/span><\/span><span style=\"color: #000000;\"><span style=\"font-family: Optima;\"><span style=\"font-size: small;\"><b>l&rsquo;Od\u00e9on &#8211; Th\u00e9\u00e2tre de l&rsquo;Europe <\/b><\/span><\/span><\/span><span style=\"color: #000000;\"><span style=\"font-family: Optima;\"><span style=\"font-size: small;\">et \u00e0 Milan. Il a compos\u00e9 la musique de plusieurs mises en sc\u00e8ne dont <\/span><\/span><\/span><span style=\"color: #000000;\"><span style=\"font-family: Optima;\"><span style=\"font-size: small;\"><i>Terre<\/i><\/span><\/span><\/span><span style=\"color: #000000;\"><span style=\"font-family: Optima;\"><span style=\"font-size: small;\">, cr\u00e9ation d&rsquo;<\/span><\/span><\/span><span style=\"color: #000000;\"><span style=\"font-family: Optima;\"><span style=\"font-size: small;\"><b>Hubert Colas <\/b><\/span><\/span><\/span><span style=\"color: #000000;\"><span style=\"font-family: Optima;\"><span style=\"font-size: small;\">\u00e0 la <\/span><\/span><\/span><span style=\"color: #000000;\"><span style=\"font-family: Optima;\"><span style=\"font-size: small;\"><b>Sc\u00e8ne Nationale Le Moulin du roc de Niort<\/b><\/span><\/span><\/span><span style=\"color: #000000;\"><span style=\"font-family: Optima;\"><span style=\"font-size: small;\">, puis en tourn\u00e9e en France. Il a compos\u00e9 et r\u00e9alis\u00e9 la bande son de <\/span><\/span><\/span><span style=\"color: #000000;\"><span style=\"font-family: Optima;\"><span style=\"font-size: small;\"><i>La pantoufle <\/i><\/span><\/span><\/span><span style=\"color: #000000;\"><span style=\"font-family: Optima;\"><span style=\"font-size: small;\">de Claude Ponti, spectacle Jeune Public mis en sc\u00e8ne par <\/span><\/span><\/span><span style=\"color: #000000;\"><span style=\"font-family: Optima;\"><span style=\"font-size: small;\"><b>Olivia Machon<\/b><\/span><\/span><\/span><span style=\"color: #000000;\"><span style=\"font-family: Optima;\"><span style=\"font-size: small;\">.<\/span><\/span><\/span><\/p>\n<p align=\"JUSTIFY\"><span style=\"color: #000000;\"><span style=\"font-family: Optima;\"><span style=\"font-size: small;\">Comme guitariste, il collabore par la suite en cr\u00e9ation collective avec plusieurs groupes po<\/span><\/span><\/span><span style=\"color: #000000;\"><span style=\"font-family: Optima;\"><span style=\"font-size: small;\">p rock <\/span><\/span><\/span><span style=\"color: #000000;\"><span style=\"font-family: Optima;\"><span style=\"font-size: small;\"><b>Die Bunker<\/b><\/span><\/span><\/span><span style=\"color: #000000;\"><span style=\"font-family: Optima;\"><span style=\"font-size: small;\"> et <\/span><\/span><\/span><span style=\"color: #000000;\"><span style=\"font-family: Optima;\"><span style=\"font-size: small;\"><b>Mami Chan Band<\/b><\/span><\/span><\/span><span style=\"color: #000000;\"><span style=\"font-family: Optima;\"><span style=\"font-size: small;\"> avec lequel il a particip\u00e9 \u00e0 deux<\/span><\/span><\/span><span style=\"color: #000000;\"><span style=\"font-family: Optima;\"><span style=\"font-size: small;\"><b> Tourn\u00e9es culturelles avec la CCAS EDF<\/b><\/span><\/span><\/span><span style=\"color: #000000;\"><span style=\"font-family: Optima;\"><span style=\"font-size: small;\">. Il initie et dirige le groupe <\/span><\/span><\/span><span style=\"color: #000000;\"><span style=\"font-family: Optima;\"><span style=\"font-size: small;\"><b>Idiots<\/b><\/span><\/span><\/span><span style=\"color: #000000;\"><span style=\"font-family: Optima;\"><span style=\"font-size: small;\"> d<\/span><\/span><\/span><span style=\"color: #000000;\"><span style=\"font-family: Optima;\"><span style=\"font-size: small;\">ont il est auteur compositeur et interpr\u00e8te. Il a particip\u00e9 \u00e9galement \u00e0 plusieurs projets collectifs du <\/span><\/span><\/span><span style=\"color: #000000;\"><span style=\"font-family: Optima;\"><span style=\"font-size: small;\"><b>Label exp\u00e9rimental Trace Records<\/b><\/span><\/span><\/span><span style=\"color: #000000;\"><span style=\"font-family: Optima;\"><span style=\"font-size: small;\">, ainsi qu&rsquo;\u00e0 des performances d&rsquo;art contemporain avec <\/span><\/span><\/span><span style=\"color: #000000;\"><span style=\"font-family: Optima;\"><span style=\"font-size: small;\"><b>Elodie Lesourd <\/b><\/span><\/span><\/span><span style=\"color: #000000;\"><span style=\"font-family: Optima;\"><span style=\"font-size: small;\">au <\/span><\/span><\/span><span style=\"color: #000000;\"><span style=\"font-family: Optima;\"><span style=\"font-size: small;\"><b>MAC VAL de Vitry<\/b><\/span><\/span><\/span><span style=\"color: #000000;\"><span style=\"font-family: Optima;\"><span style=\"font-size: small;\">.<\/span><\/span><\/span><\/p>\n<p align=\"JUSTIFY\"><span style=\"color: #000000;\"><span style=\"font-family: Optima;\"><span style=\"font-size: small;\">Pour le cin\u00e9ma, il a compos\u00e9 ou arrang\u00e9 une partie des B.O. de films de <\/span><\/span><\/span><span style=\"color: #000000;\"><span style=\"font-family: Optima;\"><span style=\"font-size: small;\"><b>Bruno Podalyd\u00e8s <\/b><\/span><\/span><\/span><span style=\"color: #000000;\"><span style=\"font-family: Optima;\"><span style=\"font-size: small;\">et <\/span><\/span><\/span><span style=\"color: #000000;\"><span style=\"font-family: Optima;\"><span style=\"font-size: small;\"><b>Arnaud Desplechin <\/b><\/span><\/span><\/span><span style=\"color: #000000;\"><span style=\"font-family: Optima;\"><span style=\"font-size: small;\">ainsi que des musiques de court-m\u00e9trages et documentaires. Il a r\u00e9pondu \u00e0 des commandes pour le multim\u00e9dia et la publicit\u00e9.<\/span><\/span><\/span><\/p>\n<p align=\"JUSTIFY\"><span style=\"color: #000000;\"><span style=\"font-family: Optima;\"><span style=\"font-size: small;\">Il a r\u00e9cemment suivi deux stages de formation au <\/span><\/span><\/span><span style=\"color: #000000;\"><span style=\"font-family: Optima;\"><span style=\"font-size: small;\"><b>CIFAP<\/b><\/span><\/span><\/span><span style=\"color: #000000;\"><span style=\"font-family: Optima;\"><span style=\"font-size: small;\">, l&rsquo;un pour approfondir ses connaissances en techniques de composition et d&rsquo;organisation du travail musical pour l&rsquo;image, l&rsquo;autre consacr\u00e9 \u00e0 l&rsquo;orchestration et \u00e0 la direction de s\u00e9ance d&rsquo;enregistrement d&rsquo;orchestre. Il travaille actuellement avec un quatuor \u00e0 cordes et un chanteur anglais sur un nouveaux projet <\/span><\/span><\/span><span style=\"color: #000000;\"><span style=\"font-family: Optima;\"><span style=\"font-size: small;\"><b>Angelfich Decay<\/b><\/span><\/span><\/span><span style=\"color: #000000;\"><span style=\"font-family: Optima;\"><span style=\"font-size: small;\">, exp\u00e9rience aux r\u00e9sultats enthousiasmants d&rsquo;hybridation des principes d&rsquo;\u00e9critures des musiques \u00e9lectroniques avec les timbres d&rsquo;instruments classiques.<\/span><\/span><\/span><\/p>\n","protected":false},"excerpt":{"rendered":"<p>Cr\u00e9ateur musical et sonore Issu d&rsquo;une famille o\u00f9 la musique occupait une place centrale, Olivier Deparis envisage la musique comme une seconde langue natale. Il s&rsquo;est form\u00e9 durant trois ans \u00e0 l&rsquo;art dramatique au Cours Florent, \u00e0 L&rsquo;\u00e9cole LEDA dirig\u00e9e &hellip; <a href=\"http:\/\/www.expliquesonge.fr\/?page_id=1290\">Continuer la lecture <span class=\"meta-nav\">&rarr;<\/span><\/a><\/p>\n","protected":false},"author":4,"featured_media":0,"parent":0,"menu_order":0,"comment_status":"open","ping_status":"open","template":"","meta":{"ngg_post_thumbnail":0,"footnotes":""},"class_list":["post-1290","page","type-page","status-publish","hentry"],"_links":{"self":[{"href":"http:\/\/www.expliquesonge.fr\/index.php?rest_route=\/wp\/v2\/pages\/1290","targetHints":{"allow":["GET"]}}],"collection":[{"href":"http:\/\/www.expliquesonge.fr\/index.php?rest_route=\/wp\/v2\/pages"}],"about":[{"href":"http:\/\/www.expliquesonge.fr\/index.php?rest_route=\/wp\/v2\/types\/page"}],"author":[{"embeddable":true,"href":"http:\/\/www.expliquesonge.fr\/index.php?rest_route=\/wp\/v2\/users\/4"}],"replies":[{"embeddable":true,"href":"http:\/\/www.expliquesonge.fr\/index.php?rest_route=%2Fwp%2Fv2%2Fcomments&post=1290"}],"version-history":[{"count":3,"href":"http:\/\/www.expliquesonge.fr\/index.php?rest_route=\/wp\/v2\/pages\/1290\/revisions"}],"predecessor-version":[{"id":1442,"href":"http:\/\/www.expliquesonge.fr\/index.php?rest_route=\/wp\/v2\/pages\/1290\/revisions\/1442"}],"wp:attachment":[{"href":"http:\/\/www.expliquesonge.fr\/index.php?rest_route=%2Fwp%2Fv2%2Fmedia&parent=1290"}],"curies":[{"name":"wp","href":"https:\/\/api.w.org\/{rel}","templated":true}]}}