{"id":1244,"date":"2014-06-15T17:46:33","date_gmt":"2014-06-15T17:46:33","guid":{"rendered":"http:\/\/www.expliquesonge.fr\/?page_id=1244"},"modified":"2023-02-16T15:37:24","modified_gmt":"2023-02-16T15:37:24","slug":"juliette-rizoud","status":"publish","type":"page","link":"http:\/\/www.expliquesonge.fr\/?page_id=1244","title":{"rendered":"Juliette Rizoud"},"content":{"rendered":"\n<p><strong><em>Com\u00e9dienne<\/em><\/strong><\/p>\n\n\n<p><style type=\"text\/css\"><!--\n<span id=\"mce_marker\" data-mce-type=\"bookmark\"><\/span><span id=\"__caret\">_<\/span><!--\nP { margin-bottom: 0.21cm; }\n--><\/style><\/p>\n<div id=\"attachment_1593\" style=\"width: 234px\" class=\"wp-caption alignleft\"><a href=\"http:\/\/www.expliquesonge.fr\/wp-content\/uploads\/2021\/01\/Portrait-Juliette-Rizoud\u00a9Vale\u0301rie-Castel-Jordy.jpg\"><img loading=\"lazy\" decoding=\"async\" aria-describedby=\"caption-attachment-1593\" class=\"wp-image-1593 size-medium\" src=\"http:\/\/www.expliquesonge.fr\/wp-content\/uploads\/2021\/01\/Portrait-Juliette-Rizoud\u00a9Vale\u0301rie-Castel-Jordy-224x300.jpg\" alt=\"\" width=\"224\" height=\"300\" srcset=\"http:\/\/www.expliquesonge.fr\/wp-content\/uploads\/2021\/01\/Portrait-Juliette-Rizoud\u00a9Vale\u0301rie-Castel-Jordy-224x300.jpg 224w, http:\/\/www.expliquesonge.fr\/wp-content\/uploads\/2021\/01\/Portrait-Juliette-Rizoud\u00a9Vale\u0301rie-Castel-Jordy.jpg 567w\" sizes=\"auto, (max-width: 224px) 100vw, 224px\" \/><\/a><p id=\"caption-attachment-1593\" class=\"wp-caption-text\">Juliette Rizoud<\/p><\/div>\n<p align=\"JUSTIFY\"><span style=\"color: #000000;\"><span style=\"font-family: Avenir;\"><span style=\"font-size: small;\">Juliette Rizoud a suivi les cours de <\/span><\/span><\/span><span style=\"color: #000000;\"><span style=\"font-family: Avenir;\"><span style=\"font-size: small;\"><b>l\u2019\u00c9cole pr\u00e9paratoire de la Com\u00e9die de Saint- \u00c9tienne<\/b><\/span><\/span><\/span><span style=\"color: #000000;\"><span style=\"font-family: Avenir;\"><span style=\"font-size: small;\">, ainsi que ceux du <\/span><\/span><\/span><span style=\"color: #000000;\"><span style=\"font-family: Avenir;\"><span style=\"font-size: small;\"><b>Centre Chor\u00e9graphique de Toulouse<\/b><\/span><\/span><\/span><span style=\"color: #000000;\"><span style=\"font-family: Avenir;\"><span style=\"font-size: small;\">. En 2004, elle entre \u00e0 <\/span><\/span><\/span><span style=\"color: #000000;\"><span style=\"font-family: Avenir;\"><span style=\"font-size: small;\"><b>l\u2019ENSATT<\/b><\/span><\/span><\/span><span style=\"color: #000000;\"><span style=\"font-family: Avenir;\"><span style=\"font-size: small;\">. Depuis la saison 2007-2008, elle fait partie de <\/span><\/span><\/span><span style=\"color: #000000;\"><span style=\"font-family: Avenir;\"><span style=\"font-size: small;\"><b>la troupe du TNP<\/b><\/span><\/span><\/span><span style=\"color: #000000;\"><span style=\"font-family: Avenir;\"><span style=\"font-size: small;\"> et a \u00e9t\u00e9 dirig\u00e9e par <\/span><\/span><\/span><span style=\"color: #000000;\"><span style=\"font-family: Avenir;\"><span style=\"font-size: small;\"><b>Christian Schiaretti<\/b><\/span><\/span><\/span><span style=\"color: #000000;\"><span style=\"font-family: Avenir;\"><span style=\"font-size: small;\"> notamment dans <\/span><\/span><\/span><span style=\"color: #000000;\"><span style=\"font-family: Avenir;\"><span style=\"font-size: small;\"><i>La Jeanne de Delteil<\/i><\/span><\/span><\/span><span style=\"color: #000000;\"><span style=\"font-family: Avenir;\"><span style=\"font-size: small;\">, et dans <\/span><\/span><\/span><span style=\"color: #000000;\"><span style=\"font-family: Avenir;\"><span style=\"font-size: small;\"><i>Ruy Blas <\/i><\/span><\/span><\/span><span style=\"color: #000000;\"><span style=\"font-family: Avenir;\"><span style=\"font-size: small;\">de Victor Hugo o\u00f9 elle tient le r\u00f4le de la reine. Elle part en tourn\u00e9e avec <\/span><\/span><\/span><span style=\"color: #000000;\"><span style=\"font-family: Avenir;\"><span style=\"font-size: small;\"><b>Les Tr\u00e9teaux de France<\/b><\/span><\/span><\/span><span style=\"color: #000000;\"><span style=\"font-family: Avenir;\"><span style=\"font-size: small;\"> dirig\u00e9s par <\/span><\/span><\/span><span style=\"color: #000000;\"><span style=\"font-family: Avenir;\"><span style=\"font-size: small;\"><b>Robin Renucci<\/b><\/span><\/span><\/span><span style=\"color: #000000;\"><span style=\"font-family: Avenir;\"><span style=\"font-size: small;\">. Elle a \u00e9t\u00e9 \u00e9galement dirig\u00e9e par <\/span><\/span><\/span><span style=\"color: #000000;\"><span style=\"font-family: Avenir;\"><span style=\"font-size: small;\"><b>Olivier Borle<\/b><\/span><\/span><\/span><span style=\"color: #000000;\"><span style=\"font-family: Avenir;\"><span style=\"font-size: small;\">, <\/span><\/span><\/span><span style=\"color: #000000;\"><span style=\"font-family: Avenir;\"><span style=\"font-size: small;\"><b>Julie Brochen<\/b><\/span><\/span><\/span><span style=\"color: #000000;\"><span style=\"font-family: Avenir;\"><span style=\"font-size: small;\">, <\/span><\/span><\/span><span style=\"color: #000000;\"><span style=\"font-family: Avenir;\"><span style=\"font-size: small;\"><b>Christophe Maltot<\/b><\/span><\/span><\/span><span style=\"color: #000000;\"><span style=\"font-family: Avenir;\"><span style=\"font-size: small;\">, <\/span><\/span><\/span><span style=\"color: #000000;\"><span style=\"font-family: Avenir;\"><span style=\"font-size: small;\"><b>Gr\u00e9goire Ingold<\/b><\/span><\/span><\/span><span style=\"color: #000000;\"><span style=\"font-family: Avenir;\"><span style=\"font-size: small;\">, <\/span><\/span><\/span><span style=\"color: #000000;\"><span style=\"font-family: Avenir;\"><span style=\"font-size: small;\"><b>Nada Strancar<\/b><\/span><\/span><\/span><span style=\"color: #000000;\"><span style=\"font-family: Avenir;\"><span style=\"font-size: small;\"> et <\/span><\/span><\/span><span style=\"color: #000000;\"><span style=\"font-family: Avenir;\"><span style=\"font-size: small;\"><b>Thierry Thie\u00fb Niang<\/b><\/span><\/span><\/span><span style=\"color: #000000;\"><span style=\"font-family: Avenir;\"><span style=\"font-size: small;\">. <\/span><\/span><\/span><\/p>\n<p align=\"JUSTIFY\"><span style=\"color: #000000;\"><span style=\"font-family: Avenir;\"><span style=\"font-size: small;\">Elle cr\u00e9e en septembre 2014, la compagnie is\u00e9roise <\/span><\/span><\/span><span style=\"color: #000000;\"><span style=\"font-family: Avenir;\"><span style=\"font-size: small;\"><b>La Bande \u00e0 Mandrin<\/b><\/span><\/span><\/span><span style=\"color: #000000;\"><span style=\"font-family: Avenir;\"><span style=\"font-size: small;\">. Au sein de sa compagnie, elle a mis en sc\u00e8ne au TNP de Villeurbanne, en avril 2015, <\/span><\/span><\/span><span style=\"color: #000000;\"><span style=\"font-family: Avenir;\"><span style=\"font-size: small;\"><i>Le Songe d&rsquo;une nuit d&rsquo;\u00e9t\u00e9, <\/i><\/span><\/span><\/span><span style=\"color: #000000;\"><span style=\"font-family: Avenir;\"><span style=\"font-size: small;\">en janvier 2017, <\/span><\/span><\/span><span style=\"color: #000000;\"><span style=\"font-family: Avenir;\"><span style=\"font-size: small;\"><i>La tr\u00e8s excellente et lamentable trag\u00e9die de Rom\u00e9o et Juliette <\/i><\/span><\/span><\/span><span style=\"color: #000000;\"><span style=\"font-family: Avenir;\"><span style=\"font-size: small;\">et en mars 2017, un spectacle jeune public <\/span><\/span><\/span><span style=\"color: #000000;\"><span style=\"font-family: Avenir;\"><span style=\"font-size: small;\"><i>Le p\u2019tit songe d\u2019une nuit d\u2019\u00e9t\u00e9 <\/i><\/span><\/span><\/span><span style=\"color: #000000;\"><span style=\"font-family: Avenir;\"><span style=\"font-size: small;\">au <\/span><\/span><\/span><span style=\"color: #000000;\"><span style=\"font-family: Avenir;\"><span style=\"font-size: small;\"><b>Th\u00e9\u00e2tre Th\u00e9o Argence de Saint-Priest<\/b><\/span><\/span><\/span><span style=\"color: #000000;\"><span style=\"font-family: Avenir;\"><span style=\"font-size: small;\"><i>. <\/i><\/span><\/span><\/span><span style=\"color: #000000;\"><span style=\"font-family: Avenir;\"><span style=\"font-size: small;\">Elle a cr\u00e9\u00e9 <\/span><\/span><\/span><span style=\"color: #000000;\"><span style=\"font-family: Avenir;\"><span style=\"font-size: small;\"><i>La Temp\u00eate <\/i><\/span><\/span><\/span><span style=\"color: #000000;\"><span style=\"font-family: Avenir;\"><span style=\"font-size: small;\">au <\/span><\/span><\/span><span style=\"color: #000000;\"><span style=\"font-family: Avenir;\"><span style=\"font-size: small;\"><b>Th\u00e9\u00e2tre de V\u00e9nissieux <\/b><\/span><\/span><\/span><span style=\"color: #000000;\"><span style=\"font-family: Avenir;\"><span style=\"font-size: small;\">en<\/span><\/span><\/span><b> <\/b><span style=\"color: #000000;\"><span style=\"font-family: Avenir;\"><span style=\"font-size: small;\">novembre 2018 et <\/span><\/span><\/span><span style=\"color: #000000;\"><span style=\"font-family: Avenir;\"><span style=\"font-size: small;\"><i>Premier Soleil : enqu\u00eate sur la mort de Rom\u00e9o et Juliette<\/i><\/span><\/span><\/span><span style=\"color: #000000;\"><span style=\"font-family: Avenir;\"><span style=\"font-size: small;\"> au <\/span><\/span><\/span><span style=\"color: #000000;\"><span style=\"font-family: Avenir;\"><span style=\"font-size: small;\"><b>Th\u00e9\u00e2tre de la Ricamarie<\/b><\/span><\/span><\/span><span style=\"color: #000000;\"><span style=\"font-family: Avenir;\"><span style=\"font-size: small;\"> en<\/span><\/span><\/span><b> <\/b><span style=\"color: #000000;\"><span style=\"font-family: Avenir;\"><span style=\"font-size: small;\">avril 2018. Elle continue en parall\u00e8le \u00e0 jouer en tant que com\u00e9dienne au sein du TNP de Villeurbanne. Elle a cr\u00e9\u00e9 en septembre 2016 le festival de th\u00e9\u00e2tre <\/span><\/span><\/span><span style=\"color: #000000;\"><span style=\"font-family: Avenir;\"><span style=\"font-size: small;\"><i>Les Th\u00e9\u00e2trales du Vercors <\/i><\/span><\/span><\/span><span style=\"color: #000000;\"><span style=\"font-family: Avenir;\"><span style=\"font-size: small;\">\u00e0 Lans en Vercors. Elle interpr\u00e8te le r\u00f4le d&rsquo;Etty dans la pi\u00e8ce <\/span><\/span><\/span><span style=\"color: #000000;\"><span style=\"font-family: Avenir;\"><span style=\"font-size: small;\"><i>Au c\u0153ur des cendres <\/i><\/span><\/span><\/span><span style=\"color: #000000;\"><span style=\"font-family: Avenir;\"><span style=\"font-size: small;\">librement inspir\u00e9e des \u00e9crits d&rsquo;<\/span><\/span><\/span><span style=\"color: #000000;\"><span style=\"font-family: Avenir;\"><span style=\"font-size: small;\"><b>Etty Hillesum<\/b><\/span><\/span><\/span><span style=\"color: #000000;\"><span style=\"font-family: Avenir;\"><span style=\"font-size: small;\">, \u00e9crite et mise en sc\u00e8ne par <\/span><\/span><\/span><span style=\"color: #000000;\"><span style=\"font-family: Avenir;\"><span style=\"font-size: small;\"><b>Val\u00e9rie Castel Jordy<\/b><\/span><\/span><\/span><span style=\"color: #000000;\"><span style=\"font-family: Avenir;\"><span style=\"font-size: small;\">.<\/span><\/span><\/span><\/p>","protected":false},"excerpt":{"rendered":"<p>Com\u00e9dienne Juliette Rizoud a suivi les cours de l\u2019\u00c9cole pr\u00e9paratoire de la Com\u00e9die de Saint- \u00c9tienne, ainsi que ceux du Centre Chor\u00e9graphique de Toulouse. En 2004, elle entre \u00e0 l\u2019ENSATT. Depuis la saison 2007-2008, elle fait partie de la troupe &hellip; <a href=\"http:\/\/www.expliquesonge.fr\/?page_id=1244\">Continuer la lecture <span class=\"meta-nav\">&rarr;<\/span><\/a><\/p>\n","protected":false},"author":4,"featured_media":0,"parent":0,"menu_order":0,"comment_status":"closed","ping_status":"closed","template":"","meta":{"ngg_post_thumbnail":0,"footnotes":""},"class_list":["post-1244","page","type-page","status-publish","hentry"],"_links":{"self":[{"href":"http:\/\/www.expliquesonge.fr\/index.php?rest_route=\/wp\/v2\/pages\/1244","targetHints":{"allow":["GET"]}}],"collection":[{"href":"http:\/\/www.expliquesonge.fr\/index.php?rest_route=\/wp\/v2\/pages"}],"about":[{"href":"http:\/\/www.expliquesonge.fr\/index.php?rest_route=\/wp\/v2\/types\/page"}],"author":[{"embeddable":true,"href":"http:\/\/www.expliquesonge.fr\/index.php?rest_route=\/wp\/v2\/users\/4"}],"replies":[{"embeddable":true,"href":"http:\/\/www.expliquesonge.fr\/index.php?rest_route=%2Fwp%2Fv2%2Fcomments&post=1244"}],"version-history":[{"count":15,"href":"http:\/\/www.expliquesonge.fr\/index.php?rest_route=\/wp\/v2\/pages\/1244\/revisions"}],"predecessor-version":[{"id":1818,"href":"http:\/\/www.expliquesonge.fr\/index.php?rest_route=\/wp\/v2\/pages\/1244\/revisions\/1818"}],"wp:attachment":[{"href":"http:\/\/www.expliquesonge.fr\/index.php?rest_route=%2Fwp%2Fv2%2Fmedia&parent=1244"}],"curies":[{"name":"wp","href":"https:\/\/api.w.org\/{rel}","templated":true}]}}