{"id":1232,"date":"2014-06-15T17:12:35","date_gmt":"2014-06-15T17:12:35","guid":{"rendered":"http:\/\/www.expliquesonge.fr\/?page_id=1232"},"modified":"2018-08-26T13:32:13","modified_gmt":"2018-08-26T13:32:13","slug":"saison-2013-2014","status":"publish","type":"page","link":"http:\/\/www.expliquesonge.fr\/?page_id=1232","title":{"rendered":"Saison 2013-2014"},"content":{"rendered":"<p align=\"LEFT\"><strong>CALENDRIER 2013\/2014<\/strong><\/p>\n<p>Spectacles en tourn\u00e9e :<\/p>\n<p><strong>L\u2019\u00c9CHANGE de Paul Claudel (\u00e0 partir de 14 ans)<\/strong><\/p>\n<p>&#8211; Festival OFF d&rsquo;Avignon : du 8 au 27 juillet \u00e0 15h05 (rel\u00e2che les 13 et 21)<br \/>\n\u00e0 la Chapelle N. D. de la Conversion : 35 rue Paul Sa\u00efn &#8211; Avignon<br \/>\nR\u00e9servation : 07 88 16 87 75<\/p>\n<p><strong>PACAMAMBO de Wajdi Mouawad (\u00e0 partir de 9 ans)<\/strong><\/p>\n<p>&#8211; du 19 au 27 ao\u00fbt \u00e0 21h \u2013 Tourn\u00e9e Culturelle organis\u00e9e par la CCAS EDF<\/p>\n<p>19 ao\u00fbt : Saint Jean de Sixt (Le Cr\u00eat 74450 St Jean de Sixt)<br \/>\n20 ao\u00fbt : Corren\u00e7on (Les Ramblins 38250 Corren\u00e7on en Vercors)<br \/>\n21 ao\u00fbt : Saint Hilaire du Rosier (Cit\u00e9 Machefert 38840 St Hilaire du Rosier)<br \/>\n22 ao\u00fbt : Saint-Barth\u00e9l\u00e9my (Grozon \u2013 07270 Saint-Barth\u00e9l\u00e9my Grozon)<br \/>\n23 ao\u00fbt : Lapte (Cit\u00e9 de la Chazotte 43200 Lapte)<br \/>\n25 ao\u00fbt : Servi\u00e8res le Ch\u00e2teau (Centre CCAS, La bourgeade 19220 Servi\u00e8res le Ch\u00e2teau)<br \/>\n26 ao\u00fbt : Chingeat (Centre de vacances CCAS, Cit\u00e9 de Chingeat 19260 Chingeat)<br \/>\n27 ao\u00fbt : Peyrat le Ch\u00e2teau (Centre de vacances CCAS 87470 Peyrat le Ch\u00e2teau)<\/p>\n","protected":false},"excerpt":{"rendered":"<p>CALENDRIER 2013\/2014 Spectacles en tourn\u00e9e : L\u2019\u00c9CHANGE de Paul Claudel (\u00e0 partir de 14 ans) &#8211; Festival OFF d&rsquo;Avignon : du 8 au 27 juillet \u00e0 15h05 (rel\u00e2che les 13 et 21) \u00e0 la Chapelle N. D. de la Conversion &hellip; <a href=\"http:\/\/www.expliquesonge.fr\/?page_id=1232\">Continuer la lecture <span class=\"meta-nav\">&rarr;<\/span><\/a><\/p>\n","protected":false},"author":4,"featured_media":0,"parent":0,"menu_order":0,"comment_status":"open","ping_status":"open","template":"","meta":{"ngg_post_thumbnail":0,"footnotes":""},"class_list":["post-1232","page","type-page","status-publish","hentry"],"_links":{"self":[{"href":"http:\/\/www.expliquesonge.fr\/index.php?rest_route=\/wp\/v2\/pages\/1232","targetHints":{"allow":["GET"]}}],"collection":[{"href":"http:\/\/www.expliquesonge.fr\/index.php?rest_route=\/wp\/v2\/pages"}],"about":[{"href":"http:\/\/www.expliquesonge.fr\/index.php?rest_route=\/wp\/v2\/types\/page"}],"author":[{"embeddable":true,"href":"http:\/\/www.expliquesonge.fr\/index.php?rest_route=\/wp\/v2\/users\/4"}],"replies":[{"embeddable":true,"href":"http:\/\/www.expliquesonge.fr\/index.php?rest_route=%2Fwp%2Fv2%2Fcomments&post=1232"}],"version-history":[{"count":4,"href":"http:\/\/www.expliquesonge.fr\/index.php?rest_route=\/wp\/v2\/pages\/1232\/revisions"}],"predecessor-version":[{"id":1405,"href":"http:\/\/www.expliquesonge.fr\/index.php?rest_route=\/wp\/v2\/pages\/1232\/revisions\/1405"}],"wp:attachment":[{"href":"http:\/\/www.expliquesonge.fr\/index.php?rest_route=%2Fwp%2Fv2%2Fmedia&parent=1232"}],"curies":[{"name":"wp","href":"https:\/\/api.w.org\/{rel}","templated":true}]}}