{"id":1026,"date":"2012-10-02T17:31:06","date_gmt":"2012-10-02T17:31:06","guid":{"rendered":"http:\/\/www.expliquesonge.fr\/?page_id=1026"},"modified":"2023-02-22T13:31:05","modified_gmt":"2023-02-22T13:31:05","slug":"ligne-artistique","status":"publish","type":"page","link":"http:\/\/www.expliquesonge.fr\/?page_id=1026","title":{"rendered":"Ligne artistique"},"content":{"rendered":"<p><strong>Ligne artistique autour de 4 spectacles (2006-2012)<\/strong><\/p>\n<p style=\"text-align: center;\"><strong><span style=\"color: #3366ff;\">L&rsquo;EXPLIQUE-SONGE : ESSENCE ET R\u00c9CURRENCES<\/span><\/strong><\/p>\n<p style=\"text-align: justify;\" align=\"LEFT\">TH\u00c9\u00c2TRE DE LUMI\u00c8RE EN CLAIR-OBSCUR<\/p>\n<div id=\"attachment_1174\" style=\"width: 310px\" class=\"wp-caption alignleft\"><a href=\"http:\/\/www.expliquesonge.fr\/wp-content\/uploads\/2013\/09\/Echange\u00a9Fr\u00e9d\u00e9ricAuclair.jpg\"><img loading=\"lazy\" decoding=\"async\" aria-describedby=\"caption-attachment-1174\" class=\"size-medium wp-image-1174\" src=\"http:\/\/www.expliquesonge.fr\/wp-content\/uploads\/2013\/09\/Echange\u00a9Fr\u00e9d\u00e9ricAuclair-300x200.jpg\" alt=\"Echange\u00a9Fr\u00e9d\u00e9ricAuclair\" width=\"300\" height=\"200\" srcset=\"http:\/\/www.expliquesonge.fr\/wp-content\/uploads\/2013\/09\/Echange\u00a9Fr\u00e9d\u00e9ricAuclair-300x200.jpg 300w, http:\/\/www.expliquesonge.fr\/wp-content\/uploads\/2013\/09\/Echange\u00a9Fr\u00e9d\u00e9ricAuclair-1024x683.jpg 1024w, http:\/\/www.expliquesonge.fr\/wp-content\/uploads\/2013\/09\/Echange\u00a9Fr\u00e9d\u00e9ricAuclair.jpg 1181w\" sizes=\"auto, (max-width: 300px) 100vw, 300px\" \/><\/a><p id=\"caption-attachment-1174\" class=\"wp-caption-text\">L&rsquo;ECHANGE<\/p><\/div>\n<p style=\"text-align: justify;\">\u00ab\u00a0L&rsquo;oeil du peintre\u00a0\u00bb de Val\u00e9rie Castel Jordy n&rsquo;est pas seulement le travail du corps et du mouvement, mais aussi la mise en lumi\u00e8re des corps, par la semi-nudit\u00e9, par la nudit\u00e9, par le clair-obscur.<\/p>\n<p style=\"text-align: justify;\" align=\"LEFT\">Au tout d\u00e9but du <i>Chant du Dire-Dire,<\/i> pour exprimer le chaos originel, il y a une faible lumi\u00e8re de lampe \u00e0 p\u00e9trole sur les visages. Dans <i>L&rsquo;Echange,<\/i> la lumi\u00e8re rasante sur les corps d\u00e9nud\u00e9s, modifi\u00e9e de surcro\u00eet par le filtre du grand tulle blanc en fond de sc\u00e8ne, invite assez t\u00f4t le spectateur \u00e0 rentrer en douceur dans un univers o\u00f9 le r\u00eave, l&rsquo;inconscient, le non-avou\u00e9 affleurent.<\/p>\n<p>TH\u00c9\u00c2TRE DU D\u00c9VOILEMENT PAR LE COSTUME<\/p>\n<div id=\"attachment_1029\" style=\"width: 310px\" class=\"wp-caption alignleft\"><a href=\"http:\/\/www.expliquesonge.fr\/wp-content\/uploads\/2012\/10\/1-sc\u00e9nographie-Le-Chant-du-Dire-Dire.jpg\"><img loading=\"lazy\" decoding=\"async\" aria-describedby=\"caption-attachment-1029\" class=\"size-medium wp-image-1029\" src=\"http:\/\/www.expliquesonge.fr\/wp-content\/uploads\/2012\/10\/1-sc\u00e9nographie-Le-Chant-du-Dire-Dire-300x225.jpg\" alt=\"1-sc\u00e9nographie-Le-Chant-du-Dire-Dire.jpg\" width=\"300\" height=\"225\" srcset=\"http:\/\/www.expliquesonge.fr\/wp-content\/uploads\/2012\/10\/1-sc\u00e9nographie-Le-Chant-du-Dire-Dire-300x225.jpg 300w, http:\/\/www.expliquesonge.fr\/wp-content\/uploads\/2012\/10\/1-sc\u00e9nographie-Le-Chant-du-Dire-Dire-1024x768.jpg 1024w, http:\/\/www.expliquesonge.fr\/wp-content\/uploads\/2012\/10\/1-sc\u00e9nographie-Le-Chant-du-Dire-Dire.jpg 1417w\" sizes=\"auto, (max-width: 300px) 100vw, 300px\" \/><\/a><p id=\"caption-attachment-1029\" class=\"wp-caption-text\">LE CHANT DU DIRE-DIRE<\/p><\/div>\n<p style=\"text-align: justify;\" align=\"LEFT\">Les costumes perdent ou gagnent des pelures au long des spectacles. Dans <i>Le Chant du Dire-Dire<\/i>, la mise en sc\u00e8ne propose une transposition pudique de la sauvagerie des municipiens vis \u00e0 vis de No\u00e9ma. Pendant que ses fr\u00e8res racontent cet \u00e9pisode, elle arrache ses bouts de robe et le public imagine tr\u00e8s bien la foule grondant autour d&rsquo;elle.<\/p>\n<p style=\"text-align: justify;\">Marthe dans <i>L&rsquo;Echange <\/i>perd des \u00e9l\u00e9ments de costume, on les lui arrache, comme un signe de sa douleur. Lechy lui demande : \u00ab\u00a0Qu&rsquo;est-ce que la v\u00e9rit\u00e9\u00a0? N&rsquo;a-t-elle pas dix-sept enveloppes comme les oignons\u00a0?\u00a0\u00bb.<\/p>\n<p style=\"text-align: justify;\" align=\"LEFT\">Julie dans <i>Pacamambo<\/i> n&rsquo;a pas la peau qu&rsquo;elle aimerait avoir. Elle se maquille et change de costume comme pour partir en guerre, et ce simulacre de camouflage nous la fait appara\u00eetre avec la peau noire. C&rsquo;est une des \u00e9tapes qui la lib\u00e8rent.<\/p>\n<p style=\"text-align: justify;\" align=\"LEFT\">TH\u00c9\u00c2TRE DE CEUX QUI SONT \u00c0 PART<\/p>\n<p style=\"text-align: justify;\" align=\"LEFT\">Dans <i>Le Chant du Dire Dire,<\/i> <i>L&rsquo;Echange<\/i> et <i>Pacamambo<\/i>, nous voyons quatre personnages confin\u00e9s, face \u00e0 un danger grandissant et une fin incertaine.<\/p>\n<p style=\"text-align: justify;\" align=\"LEFT\">No\u00e9ma, Louis Laine, Julie sont des \u00e2mes \u00e0 part, des \u00e2mes rest\u00e9es ou devenues sauvages. Incontr\u00f4lables, comme dans nos soci\u00e9t\u00e9s o\u00f9 les marginaux, qu&rsquo;ils soient des sans-logis revendiquant farouchement leur ind\u00e9pendance, des \u00eatres frapp\u00e9s par la maladie ou des extravagants, fascinent les autres, et tout \u00e0 la fois les encombrent.<\/p>\n<p>TH\u00c9\u00c2TRE DES GESTES QUI HONORENT LA PR\u00c9SENCE DE L&rsquo;AUTRE<\/p>\n<div id=\"attachment_1181\" style=\"width: 310px\" class=\"wp-caption alignleft\"><a href=\"http:\/\/www.expliquesonge.fr\/wp-content\/uploads\/2013\/09\/Pacamambo\u00a9expliquesonge.jpg\"><img loading=\"lazy\" decoding=\"async\" aria-describedby=\"caption-attachment-1181\" class=\"size-medium wp-image-1181\" src=\"http:\/\/www.expliquesonge.fr\/wp-content\/uploads\/2013\/09\/Pacamambo\u00a9expliquesonge-300x225.jpg\" alt=\"Pacamambo\u00a9expliquesonge\" width=\"300\" height=\"225\" srcset=\"http:\/\/www.expliquesonge.fr\/wp-content\/uploads\/2013\/09\/Pacamambo\u00a9expliquesonge-300x225.jpg 300w, http:\/\/www.expliquesonge.fr\/wp-content\/uploads\/2013\/09\/Pacamambo\u00a9expliquesonge-1024x768.jpg 1024w, http:\/\/www.expliquesonge.fr\/wp-content\/uploads\/2013\/09\/Pacamambo\u00a9expliquesonge.jpg 1181w\" sizes=\"auto, (max-width: 300px) 100vw, 300px\" \/><\/a><p id=\"caption-attachment-1181\" class=\"wp-caption-text\">PACAMAMBO<\/p><\/div>\n<p style=\"text-align: justify;\" align=\"LEFT\">Laver l&rsquo;autre pour en prendre soin.\u00a0Dans <i>Le Chant du Dire-Dire<\/i>, No\u00e9ma la sauvageonne de retour, inerte, sans langage, est lav\u00e9e par ses fr\u00e8res, derri\u00e8re un voile de plastique qui \u00e0 la fois, place le public \u00e0 une distance pudique, tout en agrandissant cet acte.<\/p>\n<p style=\"text-align: justify;\">Julie dans <i>Pacamambo<\/i>, d\u00e9place, parfume et maquille le plus d\u00e9licatement possible\u00a0le corps d\u00e9funt de sa grand-m\u00e8re Marie-Marie pour la veiller.<\/p>\n<p style=\"text-align: justify;\">C&rsquo;est un long chemin pour ces personnages, d&rsquo;acqu\u00e9rir le courage de ces gestes d&rsquo;humanisation. Si le fait d&rsquo;enterrer ses morts est le premier geste \u00ab\u00a0civilisateur\u00a0\u00bb de l&rsquo;histoire humaine, que dire de celui de les veiller, de les embaumer, de les ch\u00e9rir encore\u00a0?<\/p>\n<p style=\"text-align: justify;\" align=\"LEFT\">\u00a0TH\u00c9ATRE DE CEUX QUI PORTENT UN IDEAL<\/p>\n<p style=\"text-align: justify;\" align=\"LEFT\">No\u00e9ma r\u00eave d&rsquo;\u00eatre chanteuse, seule femme \u00e0 la voix unique, enserr\u00e9e dans un monde d&rsquo;hommes, de brutaux qui font bloc, pr\u00eats \u00e0 fondre sur elle. La lumi\u00e8re qui s&rsquo;\u00e9chappe de son corps est le symbole de la puret\u00e9 spirituelle qui l&rsquo;habite.<\/p>\n<p style=\"text-align: justify;\" align=\"LEFT\">Dans <i>L&rsquo;Echange<\/i>, Louis Laine ouvre le spectacle en \u00e9cartant les vagues du tulle de fond de sc\u00e8ne, pour se laver dans la mer. Mais \u00ab\u00a0ce n&rsquo;est pas cette eau sal\u00e9e-l\u00e0 qui te purifiera, mais celle qui sort de tes yeux\u00a0\u00bb lui dira Marthe vers la fin de la pi\u00e8ce. Personnage central de <i>L&rsquo;Echange<\/i>, Marthe ne peut emp\u00eacher les autres de faire le mal, mais elle le combat avec son arme \u00e0 elle : le pardon.<\/p>\n<div id=\"attachment_1030\" style=\"width: 310px\" class=\"wp-caption alignleft\"><a href=\"http:\/\/www.expliquesonge.fr\/wp-content\/uploads\/2012\/10\/2-sc\u00e9nographie-Pling.jpg\"><img loading=\"lazy\" decoding=\"async\" aria-describedby=\"caption-attachment-1030\" class=\"size-medium wp-image-1030\" src=\"http:\/\/www.expliquesonge.fr\/wp-content\/uploads\/2012\/10\/2-sc\u00e9nographie-Pling-300x200.jpg\" alt=\"2-sc\u00e9nographie Pling\" width=\"300\" height=\"200\" srcset=\"http:\/\/www.expliquesonge.fr\/wp-content\/uploads\/2012\/10\/2-sc\u00e9nographie-Pling-300x200.jpg 300w, http:\/\/www.expliquesonge.fr\/wp-content\/uploads\/2012\/10\/2-sc\u00e9nographie-Pling-1024x682.jpg 1024w, http:\/\/www.expliquesonge.fr\/wp-content\/uploads\/2012\/10\/2-sc\u00e9nographie-Pling.jpg 1417w\" sizes=\"auto, (max-width: 300px) 100vw, 300px\" \/><\/a><p id=\"caption-attachment-1030\" class=\"wp-caption-text\">PLING<\/p><\/div>\n<p>Dans la compagnie, l&rsquo;acteur est au centre comme l&rsquo;humain est au centre.<b> <\/b>Le Th\u00e9\u00e2tre de Val\u00e9rie Castel Jordy est fait de nuances et ouvert \u00e0 plusieurs lectures, tel un grand vaisseau qui avancerait dans l&rsquo;eau offrant des yeux de lumi\u00e8re.<\/p>\n<p style=\"text-align: justify;\"><strong>Ligne artistique vue par Yasmine Bargache, com\u00e9dienne, en 2012<br \/>\n<\/strong><\/p>\n","protected":false},"excerpt":{"rendered":"<p>Ligne artistique autour de 4 spectacles (2006-2012) L&rsquo;EXPLIQUE-SONGE : ESSENCE ET R\u00c9CURRENCES TH\u00c9\u00c2TRE DE LUMI\u00c8RE EN CLAIR-OBSCUR \u00ab\u00a0L&rsquo;oeil du peintre\u00a0\u00bb de Val\u00e9rie Castel Jordy n&rsquo;est pas seulement le travail du corps et du mouvement, mais aussi la mise en lumi\u00e8re &hellip; <a href=\"http:\/\/www.expliquesonge.fr\/?page_id=1026\">Continuer la lecture <span class=\"meta-nav\">&rarr;<\/span><\/a><\/p>\n","protected":false},"author":4,"featured_media":0,"parent":0,"menu_order":0,"comment_status":"open","ping_status":"open","template":"","meta":{"ngg_post_thumbnail":0,"footnotes":""},"class_list":["post-1026","page","type-page","status-publish","hentry"],"_links":{"self":[{"href":"http:\/\/www.expliquesonge.fr\/index.php?rest_route=\/wp\/v2\/pages\/1026","targetHints":{"allow":["GET"]}}],"collection":[{"href":"http:\/\/www.expliquesonge.fr\/index.php?rest_route=\/wp\/v2\/pages"}],"about":[{"href":"http:\/\/www.expliquesonge.fr\/index.php?rest_route=\/wp\/v2\/types\/page"}],"author":[{"embeddable":true,"href":"http:\/\/www.expliquesonge.fr\/index.php?rest_route=\/wp\/v2\/users\/4"}],"replies":[{"embeddable":true,"href":"http:\/\/www.expliquesonge.fr\/index.php?rest_route=%2Fwp%2Fv2%2Fcomments&post=1026"}],"version-history":[{"count":21,"href":"http:\/\/www.expliquesonge.fr\/index.php?rest_route=\/wp\/v2\/pages\/1026\/revisions"}],"predecessor-version":[{"id":1907,"href":"http:\/\/www.expliquesonge.fr\/index.php?rest_route=\/wp\/v2\/pages\/1026\/revisions\/1907"}],"wp:attachment":[{"href":"http:\/\/www.expliquesonge.fr\/index.php?rest_route=%2Fwp%2Fv2%2Fmedia&parent=1026"}],"curies":[{"name":"wp","href":"https:\/\/api.w.org\/{rel}","templated":true}]}}